{"id":25123,"date":"2021-06-07T07:37:23","date_gmt":"2021-06-07T07:37:23","guid":{"rendered":"https:\/\/www.certsign.ro\/?page_id=25123"},"modified":"2021-06-07T10:14:14","modified_gmt":"2021-06-07T10:14:14","slug":"nota-de-informare-gdpr-webinar-riscuri-beneficii-tipuri-de-semnatura-electronica","status":"publish","type":"page","link":"https:\/\/www.certsign.ro\/en\/nota-de-informare-gdpr-webinar-riscuri-beneficii-tipuri-de-semnatura-electronica\/","title":{"rendered":"Not\u0103 de informare GDPR. Webinar &#8220;Riscuri vs beneficii &#8211; tipuri de semn\u0103tur\u0103 electronic\u0103&#8221;"},"content":{"rendered":"<!DOCTYPE html PUBLIC \"-\/\/W3C\/\/DTD HTML 4.0 Transitional\/\/EN\" \"http:\/\/www.w3.org\/TR\/REC-html40\/loose.dtd\">\n<html><body><h1 style=\"display:none !important\">Not&#259; de informare GDPR. Webinar &ldquo;Riscuri vs beneficii &ndash; tipuri de semn&#259;tur&#259; electronic&#259;&rdquo;- certSIGN<\/h1><h2 style=\"display:none !important\">Not&#259; de informare GDPR. Webinar \"Riscuri vs beneficii &icirc;n utilizarea diverselor tipuri de semn&#259;tur&#259; electronic&#259;\"<\/h2><div data-elementor-type=\"wp-page\" data-elementor-id=\"25123\" class=\"elementor elementor-25123\" data-elementor-post-type=\"page\" id=\"main-page-content\"> <section class=\"elementor-section elementor-top-section elementor-element elementor-element-311b344 elementor-section-boxed elementor-section-height-default elementor-section-height-default\" data-id=\"311b344\" data-element_type=\"section\" data-e-type=\"section\" data-settings='{\"background_background\":\"gradient\"}'> <div class=\"elementor-container elementor-column-gap-default\"> <div class=\"elementor-column elementor-col-100 elementor-top-column elementor-element elementor-element-5a0f509\" data-id=\"5a0f509\" data-element_type=\"column\" data-e-type=\"column\" data-settings='{\"background_background\":\"classic\"}'> <div class=\"elementor-widget-wrap elementor-element-populated\"> <div class=\"elementor-background-overlay\"><\/div> <section class=\"elementor-section elementor-inner-section elementor-element elementor-element-3ac7dc6 elementor-section-height-min-height elementor-section-content-middle elementor-section-boxed elementor-section-height-default\" data-id=\"3ac7dc6\" data-element_type=\"section\" data-e-type=\"section\"> <div class=\"elementor-container elementor-column-gap-default\"> <div class=\"elementor-column elementor-col-100 elementor-inner-column elementor-element elementor-element-0ba3931\" data-id=\"0ba3931\" data-element_type=\"column\" data-e-type=\"column\"> <div class=\"elementor-widget-wrap elementor-element-populated\"> <div class=\"elementor-element elementor-element-764787e elementor-align-left elementor-widget__width-inherit elementor-absolute elementor-tablet-align-center elementor-mobile-align-center elementor-widget-tablet__width-inherit elementor-widget elementor-widget-breadcrumbs\" data-id=\"764787e\" data-element_type=\"widget\" data-e-type=\"widget\" data-settings='{\"_position\":\"absolute\"}' data-widget_type=\"breadcrumbs.default\"> <div class=\"elementor-widget-container\"> <nav id=\"breadcrumbs\"><span><span><a href=\"https:\/\/www.certsign.ro\/en\/\">Home<\/a><\/span><\/span><\/nav> <\/div> <\/div> <div class=\"elementor-element elementor-element-ee0915a elementor-widget elementor-widget-heading\" data-id=\"ee0915a\" data-element_type=\"widget\" data-e-type=\"widget\" data-widget_type=\"heading.default\"> <div class=\"elementor-widget-container\"> <h2 class=\"elementor-heading-title elementor-size-default\">Not&#259; de informare GDPR. Webinar &ldquo;Riscuri vs beneficii &ndash; tipuri de semn&#259;tur&#259; electronic&#259;&rdquo;<\/h2> <\/div> <\/div> <\/div> <\/div> <\/div> <\/section> <\/div> <\/div> <\/div> <\/section> <section class=\"elementor-section elementor-top-section elementor-element elementor-element-85203ef elementor-section-boxed elementor-section-height-default elementor-section-height-default\" data-id=\"85203ef\" data-element_type=\"section\" data-e-type=\"section\" data-settings='{\"background_background\":\"classic\"}'> <div class=\"elementor-container elementor-column-gap-default\"> <div class=\"elementor-column elementor-col-100 elementor-top-column elementor-element elementor-element-b5d6967\" data-id=\"b5d6967\" data-element_type=\"column\" data-e-type=\"column\"> <div class=\"elementor-widget-wrap elementor-element-populated\"> <div class=\"elementor-element elementor-element-e1ae327 elementor-widget elementor-widget-text-editor\" data-id=\"e1ae327\" data-element_type=\"widget\" data-e-type=\"widget\" data-widget_type=\"text-editor.default\"> <div class=\"elementor-widget-container\"> <p>CERTSIGN S.A. (denumit&#259; &icirc;n cele ce urmeaz&#259; &ldquo;certSIGN&rdquo;), cu sediul social &icirc;n Bucure&#351;ti, &#536;os. Olteni&#539;ei nr. 107 A, corp C1, et.1, camera 16, sector 4, &icirc;nregistrat&#259; la Registrul Comer&#355;ului sub nr. J40\/484\/17.01.2006, CUI 18288250, Telefon: 0311 011 870, Fax: 021 311 9905, E-mail: <a href=\"mailto:office@certsign.ro\">office@certsign.ro<\/a>, este operator de date cu caracter personal &#351;i &icirc;n aceast&#259; calitate suntem responsabili pentru modul &icirc;n care prelucr&#259;m datele dumneavoastr&#259; cu caracter personal &#351;i potrivit legisla&#539;iei privind protec&#539;ia datelor, suntem obliga&#355;i s&#259; v&#259; informam &icirc;n legatur&#259; cu aceste prelucr&#259;ri.<\/p><p><strong>Scopul &#351;i temeiul prelucr&#259;rii datelor cu caracter personal<\/strong><\/p><p>certSIGN prelucreaz&#259; datele dumneavoastr&#259; cu caracter personal pentru a v&#259; &icirc;nlesni participarea la webinarul &ldquo;Riscuri vs beneficii &icirc;n utilizarea diverselor tipuri de semn&#259;tur&#259; electronic&#259;&rdquo; organizat &icirc;n data de 10 iunie 2021, &icirc;n parteneriat cu Societatea Civil&#259; de Avoca&#539;i Stoica &amp;Asocia&#539;ii, &#537;i a v&#259; transmite &icirc;nregistrarea dezbaterii.<\/p><p>Temeiul juridic al prelucr&#259;rii &icirc;l constituie art. 6 alin. (1) lit. a) din GDPR, respectiv consim&#539;&#259;m&acirc;ntul dumneavoastr&#259; pentru prelucrarea datelor cu caracter personal &icirc;n scopul men&#539;ionat anterior, acordat prin &icirc;nscrierea la webinar.<\/p><p><strong>Categoriile de date cu caracter personal pe care le prelucr&#259;m<\/strong><\/p><p>Datele cu caracter personal pe care le prelucr&#259;m sunt urm&#259;toarele: nume, adresa de e-mail, num&#259;r de telefon, compania din care face&#539;i parte sau pe care o reprezenta&#539;i &#537;i func&#539;ia. &Icirc;n cazul &icirc;n care, &icirc;n timpul dezbaterii ve&#539;i dori s&#259; adresa&#539;i &icirc;ntreb&#259;ri verbal &#537;i ve&#539;i permite participan&#539;ilor s&#259; v&#259; vad&#259;, vom prelucra &#537;i vocea &#537;i imaginea dumneavoastr&#259;.<\/p><p><strong>Durata prelucr&#259;rii datelor cu caracter personal<\/strong><\/p><p>certSIGN va prelucra datele cu caracter personal p&acirc;n&#259; la finalizarea webinarului &#351;i transmiterea &icirc;nregistr&#259;rii dezbaterii, dup&#259; care datele personale vor fi &#351;terse, cu excep&#355;ia datelor care apar &icirc;n &icirc;nregistrarea dezbaterii pe care certSIGN le stocheaz&#259; pe o perioad&#259; de 1 an de la data evenimentului, &icirc;n scopul unor eventuale comunic&#259;ri pe temele dezb&#259;tute &icirc;n cadrul webinarului.<\/p><p><strong>Transmiterea datelor cu caracter personal c&#259;tre ter&#355;i<\/strong><\/p><p>certSIGN nu va transmite datele dumneavoastra c&#259;tre alte persoane, cu excep&#355;ia datelor care apar &icirc;n &icirc;nregistrarea dezbaterii ce va fi transmis&#259; tuturor participan&#355;ilor la webinar.<\/p><p><strong>Drepturile persoanei vizate<\/strong><\/p><p>&Icirc;n calitate de persoana vizat&#259;, ave&#539;i urm&#259;toarele drepturi prev&#259;zute de Regulamentul General privind Protec&#539;ia Datelor:<\/p><p><strong>Dreptul la informare:<\/strong> dreptul de a fi informat cu privire la identitatea &#537;i datele de contact ale operatorului &#537;i ale Responsabilului cu protec&#539;ia datelor, scopurile &icirc;n care se face prelucrarea datelor, categoriile de date cu caracter personal vizate, destinatarii datelor, existen&#539;a drepturilor prev&#259;zute de legisla&#539;ia privind protec&#539;ia datelor cu caracter personal pentru persoana vizat&#259; &#537;i condi&#539;iile &icirc;n care pot fi exercitate;<\/p><p><strong>Dreptul de acces la date:<\/strong> dreptul de a ob&#539;ine de la operatorul de date confirmarea faptului c&#259; datele cu caracter personal care v&#259; vizeaz&#259; sunt sau nu prelucrate de c&#259;tre acesta;<\/p><p><strong>Dreptul la rectificare:<\/strong> dreptul de a ob&#539;ine rectificarea datelor inexacte care v&#259; privesc, precum &#537;i completarea datelor incomplete;<\/p><p><strong>Dreptul la restric&#539;ionarea prelucr&#259;rii<\/strong> &icirc;n cazul &icirc;n care persoana vizat&#259; contest&#259; exactitatea datelor sau operatorul nu mai are nevoie de datele cu caracter personal &icirc;n scopul prelucr&#259;rii, dar persoana vizata i le solicita pentru exercitarea unui drept &icirc;n instan&#539;&#259;;<\/p><p><strong>Dreptul de a v&#259; retrage oric&acirc;nd consim&#539;&#259;m&acirc;ntul.<\/strong> &Icirc;n cazul &icirc;n care v&#259; ve&#539;i retrage consim&#539;&#259;m&acirc;ntul &icirc;nainte de data webinarului, nu ve&#539;i mai putea participa la webinarul organizat de certSIGN &#537;i nici nu ve&#539;i putea primi &icirc;nregistrarea acestuia;<\/p><p><strong>Dreptul la &#537;tergerea datelor<\/strong> &icirc;n cazul &icirc;n care datele nu mai sunt necesare pentru atingerea scopurilor;<\/p><p><strong>Dreptul la portabilitatea datelor furnizate<\/strong>;<\/p><p><strong>Dreptul de a v&#259; adresa ANSPDCP<\/strong> pentru ap&#259;rarea oric&#259;ror drepturi garantate de legisla&#539;ia aplicabil&#259; &icirc;n domeniul protec&#539;iei datelor cu caracter personal, care v-au fost &icirc;nc&#259;lcate.<\/p><p>Pentru exercitarea acestor drepturi, v&#259; pute&#539;i adresa cu o cerere scris&#259;, datat&#259; &#537;i semnat&#259;, transmis&#259; Departamentului Protec&#539;ia Datelor cu Caracter Personal certSIGN:<\/p><ul><li>adresa de email: <a href=\"mailto:dpd@certsign.ro\">dpd@certsign.ro<\/a><\/li><li>fax:(+4021) 3119905<\/li><li>bdul. Tudor Vladimirescu, nr. 29A, cl&#259;direa AFI Tech Parc 1, et.2, Bucure&#537;ti, sector 5.<\/li><\/ul><p>&Icirc;n cazul &icirc;n care ve&#539;i adresa o solicitare privind exercitarea drepturilor dumneavoastr&#259; privind protec&#539;ia datelor cu caracter personal, ve&#539;i primi r&#259;spuns &icirc;n termen de cel mult 30 de zile, &icirc;n condi&#539;iile prev&#259;zute de GDPR.<\/p> <\/div> <\/div> <\/div> <\/div> <\/div> <\/section> <\/div> <\/body><\/html>\n","protected":false},"excerpt":{"rendered":"<p>Not&#259; de informare GDPR. Webinar &ldquo;Riscuri vs beneficii &ndash; tipuri de semn&#259;tur&#259; electronic&#259;&rdquo;- certSIGN Not&#259; de informare GDPR. Webinar &ldquo;Riscuri vs beneficii &icirc;n utilizarea diverselor tipuri de semn&#259;tur&#259; electronic&#259;&rdquo; CERTSIGN S.A. (denumit&#259; &icirc;n cele ce urmeaz&#259; &ldquo;certSIGN&rdquo;), cu sediul social &icirc;n Bucure&#351;ti, &#536;os. Olteni&#539;ei nr. 107 A, corp C1, et.1, camera 16, sector 4, &icirc;nregistrat&#259; [&hellip;]<\/p>\n","protected":false},"author":8,"featured_media":0,"parent":0,"menu_order":0,"comment_status":"closed","ping_status":"closed","template":"elementor_header_footer","meta":{"_acf_changed":false,"inline_featured_image":false,"footnotes":""},"class_list":["post-25123","page","type-page","status-publish","hentry"],"acf":[],"yoast_head":"<!-- This site is optimized with the Yoast SEO plugin v27.5 - https:\/\/yoast.com\/product\/yoast-seo-wordpress\/ -->\n<title>Not\u0103 de informare GDPR. Webinar &quot;Riscuri vs beneficii - tipuri de semn\u0103tur\u0103 electronic\u0103&quot; - certSIGN<\/title>\n<meta name=\"description\" content=\"Not\u0103 de informare GDPR. Webinar &quot;Riscuri vs beneficii \u00een utilizarea diverselor tipuri de semn\u0103tur\u0103 electronic\u0103&quot;\" \/>\n<meta name=\"robots\" content=\"index, follow, max-snippet:-1, max-image-preview:large, max-video-preview:-1\" \/>\n<link rel=\"canonical\" href=\"https:\/\/www.certsign.ro\/en\/nota-de-informare-gdpr-webinar-riscuri-beneficii-tipuri-de-semnatura-electronica\/\" \/>\n<meta property=\"og:locale\" content=\"en_US\" \/>\n<meta property=\"og:type\" content=\"article\" \/>\n<meta property=\"og:title\" content=\"Not\u0103 de informare GDPR. Webinar &quot;Riscuri vs beneficii - tipuri de semn\u0103tur\u0103 electronic\u0103&quot; - certSIGN\" \/>\n<meta property=\"og:description\" content=\"Not\u0103 de informare GDPR. Webinar &quot;Riscuri vs beneficii \u00een utilizarea diverselor tipuri de semn\u0103tur\u0103 electronic\u0103&quot;\" \/>\n<meta property=\"og:url\" content=\"https:\/\/www.certsign.ro\/en\/nota-de-informare-gdpr-webinar-riscuri-beneficii-tipuri-de-semnatura-electronica\/\" \/>\n<meta property=\"og:site_name\" content=\"certSIGN\" \/>\n<meta property=\"article:modified_time\" content=\"2021-06-07T10:14:14+00:00\" \/>\n<meta name=\"twitter:card\" content=\"summary_large_image\" \/>\n<meta name=\"twitter:label1\" content=\"Est. reading time\" \/>\n\t<meta name=\"twitter:data1\" content=\"3 minutes\" \/>\n<script type=\"application\/ld+json\" class=\"yoast-schema-graph\">{\"@context\":\"https:\\\/\\\/schema.org\",\"@graph\":[{\"@type\":\"WebPage\",\"@id\":\"https:\\\/\\\/www.certsign.ro\\\/en\\\/nota-de-informare-gdpr-webinar-riscuri-beneficii-tipuri-de-semnatura-electronica\\\/\",\"url\":\"https:\\\/\\\/www.certsign.ro\\\/en\\\/nota-de-informare-gdpr-webinar-riscuri-beneficii-tipuri-de-semnatura-electronica\\\/\",\"name\":\"Not\u0103 de informare GDPR. Webinar \\\"Riscuri vs beneficii - tipuri de semn\u0103tur\u0103 electronic\u0103\\\" - certSIGN\",\"isPartOf\":{\"@id\":\"https:\\\/\\\/www.certsign.ro\\\/en\\\/#website\"},\"datePublished\":\"2021-06-07T07:37:23+00:00\",\"dateModified\":\"2021-06-07T10:14:14+00:00\",\"description\":\"Not\u0103 de informare GDPR. Webinar \\\"Riscuri vs beneficii \u00een utilizarea diverselor tipuri de semn\u0103tur\u0103 electronic\u0103\\\"\",\"breadcrumb\":{\"@id\":\"https:\\\/\\\/www.certsign.ro\\\/en\\\/nota-de-informare-gdpr-webinar-riscuri-beneficii-tipuri-de-semnatura-electronica\\\/#breadcrumb\"},\"inLanguage\":\"en-US\",\"potentialAction\":[{\"@type\":\"ReadAction\",\"target\":[\"https:\\\/\\\/www.certsign.ro\\\/en\\\/nota-de-informare-gdpr-webinar-riscuri-beneficii-tipuri-de-semnatura-electronica\\\/\"]}]},{\"@type\":\"BreadcrumbList\",\"@id\":\"https:\\\/\\\/www.certsign.ro\\\/en\\\/nota-de-informare-gdpr-webinar-riscuri-beneficii-tipuri-de-semnatura-electronica\\\/#breadcrumb\",\"itemListElement\":[{\"@type\":\"ListItem\",\"position\":1,\"name\":\"Home\",\"item\":\"https:\\\/\\\/www.certsign.ro\\\/en\\\/\"},{\"@type\":\"ListItem\",\"position\":2,\"name\":\"Not\u0103 de informare GDPR. Webinar &#8222;Riscuri vs beneficii &#8211; tipuri de semn\u0103tur\u0103 electronic\u0103&#8221;\"}]},{\"@type\":\"WebSite\",\"@id\":\"https:\\\/\\\/www.certsign.ro\\\/en\\\/#website\",\"url\":\"https:\\\/\\\/www.certsign.ro\\\/en\\\/\",\"name\":\"certSIGN\",\"description\":\"Prestator de servicii de \u00eencredere calificat\",\"publisher\":{\"@id\":\"https:\\\/\\\/www.certsign.ro\\\/en\\\/#organization\"},\"potentialAction\":[{\"@type\":\"SearchAction\",\"target\":{\"@type\":\"EntryPoint\",\"urlTemplate\":\"https:\\\/\\\/www.certsign.ro\\\/en\\\/?s={search_term_string}\"},\"query-input\":{\"@type\":\"PropertyValueSpecification\",\"valueRequired\":true,\"valueName\":\"search_term_string\"}}],\"inLanguage\":\"en-US\"},{\"@type\":\"Organization\",\"@id\":\"https:\\\/\\\/www.certsign.ro\\\/en\\\/#organization\",\"name\":\"certSIGN\",\"url\":\"https:\\\/\\\/www.certsign.ro\\\/en\\\/\",\"logo\":{\"@type\":\"ImageObject\",\"inLanguage\":\"en-US\",\"@id\":\"https:\\\/\\\/www.certsign.ro\\\/en\\\/#\\\/schema\\\/logo\\\/image\\\/\",\"url\":\"https:\\\/\\\/www.certsign.ro\\\/wp-content\\\/uploads\\\/2024\\\/02\\\/certsign-email-template-logo.png\",\"contentUrl\":\"https:\\\/\\\/www.certsign.ro\\\/wp-content\\\/uploads\\\/2024\\\/02\\\/certsign-email-template-logo.png\",\"width\":317,\"height\":66,\"caption\":\"certSIGN\"},\"image\":{\"@id\":\"https:\\\/\\\/www.certsign.ro\\\/en\\\/#\\\/schema\\\/logo\\\/image\\\/\"}}]}<\/script>\n<!-- \/ Yoast SEO plugin. -->","yoast_head_json":{"title":"Not\u0103 de informare GDPR. Webinar \"Riscuri vs beneficii - tipuri de semn\u0103tur\u0103 electronic\u0103\" - certSIGN","description":"Not\u0103 de informare GDPR. Webinar \"Riscuri vs beneficii \u00een utilizarea diverselor tipuri de semn\u0103tur\u0103 electronic\u0103\"","robots":{"index":"index","follow":"follow","max-snippet":"max-snippet:-1","max-image-preview":"max-image-preview:large","max-video-preview":"max-video-preview:-1"},"canonical":"https:\/\/www.certsign.ro\/en\/nota-de-informare-gdpr-webinar-riscuri-beneficii-tipuri-de-semnatura-electronica\/","og_locale":"en_US","og_type":"article","og_title":"Not\u0103 de informare GDPR. Webinar \"Riscuri vs beneficii - tipuri de semn\u0103tur\u0103 electronic\u0103\" - certSIGN","og_description":"Not\u0103 de informare GDPR. Webinar \"Riscuri vs beneficii \u00een utilizarea diverselor tipuri de semn\u0103tur\u0103 electronic\u0103\"","og_url":"https:\/\/www.certsign.ro\/en\/nota-de-informare-gdpr-webinar-riscuri-beneficii-tipuri-de-semnatura-electronica\/","og_site_name":"certSIGN","article_modified_time":"2021-06-07T10:14:14+00:00","twitter_card":"summary_large_image","twitter_misc":{"Est. reading time":"3 minutes"},"schema":{"@context":"https:\/\/schema.org","@graph":[{"@type":"WebPage","@id":"https:\/\/www.certsign.ro\/en\/nota-de-informare-gdpr-webinar-riscuri-beneficii-tipuri-de-semnatura-electronica\/","url":"https:\/\/www.certsign.ro\/en\/nota-de-informare-gdpr-webinar-riscuri-beneficii-tipuri-de-semnatura-electronica\/","name":"Not\u0103 de informare GDPR. Webinar \"Riscuri vs beneficii - tipuri de semn\u0103tur\u0103 electronic\u0103\" - certSIGN","isPartOf":{"@id":"https:\/\/www.certsign.ro\/en\/#website"},"datePublished":"2021-06-07T07:37:23+00:00","dateModified":"2021-06-07T10:14:14+00:00","description":"Not\u0103 de informare GDPR. Webinar \"Riscuri vs beneficii \u00een utilizarea diverselor tipuri de semn\u0103tur\u0103 electronic\u0103\"","breadcrumb":{"@id":"https:\/\/www.certsign.ro\/en\/nota-de-informare-gdpr-webinar-riscuri-beneficii-tipuri-de-semnatura-electronica\/#breadcrumb"},"inLanguage":"en-US","potentialAction":[{"@type":"ReadAction","target":["https:\/\/www.certsign.ro\/en\/nota-de-informare-gdpr-webinar-riscuri-beneficii-tipuri-de-semnatura-electronica\/"]}]},{"@type":"BreadcrumbList","@id":"https:\/\/www.certsign.ro\/en\/nota-de-informare-gdpr-webinar-riscuri-beneficii-tipuri-de-semnatura-electronica\/#breadcrumb","itemListElement":[{"@type":"ListItem","position":1,"name":"Home","item":"https:\/\/www.certsign.ro\/en\/"},{"@type":"ListItem","position":2,"name":"Not\u0103 de informare GDPR. Webinar &#8222;Riscuri vs beneficii &#8211; tipuri de semn\u0103tur\u0103 electronic\u0103&#8221;"}]},{"@type":"WebSite","@id":"https:\/\/www.certsign.ro\/en\/#website","url":"https:\/\/www.certsign.ro\/en\/","name":"certSIGN","description":"Prestator de servicii de \u00eencredere calificat","publisher":{"@id":"https:\/\/www.certsign.ro\/en\/#organization"},"potentialAction":[{"@type":"SearchAction","target":{"@type":"EntryPoint","urlTemplate":"https:\/\/www.certsign.ro\/en\/?s={search_term_string}"},"query-input":{"@type":"PropertyValueSpecification","valueRequired":true,"valueName":"search_term_string"}}],"inLanguage":"en-US"},{"@type":"Organization","@id":"https:\/\/www.certsign.ro\/en\/#organization","name":"certSIGN","url":"https:\/\/www.certsign.ro\/en\/","logo":{"@type":"ImageObject","inLanguage":"en-US","@id":"https:\/\/www.certsign.ro\/en\/#\/schema\/logo\/image\/","url":"https:\/\/www.certsign.ro\/wp-content\/uploads\/2024\/02\/certsign-email-template-logo.png","contentUrl":"https:\/\/www.certsign.ro\/wp-content\/uploads\/2024\/02\/certsign-email-template-logo.png","width":317,"height":66,"caption":"certSIGN"},"image":{"@id":"https:\/\/www.certsign.ro\/en\/#\/schema\/logo\/image\/"}}]}},"_links":{"self":[{"href":"https:\/\/www.certsign.ro\/en\/wp-json\/wp\/v2\/pages\/25123","targetHints":{"allow":["GET"]}}],"collection":[{"href":"https:\/\/www.certsign.ro\/en\/wp-json\/wp\/v2\/pages"}],"about":[{"href":"https:\/\/www.certsign.ro\/en\/wp-json\/wp\/v2\/types\/page"}],"author":[{"embeddable":true,"href":"https:\/\/www.certsign.ro\/en\/wp-json\/wp\/v2\/users\/8"}],"replies":[{"embeddable":true,"href":"https:\/\/www.certsign.ro\/en\/wp-json\/wp\/v2\/comments?post=25123"}],"version-history":[{"count":0,"href":"https:\/\/www.certsign.ro\/en\/wp-json\/wp\/v2\/pages\/25123\/revisions"}],"wp:attachment":[{"href":"https:\/\/www.certsign.ro\/en\/wp-json\/wp\/v2\/media?parent=25123"}],"curies":[{"name":"wp","href":"https:\/\/api.w.org\/{rel}","templated":true}]}}