{"id":28000,"date":"2022-05-04T07:11:56","date_gmt":"2022-05-04T07:11:56","guid":{"rendered":"https:\/\/www.certsign.ro\/?page_id=28000"},"modified":"2024-04-15T08:23:02","modified_gmt":"2024-04-15T08:23:02","slug":"obtinerea-documentului-de-confirmare-pentru-anaf-semnatura-electronica-la-distanta","status":"publish","type":"page","link":"https:\/\/www.certsign.ro\/en\/suport\/obtinerea-documentului-de-confirmare-pentru-anaf-semnatura-electronica-la-distanta\/","title":{"rendered":"Ob\u0163inerea documentului de confirmare pentru ANAF \u2013 semn\u0103tur\u0103 electronic\u0103 la distan\u0163\u0103"},"content":{"rendered":"<!DOCTYPE html PUBLIC \"-\/\/W3C\/\/DTD HTML 4.0 Transitional\/\/EN\" \"http:\/\/www.w3.org\/TR\/REC-html40\/loose.dtd\">\n<html><body><h2 style=\"display:none !important\">Informa&#355;ii suport privind ob&#355;inerea documentului de confirmare pentru ANAF &ndash; semn&#259;tur&#259; electronic&#259; la distan&#355;&#259;<\/h2><h1 style=\"display:none !important\">Ob&#355;inerea documentului de confirmare pentru ANAF &ndash; semn&#259;tur&#259; electronic&#259; la distan&#355;&#259;- certSIGN<\/h1><div data-elementor-type=\"wp-page\" data-elementor-id=\"28000\" class=\"elementor elementor-28000\" data-elementor-post-type=\"page\" id=\"main-page-content\"> <section class=\"elementor-section elementor-top-section elementor-element elementor-element-5ca2dc5 elementor-section-boxed elementor-section-height-default elementor-section-height-default\" data-id=\"5ca2dc5\" data-element_type=\"section\" data-e-type=\"section\" data-settings='{\"background_background\":\"gradient\"}'> <div class=\"elementor-container elementor-column-gap-default\"> <div class=\"elementor-column elementor-col-100 elementor-top-column elementor-element elementor-element-da9f19d\" data-id=\"da9f19d\" data-element_type=\"column\" data-e-type=\"column\" data-settings='{\"background_background\":\"classic\"}'> <div class=\"elementor-widget-wrap elementor-element-populated\"> <div class=\"elementor-background-overlay\"><\/div> <section class=\"elementor-section elementor-inner-section elementor-element elementor-element-ca42a4b elementor-section-height-min-height elementor-section-content-middle elementor-section-boxed elementor-section-height-default\" data-id=\"ca42a4b\" data-element_type=\"section\" data-e-type=\"section\"> <div class=\"elementor-container elementor-column-gap-default\"> <div class=\"elementor-column elementor-col-100 elementor-inner-column elementor-element elementor-element-dd5fc2c\" data-id=\"dd5fc2c\" data-element_type=\"column\" data-e-type=\"column\"> <div class=\"elementor-widget-wrap elementor-element-populated\"> <div class=\"elementor-element elementor-element-ec871f5 elementor-align-left elementor-widget__width-inherit elementor-absolute elementor-tablet-align-center elementor-mobile-align-center elementor-widget-tablet__width-inherit elementor-widget elementor-widget-breadcrumbs\" data-id=\"ec871f5\" data-element_type=\"widget\" data-e-type=\"widget\" data-settings='{\"_position\":\"absolute\"}' data-widget_type=\"breadcrumbs.default\"> <div class=\"elementor-widget-container\"> <nav id=\"breadcrumbs\"><span><span><a href=\"https:\/\/www.certsign.ro\/en\/\">Home<\/a><\/span><\/span><\/nav> <\/div> <\/div> <div class=\"elementor-element elementor-element-aea260c elementor-widget elementor-widget-heading\" data-id=\"aea260c\" data-element_type=\"widget\" data-e-type=\"widget\" data-widget_type=\"heading.default\"> <div class=\"elementor-widget-container\"> <h2 class=\"elementor-heading-title elementor-size-default\">Ob&#355;inerea documentului de confirmare pentru ANAF &ndash; semn&#259;tur&#259; electronic&#259; la distan&#355;&#259;<\/h2> <\/div> <\/div> <\/div> <\/div> <\/div> <\/section> <\/div> <\/div> <\/div> <\/section> <section class=\"elementor-section elementor-top-section elementor-element elementor-element-89fade2 elementor-section-boxed elementor-section-height-default elementor-section-height-default\" data-id=\"89fade2\" data-element_type=\"section\" data-e-type=\"section\"> <div class=\"elementor-container elementor-column-gap-default\"> <div class=\"elementor-column elementor-col-100 elementor-top-column elementor-element elementor-element-bf31e54\" data-id=\"bf31e54\" data-element_type=\"column\" data-e-type=\"column\"> <div class=\"elementor-widget-wrap elementor-element-populated\"> <section class=\"elementor-section elementor-inner-section elementor-element elementor-element-fce24e2 elementor-section-boxed elementor-section-height-default elementor-section-height-default\" data-id=\"fce24e2\" data-element_type=\"section\" data-e-type=\"section\"> <div class=\"elementor-container elementor-column-gap-default\"> <div class=\"elementor-column elementor-col-100 elementor-inner-column elementor-element elementor-element-62ed436\" data-id=\"62ed436\" data-element_type=\"column\" data-e-type=\"column\"> <div class=\"elementor-widget-wrap elementor-element-populated\"> <div class=\"elementor-element elementor-element-46d672b elementor-widget elementor-widget-text-editor\" data-id=\"46d672b\" data-element_type=\"widget\" data-e-type=\"widget\" data-widget_type=\"text-editor.default\"> <div class=\"elementor-widget-container\"> <p>&Icirc;n situa&#539;ia &icirc;n care de&#539;ine&#539;i un <strong>certificat calificat de semn&#259;tur&#259; electronic&#259; Paperless<\/strong>, pentru ob&#539;inerea documentului de confirmare trebuie:<\/p><ul><li>s&#259; instala&#539;i aplica&#539;ia Paperless vToken (disponibil&#259; doar pentru Windows SO), care aduce certificatul din cloud local pe calculatorul dumneavoastr&#259;;<\/li><li>s&#259; completa&#539;i &#537;i semna&#539;i documentul de confirmare local pe calculatorul dumneavoastr&#259;, folosind aplica&#355;ia Adobe Reader.<\/li><\/ul> <\/div> <\/div> <div class=\"elementor-element elementor-element-8bafc84 elementor-widget elementor-widget-text-editor\" data-id=\"8bafc84\" data-element_type=\"widget\" data-e-type=\"widget\" data-widget_type=\"text-editor.default\"> <div class=\"elementor-widget-container\"> <strong>1. Aplica&#539;ia Paperless vToken se poate downloada de pe unul dintre link-urile de mai jos, &icirc;n func&#539;ie de versiunea Windows SO (pe 32 sau 64 bi&#539;i):<\/strong> <ul> <li>pentru Windows pe 64 bi&#539;i &ndash; <a href=\"https:\/\/certsign.ro\/vToken\/vToken-x64.exe\">https:\/\/certsign.ro\/vToken\/vToken-x64.exe<\/a><\/li> <li>pentru Windows pe 32 bi&#539;i &ndash; <a href=\"https:\/\/certsign.ro\/vToken\/vToken-x86.exe\">https:\/\/certsign.ro\/vToken\/vToken-x86.exe<\/a><\/li> <\/ul> <\/div> <\/div> <div class=\"elementor-element elementor-element-2cb40b8 elementor-widget elementor-widget-text-editor\" data-id=\"2cb40b8\" data-element_type=\"widget\" data-e-type=\"widget\" data-widget_type=\"text-editor.default\"> <div class=\"elementor-widget-container\"> Dup&#259; instalare, accesa&#539;i aplica&#539;ia din shortcut-ul de pe desktop folosind user-ul &#537;i parola de la cloud webSIGN. <\/div> <\/div> <div class=\"elementor-element elementor-element-3112653 elementor-widget elementor-widget-text-editor\" data-id=\"3112653\" data-element_type=\"widget\" data-e-type=\"widget\" data-widget_type=\"text-editor.default\"> <div class=\"elementor-widget-container\"> La deschiderea aplica&#539;iei Paperless vToken, certificatul din cloud va fi importat automat &icirc;n store-ul de certificate al Windows-ului &#537;i va putea fi folosit la semnare documente &#537;i autentificare SSL. <\/div> <\/div> <div class=\"elementor-element elementor-element-56717a8 elementor-widget elementor-widget-text-editor\" data-id=\"56717a8\" data-element_type=\"widget\" data-e-type=\"widget\" data-widget_type=\"text-editor.default\"> <div class=\"elementor-widget-container\"> <strong>2. Dup&#259; ce deschide&#539;i aplica&#539;ia Paperless vToken, accesa&#539;i pagina <a href=\"http:\/\/confirmare.certsign.ro\/\" target=\"_blank\" rel=\"noopener\">confirmare.certsign.ro<\/a> &#537;i autentifica&#539;i-v&#259; cu certificatul digital calificat de semn&#259;tur&#259; electronic&#259; Paperless emis de certSIGN.<\/strong> <\/div> <\/div> <div class=\"elementor-element elementor-element-1152447 elementor-widget elementor-widget-text-editor\" data-id=\"1152447\" data-element_type=\"widget\" data-e-type=\"widget\" data-widget_type=\"text-editor.default\"> <div class=\"elementor-widget-container\"> Desc&#259;rca&#539;i documentul de confirmare precompletat cu datele dumneavoastr&#259;. Deschide&#539;i documentul cu aplica&#539;ia Adobe Reader, semna&#539;i-l electronic cu certificatul digital de la certSIGN, apoi &icirc;nc&#259;rca&#539;i-l &icirc;napoi pe confirmare.certsign.ro. <\/div> <\/div> <div class=\"elementor-element elementor-element-074240b elementor-widget elementor-widget-text-editor\" data-id=\"074240b\" data-element_type=\"widget\" data-e-type=\"widget\" data-widget_type=\"text-editor.default\"> <div class=\"elementor-widget-container\"> &Icirc;n mai pu&#539;in de 5 minute, documentul procesat va putea fi desc&#259;rcat din aceea&#537;i pagin&#259;. <\/div> <\/div> <\/div> <\/div> <\/div> <\/section> <\/div> <\/div> <\/div> <\/section> <\/div> <\/body><\/html>\n","protected":false},"excerpt":{"rendered":"<p>Informa&#355;ii suport privind ob&#355;inerea documentului de confirmare pentru ANAF &ndash; semn&#259;tur&#259; electronic&#259; la distan&#355;&#259; Ob&#355;inerea documentului de confirmare pentru ANAF &ndash; semn&#259;tur&#259; electronic&#259; la distan&#355;&#259;- certSIGN Ob&#355;inerea documentului de confirmare pentru ANAF &ndash; semn&#259;tur&#259; electronic&#259; la distan&#355;&#259; &Icirc;n situa&#539;ia &icirc;n care de&#539;ine&#539;i un certificat calificat de semn&#259;tur&#259; electronic&#259; Paperless, pentru ob&#539;inerea documentului de confirmare trebuie: [&hellip;]<\/p>\n","protected":false},"author":8,"featured_media":23557,"parent":117584,"menu_order":0,"comment_status":"closed","ping_status":"closed","template":"elementor_header_footer","meta":{"_acf_changed":false,"inline_featured_image":false,"footnotes":""},"class_list":["post-28000","page","type-page","status-publish","hentry"],"acf":[],"yoast_head":"<!-- This site is optimized with the Yoast SEO plugin v27.2 - https:\/\/yoast.com\/product\/yoast-seo-wordpress\/ -->\n<title>Ob\u0163inerea documentului de confirmare pentru ANAF \u2013 semn\u0103tur\u0103 electronic\u0103 la distan\u0163\u0103 - certSIGN<\/title>\n<meta name=\"description\" content=\"Informa\u0163ii suport privind ob\u0163inerea documentului de confirmare pentru ANAF \u2013 semn\u0103tur\u0103 electronic\u0103 la distan\u0163\u0103\" \/>\n<meta name=\"robots\" content=\"index, follow, max-snippet:-1, max-image-preview:large, max-video-preview:-1\" \/>\n<link rel=\"canonical\" href=\"https:\/\/www.certsign.ro\/en\/suport\/obtinerea-documentului-de-confirmare-pentru-anaf-semnatura-electronica-la-distanta\/\" \/>\n<meta property=\"og:locale\" content=\"en_US\" \/>\n<meta property=\"og:type\" content=\"article\" \/>\n<meta property=\"og:title\" content=\"Ob\u0163inerea documentului de confirmare pentru ANAF \u2013 semn\u0103tur\u0103 electronic\u0103 la distan\u0163\u0103 - certSIGN\" \/>\n<meta property=\"og:description\" content=\"Informa\u0163ii suport privind ob\u0163inerea documentului de confirmare pentru ANAF \u2013 semn\u0103tur\u0103 electronic\u0103 la distan\u0163\u0103\" \/>\n<meta property=\"og:url\" content=\"https:\/\/www.certsign.ro\/en\/suport\/obtinerea-documentului-de-confirmare-pentru-anaf-semnatura-electronica-la-distanta\/\" \/>\n<meta property=\"og:site_name\" content=\"certSIGN\" \/>\n<meta property=\"article:modified_time\" content=\"2024-04-15T08:23:02+00:00\" \/>\n<meta property=\"og:image\" content=\"https:\/\/www.certsign.ro\/wp-content\/uploads\/2021\/04\/Suport-institutii-publice_header.jpg\" \/>\n\t<meta property=\"og:image:width\" content=\"1391\" \/>\n\t<meta property=\"og:image:height\" content=\"375\" \/>\n\t<meta property=\"og:image:type\" content=\"image\/jpeg\" \/>\n<meta name=\"twitter:card\" content=\"summary_large_image\" \/>\n<meta name=\"twitter:label1\" content=\"Est. reading time\" \/>\n\t<meta name=\"twitter:data1\" content=\"2 minutes\" \/>\n<script type=\"application\/ld+json\" class=\"yoast-schema-graph\">{\"@context\":\"https:\/\/schema.org\",\"@graph\":[{\"@type\":\"WebPage\",\"@id\":\"https:\/\/www.certsign.ro\/en\/suport\/obtinerea-documentului-de-confirmare-pentru-anaf-semnatura-electronica-la-distanta\/\",\"url\":\"https:\/\/www.certsign.ro\/en\/suport\/obtinerea-documentului-de-confirmare-pentru-anaf-semnatura-electronica-la-distanta\/\",\"name\":\"Ob\u0163inerea documentului de confirmare pentru ANAF \u2013 semn\u0103tur\u0103 electronic\u0103 la distan\u0163\u0103 - certSIGN\",\"isPartOf\":{\"@id\":\"https:\/\/www.certsign.ro\/en\/#website\"},\"datePublished\":\"2022-05-04T07:11:56+00:00\",\"dateModified\":\"2024-04-15T08:23:02+00:00\",\"description\":\"Informa\u0163ii suport privind ob\u0163inerea documentului de confirmare pentru ANAF \u2013 semn\u0103tur\u0103 electronic\u0103 la distan\u0163\u0103\",\"breadcrumb\":{\"@id\":\"https:\/\/www.certsign.ro\/en\/suport\/obtinerea-documentului-de-confirmare-pentru-anaf-semnatura-electronica-la-distanta\/#breadcrumb\"},\"inLanguage\":\"en-US\",\"potentialAction\":[{\"@type\":\"ReadAction\",\"target\":[\"https:\/\/www.certsign.ro\/en\/suport\/obtinerea-documentului-de-confirmare-pentru-anaf-semnatura-electronica-la-distanta\/\"]}]},{\"@type\":\"BreadcrumbList\",\"@id\":\"https:\/\/www.certsign.ro\/en\/suport\/obtinerea-documentului-de-confirmare-pentru-anaf-semnatura-electronica-la-distanta\/#breadcrumb\",\"itemListElement\":[{\"@type\":\"ListItem\",\"position\":1,\"name\":\"Home\",\"item\":\"https:\/\/www.certsign.ro\/en\/\"},{\"@type\":\"ListItem\",\"position\":2,\"name\":\"Suport\",\"item\":\"https:\/\/www.certsign.ro\/en\/suport\/\"},{\"@type\":\"ListItem\",\"position\":3,\"name\":\"Ob\u0163inerea documentului de confirmare pentru ANAF \u2013 semn\u0103tur\u0103 electronic\u0103 la distan\u0163\u0103\"}]},{\"@type\":\"WebSite\",\"@id\":\"https:\/\/www.certsign.ro\/en\/#website\",\"url\":\"https:\/\/www.certsign.ro\/en\/\",\"name\":\"certSIGN\",\"description\":\"Prestator de servicii de \u00eencredere calificat\",\"publisher\":{\"@id\":\"https:\/\/www.certsign.ro\/en\/#organization\"},\"potentialAction\":[{\"@type\":\"SearchAction\",\"target\":{\"@type\":\"EntryPoint\",\"urlTemplate\":\"https:\/\/www.certsign.ro\/en\/?s={search_term_string}\"},\"query-input\":{\"@type\":\"PropertyValueSpecification\",\"valueRequired\":true,\"valueName\":\"search_term_string\"}}],\"inLanguage\":\"en-US\"},{\"@type\":\"Organization\",\"@id\":\"https:\/\/www.certsign.ro\/en\/#organization\",\"name\":\"certSIGN\",\"url\":\"https:\/\/www.certsign.ro\/en\/\",\"logo\":{\"@type\":\"ImageObject\",\"inLanguage\":\"en-US\",\"@id\":\"https:\/\/www.certsign.ro\/en\/#\/schema\/logo\/image\/\",\"url\":\"https:\/\/www.certsign.ro\/wp-content\/uploads\/2024\/02\/certsign-email-template-logo.png\",\"contentUrl\":\"https:\/\/www.certsign.ro\/wp-content\/uploads\/2024\/02\/certsign-email-template-logo.png\",\"width\":317,\"height\":66,\"caption\":\"certSIGN\"},\"image\":{\"@id\":\"https:\/\/www.certsign.ro\/en\/#\/schema\/logo\/image\/\"}}]}<\/script>\n<!-- \/ Yoast SEO plugin. -->","yoast_head_json":{"title":"Ob\u0163inerea documentului de confirmare pentru ANAF \u2013 semn\u0103tur\u0103 electronic\u0103 la distan\u0163\u0103 - certSIGN","description":"Informa\u0163ii suport privind ob\u0163inerea documentului de confirmare pentru ANAF \u2013 semn\u0103tur\u0103 electronic\u0103 la distan\u0163\u0103","robots":{"index":"index","follow":"follow","max-snippet":"max-snippet:-1","max-image-preview":"max-image-preview:large","max-video-preview":"max-video-preview:-1"},"canonical":"https:\/\/www.certsign.ro\/en\/suport\/obtinerea-documentului-de-confirmare-pentru-anaf-semnatura-electronica-la-distanta\/","og_locale":"en_US","og_type":"article","og_title":"Ob\u0163inerea documentului de confirmare pentru ANAF \u2013 semn\u0103tur\u0103 electronic\u0103 la distan\u0163\u0103 - certSIGN","og_description":"Informa\u0163ii suport privind ob\u0163inerea documentului de confirmare pentru ANAF \u2013 semn\u0103tur\u0103 electronic\u0103 la distan\u0163\u0103","og_url":"https:\/\/www.certsign.ro\/en\/suport\/obtinerea-documentului-de-confirmare-pentru-anaf-semnatura-electronica-la-distanta\/","og_site_name":"certSIGN","article_modified_time":"2024-04-15T08:23:02+00:00","og_image":[{"width":1391,"height":375,"url":"https:\/\/www.certsign.ro\/wp-content\/uploads\/2021\/04\/Suport-institutii-publice_header.jpg","type":"image\/jpeg"}],"twitter_card":"summary_large_image","twitter_misc":{"Est. reading time":"2 minutes"},"schema":{"@context":"https:\/\/schema.org","@graph":[{"@type":"WebPage","@id":"https:\/\/www.certsign.ro\/en\/suport\/obtinerea-documentului-de-confirmare-pentru-anaf-semnatura-electronica-la-distanta\/","url":"https:\/\/www.certsign.ro\/en\/suport\/obtinerea-documentului-de-confirmare-pentru-anaf-semnatura-electronica-la-distanta\/","name":"Ob\u0163inerea documentului de confirmare pentru ANAF \u2013 semn\u0103tur\u0103 electronic\u0103 la distan\u0163\u0103 - certSIGN","isPartOf":{"@id":"https:\/\/www.certsign.ro\/en\/#website"},"datePublished":"2022-05-04T07:11:56+00:00","dateModified":"2024-04-15T08:23:02+00:00","description":"Informa\u0163ii suport privind ob\u0163inerea documentului de confirmare pentru ANAF \u2013 semn\u0103tur\u0103 electronic\u0103 la distan\u0163\u0103","breadcrumb":{"@id":"https:\/\/www.certsign.ro\/en\/suport\/obtinerea-documentului-de-confirmare-pentru-anaf-semnatura-electronica-la-distanta\/#breadcrumb"},"inLanguage":"en-US","potentialAction":[{"@type":"ReadAction","target":["https:\/\/www.certsign.ro\/en\/suport\/obtinerea-documentului-de-confirmare-pentru-anaf-semnatura-electronica-la-distanta\/"]}]},{"@type":"BreadcrumbList","@id":"https:\/\/www.certsign.ro\/en\/suport\/obtinerea-documentului-de-confirmare-pentru-anaf-semnatura-electronica-la-distanta\/#breadcrumb","itemListElement":[{"@type":"ListItem","position":1,"name":"Home","item":"https:\/\/www.certsign.ro\/en\/"},{"@type":"ListItem","position":2,"name":"Suport","item":"https:\/\/www.certsign.ro\/en\/suport\/"},{"@type":"ListItem","position":3,"name":"Ob\u0163inerea documentului de confirmare pentru ANAF \u2013 semn\u0103tur\u0103 electronic\u0103 la distan\u0163\u0103"}]},{"@type":"WebSite","@id":"https:\/\/www.certsign.ro\/en\/#website","url":"https:\/\/www.certsign.ro\/en\/","name":"certSIGN","description":"Prestator de servicii de \u00eencredere calificat","publisher":{"@id":"https:\/\/www.certsign.ro\/en\/#organization"},"potentialAction":[{"@type":"SearchAction","target":{"@type":"EntryPoint","urlTemplate":"https:\/\/www.certsign.ro\/en\/?s={search_term_string}"},"query-input":{"@type":"PropertyValueSpecification","valueRequired":true,"valueName":"search_term_string"}}],"inLanguage":"en-US"},{"@type":"Organization","@id":"https:\/\/www.certsign.ro\/en\/#organization","name":"certSIGN","url":"https:\/\/www.certsign.ro\/en\/","logo":{"@type":"ImageObject","inLanguage":"en-US","@id":"https:\/\/www.certsign.ro\/en\/#\/schema\/logo\/image\/","url":"https:\/\/www.certsign.ro\/wp-content\/uploads\/2024\/02\/certsign-email-template-logo.png","contentUrl":"https:\/\/www.certsign.ro\/wp-content\/uploads\/2024\/02\/certsign-email-template-logo.png","width":317,"height":66,"caption":"certSIGN"},"image":{"@id":"https:\/\/www.certsign.ro\/en\/#\/schema\/logo\/image\/"}}]}},"_links":{"self":[{"href":"https:\/\/www.certsign.ro\/en\/wp-json\/wp\/v2\/pages\/28000","targetHints":{"allow":["GET"]}}],"collection":[{"href":"https:\/\/www.certsign.ro\/en\/wp-json\/wp\/v2\/pages"}],"about":[{"href":"https:\/\/www.certsign.ro\/en\/wp-json\/wp\/v2\/types\/page"}],"author":[{"embeddable":true,"href":"https:\/\/www.certsign.ro\/en\/wp-json\/wp\/v2\/users\/8"}],"replies":[{"embeddable":true,"href":"https:\/\/www.certsign.ro\/en\/wp-json\/wp\/v2\/comments?post=28000"}],"version-history":[{"count":3,"href":"https:\/\/www.certsign.ro\/en\/wp-json\/wp\/v2\/pages\/28000\/revisions"}],"predecessor-version":[{"id":32524,"href":"https:\/\/www.certsign.ro\/en\/wp-json\/wp\/v2\/pages\/28000\/revisions\/32524"}],"up":[{"embeddable":true,"href":"https:\/\/www.certsign.ro\/en\/wp-json\/wp\/v2\/pages\/117584"}],"wp:featuredmedia":[{"embeddable":true,"href":"https:\/\/www.certsign.ro\/en\/wp-json\/wp\/v2\/media\/23557"}],"wp:attachment":[{"href":"https:\/\/www.certsign.ro\/en\/wp-json\/wp\/v2\/media?parent=28000"}],"curies":[{"name":"wp","href":"https:\/\/api.w.org\/{rel}","templated":true}]}}