{"id":32894,"date":"2023-12-19T09:12:20","date_gmt":"2023-12-19T09:12:20","guid":{"rendered":"https:\/\/www.certsign.ro\/?page_id=32894"},"modified":"2024-04-15T08:21:48","modified_gmt":"2024-04-15T08:21:48","slug":"exportarea-certificatului-digital-in-format-cer","status":"publish","type":"page","link":"https:\/\/www.certsign.ro\/en\/suport\/exportarea-certificatului-digital-in-format-cer\/","title":{"rendered":"Exportarea certificatului digital \u00een format .cer"},"content":{"rendered":"<!DOCTYPE html PUBLIC \"-\/\/W3C\/\/DTD HTML 4.0 Transitional\/\/EN\" \"http:\/\/www.w3.org\/TR\/REC-html40\/loose.dtd\">\n<html><body><h2 style=\"display:none !important\">Informa&#355;ii suport privind exportarea certificatului digital &icirc;n format .cer<\/h2><h1 style=\"display:none !important\">Exportarea certificatului digital &icirc;n format .cer- certSIGN<\/h1><div data-elementor-type=\"wp-page\" data-elementor-id=\"32894\" class=\"elementor elementor-32894\" data-elementor-post-type=\"page\" id=\"main-page-content\"> <section class=\"elementor-section elementor-top-section elementor-element elementor-element-5ca2dc5 elementor-section-boxed elementor-section-height-default elementor-section-height-default\" data-id=\"5ca2dc5\" data-element_type=\"section\" data-e-type=\"section\" data-settings='{\"background_background\":\"gradient\"}'> <div class=\"elementor-container elementor-column-gap-default\"> <div class=\"elementor-column elementor-col-100 elementor-top-column elementor-element elementor-element-da9f19d\" data-id=\"da9f19d\" data-element_type=\"column\" data-e-type=\"column\" data-settings='{\"background_background\":\"classic\"}'> <div class=\"elementor-widget-wrap elementor-element-populated\"> <div class=\"elementor-background-overlay\"><\/div> <section class=\"elementor-section elementor-inner-section elementor-element elementor-element-ca42a4b elementor-section-height-min-height elementor-section-content-middle elementor-section-boxed elementor-section-height-default\" data-id=\"ca42a4b\" data-element_type=\"section\" data-e-type=\"section\"> <div class=\"elementor-container elementor-column-gap-default\"> <div class=\"elementor-column elementor-col-100 elementor-inner-column elementor-element elementor-element-dd5fc2c\" data-id=\"dd5fc2c\" data-element_type=\"column\" data-e-type=\"column\"> <div class=\"elementor-widget-wrap elementor-element-populated\"> <div class=\"elementor-element elementor-element-ec871f5 elementor-align-left elementor-widget__width-inherit elementor-absolute elementor-tablet-align-center elementor-mobile-align-center elementor-widget-tablet__width-inherit elementor-widget elementor-widget-breadcrumbs\" data-id=\"ec871f5\" data-element_type=\"widget\" data-e-type=\"widget\" data-settings='{\"_position\":\"absolute\"}' data-widget_type=\"breadcrumbs.default\"> <div class=\"elementor-widget-container\"> <nav id=\"breadcrumbs\"><span><span><a href=\"https:\/\/www.certsign.ro\/en\/\">Home<\/a><\/span><\/span><\/nav> <\/div> <\/div> <div class=\"elementor-element elementor-element-aea260c elementor-widget elementor-widget-heading\" data-id=\"aea260c\" data-element_type=\"widget\" data-e-type=\"widget\" data-widget_type=\"heading.default\"> <div class=\"elementor-widget-container\"> <h2 class=\"elementor-heading-title elementor-size-default\">Exportarea certificatului digital &icirc;n format .cer<\/h2> <\/div> <\/div> <\/div> <\/div> <\/div> <\/section> <\/div> <\/div> <\/div> <\/section> <section class=\"elementor-section elementor-top-section elementor-element elementor-element-619adfb elementor-section-boxed elementor-section-height-default elementor-section-height-default\" data-id=\"619adfb\" data-element_type=\"section\" data-e-type=\"section\"> <div class=\"elementor-container elementor-column-gap-default\"> <div class=\"elementor-column elementor-col-100 elementor-top-column elementor-element elementor-element-6aa6d97\" data-id=\"6aa6d97\" data-element_type=\"column\" data-e-type=\"column\"> <div class=\"elementor-widget-wrap elementor-element-populated\"> <section class=\"elementor-section elementor-inner-section elementor-element elementor-element-8b77358 elementor-section-boxed elementor-section-height-default elementor-section-height-default\" data-id=\"8b77358\" data-element_type=\"section\" data-e-type=\"section\"> <div class=\"elementor-container elementor-column-gap-default\"> <div class=\"elementor-column elementor-col-100 elementor-inner-column elementor-element elementor-element-4ef6445\" data-id=\"4ef6445\" data-element_type=\"column\" data-e-type=\"column\"> <div class=\"elementor-widget-wrap elementor-element-populated\"> <div class=\"elementor-element elementor-element-e89805f elementor-widget elementor-widget-text-editor\" data-id=\"e89805f\" data-element_type=\"widget\" data-e-type=\"widget\" data-widget_type=\"text-editor.default\"> <div class=\"elementor-widget-container\"> <strong>NOT&#258;: Certificatul poate fi exportat doar dac&#259; este instalat&#259; aplica&#539;ia de management \/ deschis&#259; aplica&#539;ia Paperless vToken pe calculatorul pe care folosi&#539;i tokenul fizic \/ la distan&#539;&#259;.<\/strong> <\/div> <\/div> <div class=\"elementor-element elementor-element-6c5f39b elementor-widget elementor-widget-text-editor\" data-id=\"6c5f39b\" data-element_type=\"widget\" data-e-type=\"widget\" data-widget_type=\"text-editor.default\"> <div class=\"elementor-widget-container\"> 1. Accesa&#539;i <strong>run<\/strong> sau <strong>bara de search<\/strong> &#537;i scrie&#539;i <strong>inetcpl.cpl<\/strong> pentru a deschide op&#539;iunile de internet. <\/div> <\/div> <div class=\"elementor-element elementor-element-a04bd9a elementor-widget elementor-widget-image\" data-id=\"a04bd9a\" data-element_type=\"widget\" data-e-type=\"widget\" data-widget_type=\"image.default\"> <div class=\"elementor-widget-container\"> <img fetchpriority=\"high\" decoding=\"async\" width=\"415\" height=\"539\" src=\"https:\/\/www.certsign.ro\/wp-content\/uploads\/2022\/10\/deschidere_op_internet.jpg\" class=\"attachment-full size-full wp-image-29263\" alt=\"\" srcset=\"https:\/\/www.certsign.ro\/wp-content\/uploads\/2022\/10\/deschidere_op_internet.jpg 415w, https:\/\/www.certsign.ro\/wp-content\/uploads\/2022\/10\/deschidere_op_internet-308x400.jpg 308w, https:\/\/www.certsign.ro\/wp-content\/uploads\/2022\/10\/deschidere_op_internet-115x150.jpg 115w\" sizes=\"(max-width: 415px) 100vw, 415px\"> <\/div> <\/div> <div class=\"elementor-element elementor-element-c3e5388 elementor-widget elementor-widget-text-editor\" data-id=\"c3e5388\" data-element_type=\"widget\" data-e-type=\"widget\" data-widget_type=\"text-editor.default\"> <div class=\"elementor-widget-container\"> 2. Din fereastra care se deschide, selecta&#539;i fila <strong>Content<\/strong> &#537;i efectua&#539;i click pe butonul <strong>Certificates<\/strong>. <\/div> <\/div> <div class=\"elementor-element elementor-element-0e47392 elementor-widget elementor-widget-image\" data-id=\"0e47392\" data-element_type=\"widget\" data-e-type=\"widget\" data-widget_type=\"image.default\"> <div class=\"elementor-widget-container\"> <img decoding=\"async\" width=\"423\" height=\"541\" src=\"https:\/\/www.certsign.ro\/wp-content\/uploads\/2021\/04\/inregistrare-forexebug-2.jpg\" class=\"attachment-full size-full wp-image-23634\" alt=\"\" srcset=\"https:\/\/www.certsign.ro\/wp-content\/uploads\/2021\/04\/inregistrare-forexebug-2.jpg 423w, https:\/\/www.certsign.ro\/wp-content\/uploads\/2021\/04\/inregistrare-forexebug-2-313x400.jpg 313w, https:\/\/www.certsign.ro\/wp-content\/uploads\/2021\/04\/inregistrare-forexebug-2-117x150.jpg 117w\" sizes=\"(max-width: 423px) 100vw, 423px\"> <\/div> <\/div> <div class=\"elementor-element elementor-element-d4adb2f elementor-widget elementor-widget-text-editor\" data-id=\"d4adb2f\" data-element_type=\"widget\" data-e-type=\"widget\" data-widget_type=\"text-editor.default\"> <div class=\"elementor-widget-container\"> 3. Din urm&#259;toarea fereastr&#259;, selecta&#539;i certificatul digital pe care dori&#539;i s&#259; &icirc;l exporta&#539;i &#537;i efectua&#539;i click pe butonul <strong>Export&hellip;<\/strong>.Dac&#259; ave&#539;i mai multe certificate, selecta&#539;i-l pe cel emis de <strong>certSIGN Qualified CA<\/strong>. <\/div> <\/div> <div class=\"elementor-element elementor-element-3bb56e4 elementor-widget elementor-widget-image\" data-id=\"3bb56e4\" data-element_type=\"widget\" data-e-type=\"widget\" data-widget_type=\"image.default\"> <div class=\"elementor-widget-container\"> <img decoding=\"async\" width=\"516\" height=\"474\" src=\"https:\/\/www.certsign.ro\/wp-content\/uploads\/2021\/04\/inregistrare-forexebug-3.jpg\" class=\"attachment-full size-full wp-image-23636\" alt=\"\" srcset=\"https:\/\/www.certsign.ro\/wp-content\/uploads\/2021\/04\/inregistrare-forexebug-3.jpg 516w, https:\/\/www.certsign.ro\/wp-content\/uploads\/2021\/04\/inregistrare-forexebug-3-400x367.jpg 400w, https:\/\/www.certsign.ro\/wp-content\/uploads\/2021\/04\/inregistrare-forexebug-3-150x138.jpg 150w\" sizes=\"(max-width: 516px) 100vw, 516px\"> <\/div> <\/div> <div class=\"elementor-element elementor-element-a3452f6 elementor-widget elementor-widget-text-editor\" data-id=\"a3452f6\" data-element_type=\"widget\" data-e-type=\"widget\" data-widget_type=\"text-editor.default\"> <div class=\"elementor-widget-container\"> 4. &Icirc;n fereastra care se deschide, efectua&#539;i click pe butonul <strong>Next<\/strong>. Proceda&#539;i la fel &#537;i &icirc;n urm&#259;toarele dou&#259; ferestre. <\/div> <\/div> <div class=\"elementor-element elementor-element-e7a9662 elementor-widget elementor-widget-image\" data-id=\"e7a9662\" data-element_type=\"widget\" data-e-type=\"widget\" data-widget_type=\"image.default\"> <div class=\"elementor-widget-container\"> <img loading=\"lazy\" decoding=\"async\" width=\"1629\" height=\"466\" src=\"https:\/\/www.certsign.ro\/wp-content\/uploads\/2021\/04\/inregistrare-forexebug-4.jpg\" class=\"attachment-full size-full wp-image-23638\" alt=\"\" srcset=\"https:\/\/www.certsign.ro\/wp-content\/uploads\/2021\/04\/inregistrare-forexebug-4.jpg 1629w, https:\/\/www.certsign.ro\/wp-content\/uploads\/2021\/04\/inregistrare-forexebug-4-400x114.jpg 400w, https:\/\/www.certsign.ro\/wp-content\/uploads\/2021\/04\/inregistrare-forexebug-4-1024x293.jpg 1024w, https:\/\/www.certsign.ro\/wp-content\/uploads\/2021\/04\/inregistrare-forexebug-4-150x43.jpg 150w, https:\/\/www.certsign.ro\/wp-content\/uploads\/2021\/04\/inregistrare-forexebug-4-768x220.jpg 768w, https:\/\/www.certsign.ro\/wp-content\/uploads\/2021\/04\/inregistrare-forexebug-4-1536x439.jpg 1536w\" sizes=\"(max-width: 1629px) 100vw, 1629px\"> <\/div> <\/div> <div class=\"elementor-element elementor-element-39559b6 elementor-widget elementor-widget-text-editor\" data-id=\"39559b6\" data-element_type=\"widget\" data-e-type=\"widget\" data-widget_type=\"text-editor.default\"> <div class=\"elementor-widget-container\"> 5. &Icirc;n c&acirc;mpul <strong>File name<\/strong>, scrie&#539;i numele pe care &icirc;l va avea certificatul exportat &#537;i efectua&#539;i click pe butonul <strong>Browse&hellip;<\/strong>(pute&#539;i folosi inclusiv un nume de forma <strong>Prenume-Nume<\/strong>. <\/div> <\/div> <div class=\"elementor-element elementor-element-1ea2d35 elementor-widget elementor-widget-image\" data-id=\"1ea2d35\" data-element_type=\"widget\" data-e-type=\"widget\" data-widget_type=\"image.default\"> <div class=\"elementor-widget-container\"> <img loading=\"lazy\" decoding=\"async\" width=\"513\" height=\"466\" src=\"https:\/\/www.certsign.ro\/wp-content\/uploads\/2021\/04\/inregistrare-forexebug-5.jpg\" class=\"attachment-full size-full wp-image-23640\" alt=\"\" srcset=\"https:\/\/www.certsign.ro\/wp-content\/uploads\/2021\/04\/inregistrare-forexebug-5.jpg 513w, https:\/\/www.certsign.ro\/wp-content\/uploads\/2021\/04\/inregistrare-forexebug-5-400x363.jpg 400w, https:\/\/www.certsign.ro\/wp-content\/uploads\/2021\/04\/inregistrare-forexebug-5-150x136.jpg 150w\" sizes=\"(max-width: 513px) 100vw, 513px\"> <\/div> <\/div> <div class=\"elementor-element elementor-element-26817bf elementor-widget elementor-widget-text-editor\" data-id=\"26817bf\" data-element_type=\"widget\" data-e-type=\"widget\" data-widget_type=\"text-editor.default\"> <div class=\"elementor-widget-container\"> 6. Din fereastra care apare pe ecran, selecta&#539;i locul de pe calculator unde se va exporta certificatul &#537;i efectua&#539;i click pe <strong>Save<\/strong>. <\/div> <\/div> <div class=\"elementor-element elementor-element-cfad59a elementor-widget elementor-widget-image\" data-id=\"cfad59a\" data-element_type=\"widget\" data-e-type=\"widget\" data-widget_type=\"image.default\"> <div class=\"elementor-widget-container\"> <img loading=\"lazy\" decoding=\"async\" width=\"640\" height=\"512\" src=\"https:\/\/www.certsign.ro\/wp-content\/uploads\/2021\/04\/inregistrare-forexebug-6.jpg\" class=\"attachment-full size-full wp-image-23642\" alt=\"\" srcset=\"https:\/\/www.certsign.ro\/wp-content\/uploads\/2021\/04\/inregistrare-forexebug-6.jpg 640w, https:\/\/www.certsign.ro\/wp-content\/uploads\/2021\/04\/inregistrare-forexebug-6-400x320.jpg 400w, https:\/\/www.certsign.ro\/wp-content\/uploads\/2021\/04\/inregistrare-forexebug-6-150x120.jpg 150w\" sizes=\"(max-width: 640px) 100vw, 640px\"> <\/div> <\/div> <div class=\"elementor-element elementor-element-0067704 elementor-widget elementor-widget-text-editor\" data-id=\"0067704\" data-element_type=\"widget\" data-e-type=\"widget\" data-widget_type=\"text-editor.default\"> <div class=\"elementor-widget-container\"> 7. Certificatul &icirc;n format <strong>.cer<\/strong> va fi disponibil la adresa pe care a&#539;i ales-o la pasul anterior. <\/div> <\/div> <div class=\"elementor-element elementor-element-c355691 elementor-widget elementor-widget-image\" data-id=\"c355691\" data-element_type=\"widget\" data-e-type=\"widget\" data-widget_type=\"image.default\"> <div class=\"elementor-widget-container\"> <img loading=\"lazy\" decoding=\"async\" width=\"528\" height=\"307\" src=\"https:\/\/www.certsign.ro\/wp-content\/uploads\/2021\/04\/inregistrare-forexebug-7.jpg\" class=\"attachment-full size-full wp-image-23644\" alt=\"\" srcset=\"https:\/\/www.certsign.ro\/wp-content\/uploads\/2021\/04\/inregistrare-forexebug-7.jpg 528w, https:\/\/www.certsign.ro\/wp-content\/uploads\/2021\/04\/inregistrare-forexebug-7-400x233.jpg 400w, https:\/\/www.certsign.ro\/wp-content\/uploads\/2021\/04\/inregistrare-forexebug-7-150x87.jpg 150w\" sizes=\"(max-width: 528px) 100vw, 528px\"> <\/div> <\/div> <\/div> <\/div> <\/div> <\/section> <\/div> <\/div> <\/div> <\/section> <\/div> <\/body><\/html>\n","protected":false},"excerpt":{"rendered":"<p>Informa&#355;ii suport privind exportarea certificatului digital &icirc;n format .cer Exportarea certificatului digital &icirc;n format .cer- certSIGN Exportarea certificatului digital &icirc;n format .cer NOT&#258;: Certificatul poate fi exportat doar dac&#259; este instalat&#259; aplica&#539;ia de management \/ deschis&#259; aplica&#539;ia Paperless vToken pe calculatorul pe care folosi&#539;i tokenul fizic \/ la distan&#539;&#259;.1. Accesa&#539;i run sau bara de search [&hellip;]<\/p>\n","protected":false},"author":8,"featured_media":23557,"parent":117584,"menu_order":0,"comment_status":"closed","ping_status":"closed","template":"elementor_header_footer","meta":{"_acf_changed":false,"inline_featured_image":false,"footnotes":""},"class_list":["post-32894","page","type-page","status-publish","hentry"],"acf":[],"yoast_head":"<!-- This site is optimized with the Yoast SEO plugin v27.2 - https:\/\/yoast.com\/product\/yoast-seo-wordpress\/ -->\n<title>Exportarea certificatului digital \u00een format .cer - certSIGN<\/title>\n<meta name=\"description\" content=\"Informa\u0163ii suport privind exportarea certificatului digital \u00een format .cer\" \/>\n<meta name=\"robots\" content=\"index, follow, max-snippet:-1, max-image-preview:large, max-video-preview:-1\" \/>\n<link rel=\"canonical\" href=\"https:\/\/www.certsign.ro\/en\/suport\/exportarea-certificatului-digital-in-format-cer\/\" \/>\n<meta property=\"og:locale\" content=\"en_US\" \/>\n<meta property=\"og:type\" content=\"article\" \/>\n<meta property=\"og:title\" content=\"Exportarea certificatului digital \u00een format .cer - certSIGN\" \/>\n<meta property=\"og:description\" content=\"Informa\u0163ii suport privind exportarea certificatului digital \u00een format .cer\" \/>\n<meta property=\"og:url\" content=\"https:\/\/www.certsign.ro\/en\/suport\/exportarea-certificatului-digital-in-format-cer\/\" \/>\n<meta property=\"og:site_name\" content=\"certSIGN\" \/>\n<meta property=\"article:modified_time\" content=\"2024-04-15T08:21:48+00:00\" \/>\n<meta property=\"og:image\" content=\"https:\/\/www.certsign.ro\/wp-content\/uploads\/2021\/04\/Suport-institutii-publice_header.jpg\" \/>\n\t<meta property=\"og:image:width\" content=\"1391\" \/>\n\t<meta property=\"og:image:height\" content=\"375\" \/>\n\t<meta property=\"og:image:type\" content=\"image\/jpeg\" \/>\n<meta name=\"twitter:card\" content=\"summary_large_image\" \/>\n<meta name=\"twitter:label1\" content=\"Est. reading time\" \/>\n\t<meta name=\"twitter:data1\" content=\"3 minutes\" \/>\n<script type=\"application\/ld+json\" class=\"yoast-schema-graph\">{\"@context\":\"https:\/\/schema.org\",\"@graph\":[{\"@type\":\"WebPage\",\"@id\":\"https:\/\/www.certsign.ro\/en\/suport\/exportarea-certificatului-digital-in-format-cer\/\",\"url\":\"https:\/\/www.certsign.ro\/en\/suport\/exportarea-certificatului-digital-in-format-cer\/\",\"name\":\"Exportarea certificatului digital \u00een format .cer - certSIGN\",\"isPartOf\":{\"@id\":\"https:\/\/www.certsign.ro\/en\/#website\"},\"primaryImageOfPage\":{\"@id\":\"https:\/\/www.certsign.ro\/en\/suport\/exportarea-certificatului-digital-in-format-cer\/#primaryimage\"},\"image\":{\"@id\":\"https:\/\/www.certsign.ro\/en\/suport\/exportarea-certificatului-digital-in-format-cer\/#primaryimage\"},\"thumbnailUrl\":\"https:\/\/www.certsign.ro\/wp-content\/uploads\/2022\/10\/deschidere_op_internet.jpg\",\"datePublished\":\"2023-12-19T09:12:20+00:00\",\"dateModified\":\"2024-04-15T08:21:48+00:00\",\"description\":\"Informa\u0163ii suport privind exportarea certificatului digital \u00een format .cer\",\"breadcrumb\":{\"@id\":\"https:\/\/www.certsign.ro\/en\/suport\/exportarea-certificatului-digital-in-format-cer\/#breadcrumb\"},\"inLanguage\":\"en-US\",\"potentialAction\":[{\"@type\":\"ReadAction\",\"target\":[\"https:\/\/www.certsign.ro\/en\/suport\/exportarea-certificatului-digital-in-format-cer\/\"]}]},{\"@type\":\"ImageObject\",\"inLanguage\":\"en-US\",\"@id\":\"https:\/\/www.certsign.ro\/en\/suport\/exportarea-certificatului-digital-in-format-cer\/#primaryimage\",\"url\":\"https:\/\/www.certsign.ro\/wp-content\/uploads\/2022\/10\/deschidere_op_internet.jpg\",\"contentUrl\":\"https:\/\/www.certsign.ro\/wp-content\/uploads\/2022\/10\/deschidere_op_internet.jpg\"},{\"@type\":\"BreadcrumbList\",\"@id\":\"https:\/\/www.certsign.ro\/en\/suport\/exportarea-certificatului-digital-in-format-cer\/#breadcrumb\",\"itemListElement\":[{\"@type\":\"ListItem\",\"position\":1,\"name\":\"Home\",\"item\":\"https:\/\/www.certsign.ro\/en\/\"},{\"@type\":\"ListItem\",\"position\":2,\"name\":\"Suport\",\"item\":\"https:\/\/www.certsign.ro\/en\/suport\/\"},{\"@type\":\"ListItem\",\"position\":3,\"name\":\"Exportarea certificatului digital \u00een format .cer\"}]},{\"@type\":\"WebSite\",\"@id\":\"https:\/\/www.certsign.ro\/en\/#website\",\"url\":\"https:\/\/www.certsign.ro\/en\/\",\"name\":\"certSIGN\",\"description\":\"Prestator de servicii de \u00eencredere calificat\",\"publisher\":{\"@id\":\"https:\/\/www.certsign.ro\/en\/#organization\"},\"potentialAction\":[{\"@type\":\"SearchAction\",\"target\":{\"@type\":\"EntryPoint\",\"urlTemplate\":\"https:\/\/www.certsign.ro\/en\/?s={search_term_string}\"},\"query-input\":{\"@type\":\"PropertyValueSpecification\",\"valueRequired\":true,\"valueName\":\"search_term_string\"}}],\"inLanguage\":\"en-US\"},{\"@type\":\"Organization\",\"@id\":\"https:\/\/www.certsign.ro\/en\/#organization\",\"name\":\"certSIGN\",\"url\":\"https:\/\/www.certsign.ro\/en\/\",\"logo\":{\"@type\":\"ImageObject\",\"inLanguage\":\"en-US\",\"@id\":\"https:\/\/www.certsign.ro\/en\/#\/schema\/logo\/image\/\",\"url\":\"https:\/\/www.certsign.ro\/wp-content\/uploads\/2024\/02\/certsign-email-template-logo.png\",\"contentUrl\":\"https:\/\/www.certsign.ro\/wp-content\/uploads\/2024\/02\/certsign-email-template-logo.png\",\"width\":317,\"height\":66,\"caption\":\"certSIGN\"},\"image\":{\"@id\":\"https:\/\/www.certsign.ro\/en\/#\/schema\/logo\/image\/\"}}]}<\/script>\n<!-- \/ Yoast SEO plugin. -->","yoast_head_json":{"title":"Exportarea certificatului digital \u00een format .cer - certSIGN","description":"Informa\u0163ii suport privind exportarea certificatului digital \u00een format .cer","robots":{"index":"index","follow":"follow","max-snippet":"max-snippet:-1","max-image-preview":"max-image-preview:large","max-video-preview":"max-video-preview:-1"},"canonical":"https:\/\/www.certsign.ro\/en\/suport\/exportarea-certificatului-digital-in-format-cer\/","og_locale":"en_US","og_type":"article","og_title":"Exportarea certificatului digital \u00een format .cer - certSIGN","og_description":"Informa\u0163ii suport privind exportarea certificatului digital \u00een format .cer","og_url":"https:\/\/www.certsign.ro\/en\/suport\/exportarea-certificatului-digital-in-format-cer\/","og_site_name":"certSIGN","article_modified_time":"2024-04-15T08:21:48+00:00","og_image":[{"width":1391,"height":375,"url":"https:\/\/www.certsign.ro\/wp-content\/uploads\/2021\/04\/Suport-institutii-publice_header.jpg","type":"image\/jpeg"}],"twitter_card":"summary_large_image","twitter_misc":{"Est. reading time":"3 minutes"},"schema":{"@context":"https:\/\/schema.org","@graph":[{"@type":"WebPage","@id":"https:\/\/www.certsign.ro\/en\/suport\/exportarea-certificatului-digital-in-format-cer\/","url":"https:\/\/www.certsign.ro\/en\/suport\/exportarea-certificatului-digital-in-format-cer\/","name":"Exportarea certificatului digital \u00een format .cer - certSIGN","isPartOf":{"@id":"https:\/\/www.certsign.ro\/en\/#website"},"primaryImageOfPage":{"@id":"https:\/\/www.certsign.ro\/en\/suport\/exportarea-certificatului-digital-in-format-cer\/#primaryimage"},"image":{"@id":"https:\/\/www.certsign.ro\/en\/suport\/exportarea-certificatului-digital-in-format-cer\/#primaryimage"},"thumbnailUrl":"https:\/\/www.certsign.ro\/wp-content\/uploads\/2022\/10\/deschidere_op_internet.jpg","datePublished":"2023-12-19T09:12:20+00:00","dateModified":"2024-04-15T08:21:48+00:00","description":"Informa\u0163ii suport privind exportarea certificatului digital \u00een format .cer","breadcrumb":{"@id":"https:\/\/www.certsign.ro\/en\/suport\/exportarea-certificatului-digital-in-format-cer\/#breadcrumb"},"inLanguage":"en-US","potentialAction":[{"@type":"ReadAction","target":["https:\/\/www.certsign.ro\/en\/suport\/exportarea-certificatului-digital-in-format-cer\/"]}]},{"@type":"ImageObject","inLanguage":"en-US","@id":"https:\/\/www.certsign.ro\/en\/suport\/exportarea-certificatului-digital-in-format-cer\/#primaryimage","url":"https:\/\/www.certsign.ro\/wp-content\/uploads\/2022\/10\/deschidere_op_internet.jpg","contentUrl":"https:\/\/www.certsign.ro\/wp-content\/uploads\/2022\/10\/deschidere_op_internet.jpg"},{"@type":"BreadcrumbList","@id":"https:\/\/www.certsign.ro\/en\/suport\/exportarea-certificatului-digital-in-format-cer\/#breadcrumb","itemListElement":[{"@type":"ListItem","position":1,"name":"Home","item":"https:\/\/www.certsign.ro\/en\/"},{"@type":"ListItem","position":2,"name":"Suport","item":"https:\/\/www.certsign.ro\/en\/suport\/"},{"@type":"ListItem","position":3,"name":"Exportarea certificatului digital \u00een format .cer"}]},{"@type":"WebSite","@id":"https:\/\/www.certsign.ro\/en\/#website","url":"https:\/\/www.certsign.ro\/en\/","name":"certSIGN","description":"Prestator de servicii de \u00eencredere calificat","publisher":{"@id":"https:\/\/www.certsign.ro\/en\/#organization"},"potentialAction":[{"@type":"SearchAction","target":{"@type":"EntryPoint","urlTemplate":"https:\/\/www.certsign.ro\/en\/?s={search_term_string}"},"query-input":{"@type":"PropertyValueSpecification","valueRequired":true,"valueName":"search_term_string"}}],"inLanguage":"en-US"},{"@type":"Organization","@id":"https:\/\/www.certsign.ro\/en\/#organization","name":"certSIGN","url":"https:\/\/www.certsign.ro\/en\/","logo":{"@type":"ImageObject","inLanguage":"en-US","@id":"https:\/\/www.certsign.ro\/en\/#\/schema\/logo\/image\/","url":"https:\/\/www.certsign.ro\/wp-content\/uploads\/2024\/02\/certsign-email-template-logo.png","contentUrl":"https:\/\/www.certsign.ro\/wp-content\/uploads\/2024\/02\/certsign-email-template-logo.png","width":317,"height":66,"caption":"certSIGN"},"image":{"@id":"https:\/\/www.certsign.ro\/en\/#\/schema\/logo\/image\/"}}]}},"_links":{"self":[{"href":"https:\/\/www.certsign.ro\/en\/wp-json\/wp\/v2\/pages\/32894","targetHints":{"allow":["GET"]}}],"collection":[{"href":"https:\/\/www.certsign.ro\/en\/wp-json\/wp\/v2\/pages"}],"about":[{"href":"https:\/\/www.certsign.ro\/en\/wp-json\/wp\/v2\/types\/page"}],"author":[{"embeddable":true,"href":"https:\/\/www.certsign.ro\/en\/wp-json\/wp\/v2\/users\/8"}],"replies":[{"embeddable":true,"href":"https:\/\/www.certsign.ro\/en\/wp-json\/wp\/v2\/comments?post=32894"}],"version-history":[{"count":4,"href":"https:\/\/www.certsign.ro\/en\/wp-json\/wp\/v2\/pages\/32894\/revisions"}],"predecessor-version":[{"id":32898,"href":"https:\/\/www.certsign.ro\/en\/wp-json\/wp\/v2\/pages\/32894\/revisions\/32898"}],"up":[{"embeddable":true,"href":"https:\/\/www.certsign.ro\/en\/wp-json\/wp\/v2\/pages\/117584"}],"wp:featuredmedia":[{"embeddable":true,"href":"https:\/\/www.certsign.ro\/en\/wp-json\/wp\/v2\/media\/23557"}],"wp:attachment":[{"href":"https:\/\/www.certsign.ro\/en\/wp-json\/wp\/v2\/media?parent=32894"}],"curies":[{"name":"wp","href":"https:\/\/api.w.org\/{rel}","templated":true}]}}