{"id":10648,"date":"2021-02-15T15:55:49","date_gmt":"2021-02-15T15:55:49","guid":{"rendered":"https:\/\/certsign.ro\/?page_id=10648"},"modified":"2024-04-02T10:16:21","modified_gmt":"2024-04-02T10:16:21","slug":"marcare-temporala","status":"publish","type":"page","link":"https:\/\/www.certsign.ro\/ro\/produse\/servicii-de-incredere-eidas\/marcare-temporala\/","title":{"rendered":"Marcare temporal\u0103"},"content":{"rendered":"<!DOCTYPE html PUBLIC \"-\/\/W3C\/\/DTD HTML 4.0 Transitional\/\/EN\" \"http:\/\/www.w3.org\/TR\/REC-html40\/loose.dtd\">\n<html><body><h2 style=\"display:none !important\">Marcare temporal&#259; electronic&#259; calificat&#259; certSIGN - &icirc;n cazul unui litigiu, ai prezum&#539;ia corectitudinii datei\/orei indicate &#537;i a integrit&#259;&#539;ii datelor<\/h2><h1 style=\"display:none !important\">Marcare temporal&#259;- certSIGN<\/h1><div data-elementor-type=\"wp-page\" data-elementor-id=\"10648\" class=\"elementor elementor-10648\" data-elementor-post-type=\"page\" id=\"main-page-content\"> <section class=\"elementor-section elementor-top-section elementor-element elementor-element-d28a7fd elementor-section-boxed elementor-section-height-default elementor-section-height-default\" data-id=\"d28a7fd\" data-element_type=\"section\" data-e-type=\"section\" data-settings='{\"background_background\":\"gradient\"}'> <div class=\"elementor-container elementor-column-gap-default\"> <div class=\"elementor-column elementor-col-100 elementor-top-column elementor-element elementor-element-de61378\" data-id=\"de61378\" data-element_type=\"column\" data-e-type=\"column\" data-settings='{\"background_background\":\"classic\"}'> <div class=\"elementor-widget-wrap elementor-element-populated\"> <div class=\"elementor-background-overlay\"><\/div> <section class=\"elementor-section elementor-inner-section elementor-element elementor-element-cbb7c18 elementor-section-height-min-height elementor-section-content-middle elementor-section-boxed elementor-section-height-default\" data-id=\"cbb7c18\" data-element_type=\"section\" data-e-type=\"section\"> <div class=\"elementor-container elementor-column-gap-default\"> <div class=\"elementor-column elementor-col-100 elementor-inner-column elementor-element elementor-element-41f7e0a\" data-id=\"41f7e0a\" data-element_type=\"column\" data-e-type=\"column\"> <div class=\"elementor-widget-wrap elementor-element-populated\"> <div class=\"elementor-element elementor-element-a84cce4 elementor-align-left elementor-widget__width-inherit elementor-absolute elementor-tablet-align-center elementor-mobile-align-center elementor-widget-tablet__width-inherit elementor-widget elementor-widget-breadcrumbs\" data-id=\"a84cce4\" data-element_type=\"widget\" data-e-type=\"widget\" data-settings='{\"_position\":\"absolute\"}' data-widget_type=\"breadcrumbs.default\"> <div class=\"elementor-widget-container\"> <nav id=\"breadcrumbs\"><span><span><a href=\"https:\/\/www.certsign.ro\/ro\/\">Acas&#259;<\/a><\/span><\/span><\/nav> <\/div> <\/div> <div class=\"elementor-element elementor-element-6813f30 elementor-widget elementor-widget-heading\" data-id=\"6813f30\" data-element_type=\"widget\" data-e-type=\"widget\" data-widget_type=\"heading.default\"> <div class=\"elementor-widget-container\"> <h1 class=\"elementor-heading-title elementor-size-default\">Marcare <br> temporal&#259; <\/h1> <\/div> <\/div> <div class=\"elementor-element elementor-element-b05ffce elementor-widget elementor-widget-text-editor\" data-id=\"b05ffce\" data-element_type=\"widget\" data-e-type=\"widget\" data-widget_type=\"text-editor.default\"> <div class=\"elementor-widget-container\"> Cu o marc&#259; temporal&#259; electronic&#259; calificat&#259; ai, &icirc;n cazul unui litigiu, prezum&#539;ia corectitudinii datei\/orei indicate &#537;i a integrit&#259;&#539;ii datelor. <\/div> <\/div> <\/div> <\/div> <\/div> <\/section> <\/div> <\/div> <\/div> <\/section> <section class=\"elementor-section elementor-top-section elementor-element elementor-element-6b11b20 elementor-section-full_width elementor-section-height-default elementor-section-height-default\" data-id=\"6b11b20\" data-element_type=\"section\" data-e-type=\"section\" data-settings='{\"background_background\":\"classic\"}'> <div class=\"elementor-container elementor-column-gap-default\"> <div class=\"elementor-column elementor-col-100 elementor-top-column elementor-element elementor-element-2f1e980\" data-id=\"2f1e980\" data-element_type=\"column\" data-e-type=\"column\"> <div class=\"elementor-widget-wrap elementor-element-populated\"> <section class=\"elementor-section elementor-inner-section elementor-element elementor-element-53c1542 elementor-section-boxed elementor-section-height-default elementor-section-height-default\" data-id=\"53c1542\" data-element_type=\"section\" data-e-type=\"section\"> <div class=\"elementor-container elementor-column-gap-default\"> <div class=\"elementor-column elementor-col-50 elementor-inner-column elementor-element elementor-element-018ceef\" data-id=\"018ceef\" data-element_type=\"column\" data-e-type=\"column\"> <div class=\"elementor-widget-wrap elementor-element-populated\"> <div class=\"elementor-element elementor-element-774d724 elementor-widget elementor-widget-heading\" data-id=\"774d724\" data-element_type=\"widget\" data-e-type=\"widget\" data-widget_type=\"heading.default\"> <div class=\"elementor-widget-container\"> <h2 class=\"elementor-heading-title elementor-size-default\">Ce este <br>marca temporal&#259;?<\/h2> <\/div> <\/div> <\/div> <\/div> <div class=\"elementor-column elementor-col-50 elementor-inner-column elementor-element elementor-element-8833c7f\" data-id=\"8833c7f\" data-element_type=\"column\" data-e-type=\"column\"> <div class=\"elementor-widget-wrap elementor-element-populated\"> <div class=\"elementor-element elementor-element-009339f elementor-widget elementor-widget-text-editor\" data-id=\"009339f\" data-element_type=\"widget\" data-e-type=\"widget\" data-widget_type=\"text-editor.default\"> <div class=\"elementor-widget-container\"> O marc&#259; temporal&#259; reprezint&#259; date &icirc;n format electronic care leag&#259; alte date &icirc;n format electronic de un anumit moment, stabilind dovezi c&#259; acestea din urm&#259; au existat la acel moment. O marc&#259; temporal&#259; calificat&#259; este emis&#259; de un prestator de servicii de &icirc;ncredere calificat. Aceasta este utilizat&#259;, de exemplu, pentru a garanta existen&#539;a la un anumit moment de timp a unor date electronice, cum ar fi, de exemplu, o semn&#259;tur&#259; electronic&#259;. <\/div> <\/div> <\/div> <\/div> <\/div> <\/section> <section class=\"elementor-section elementor-inner-section elementor-element elementor-element-842c1a1 elementor-section-boxed elementor-section-height-default elementor-section-height-default\" data-id=\"842c1a1\" data-element_type=\"section\" data-e-type=\"section\"> <div class=\"elementor-container elementor-column-gap-default\"> <div class=\"elementor-column elementor-col-33 elementor-inner-column elementor-element elementor-element-293b975\" data-id=\"293b975\" data-element_type=\"column\" data-e-type=\"column\" data-settings='{\"background_background\":\"classic\"}'> <div class=\"elementor-widget-wrap elementor-element-populated\"> <div class=\"elementor-element elementor-element-0b1c0f4 elementor-position-inline-start elementor-view-default elementor-mobile-position-block-start elementor-widget elementor-widget-icon-box\" data-id=\"0b1c0f4\" data-element_type=\"widget\" data-e-type=\"widget\" data-widget_type=\"icon-box.default\"> <div class=\"elementor-widget-container\"> <div class=\"elementor-icon-box-wrapper\"> <div class=\"elementor-icon-box-icon\"> <span class=\"elementor-icon\"> <svg aria-hidden=\"true\" class=\"e-font-icon-svg e-fas-balance-scale\" viewbox=\"0 0 640 512\" xmlns=\"http:\/\/www.w3.org\/2000\/svg\"><path d=\"M256 336h-.02c0-16.18 1.34-8.73-85.05-181.51-17.65-35.29-68.19-35.36-85.87 0C-2.06 328.75.02 320.33.02 336H0c0 44.18 57.31 80 128 80s128-35.82 128-80zM128 176l72 144H56l72-144zm511.98 160c0-16.18 1.34-8.73-85.05-181.51-17.65-35.29-68.19-35.36-85.87 0-87.12 174.26-85.04 165.84-85.04 181.51H384c0 44.18 57.31 80 128 80s128-35.82 128-80h-.02zM440 320l72-144 72 144H440zm88 128H352V153.25c23.51-10.29 41.16-31.48 46.39-57.25H528c8.84 0 16-7.16 16-16V48c0-8.84-7.16-16-16-16H383.64C369.04 12.68 346.09 0 320 0s-49.04 12.68-63.64 32H112c-8.84 0-16 7.16-16 16v32c0 8.84 7.16 16 16 16h129.61c5.23 25.76 22.87 46.96 46.39 57.25V448H112c-8.84 0-16 7.16-16 16v32c0 8.84 7.16 16 16 16h416c8.84 0 16-7.16 16-16v-32c0-8.84-7.16-16-16-16z\"><\/path><\/svg> <\/span> <\/div> <div class=\"elementor-icon-box-content\"> <h4 class=\"elementor-icon-box-title\"> <span> Aspecte juridice <\/span> <\/h4> <p class=\"elementor-icon-box-description\"> O marc&#259; temporal&#259; electronic&#259; calificat&#259; beneficiaz&#259;, &icirc;n cazul unui litigiu, de prezum&#539;ia corectitudinii datei &#537;i orei pe care le indic&#259; &#537;i a integrit&#259;&#539;ii datelor la care se raporteaz&#259; data &#537;i ora indicate. <\/p> <\/div> <\/div> <\/div> <\/div> <\/div> <\/div> <div class=\"elementor-column elementor-col-33 elementor-inner-column elementor-element elementor-element-b03aeb2\" data-id=\"b03aeb2\" data-element_type=\"column\" data-e-type=\"column\" data-settings='{\"background_background\":\"classic\"}'> <div class=\"elementor-widget-wrap elementor-element-populated\"> <div class=\"elementor-element elementor-element-5bfca7c elementor-position-inline-start elementor-view-default elementor-mobile-position-block-start elementor-widget elementor-widget-icon-box\" data-id=\"5bfca7c\" data-element_type=\"widget\" data-e-type=\"widget\" data-widget_type=\"icon-box.default\"> <div class=\"elementor-widget-container\"> <div class=\"elementor-icon-box-wrapper\"> <div class=\"elementor-icon-box-icon\"> <span class=\"elementor-icon\"> <svg aria-hidden=\"true\" class=\"e-font-icon-svg e-fas-globe-europe\" viewbox=\"0 0 496 512\" xmlns=\"http:\/\/www.w3.org\/2000\/svg\"><path d=\"M248 8C111 8 0 119 0 256s111 248 248 248 248-111 248-248S385 8 248 8zm200 248c0 22.5-3.9 44.2-10.8 64.4h-20.3c-4.3 0-8.4-1.7-11.4-4.8l-32-32.6c-4.5-4.6-4.5-12.1.1-16.7l12.5-12.5v-8.7c0-3-1.2-5.9-3.3-8l-9.4-9.4c-2.1-2.1-5-3.3-8-3.3h-16c-6.2 0-11.3-5.1-11.3-11.3 0-3 1.2-5.9 3.3-8l9.4-9.4c2.1-2.1 5-3.3 8-3.3h32c6.2 0 11.3-5.1 11.3-11.3v-9.4c0-6.2-5.1-11.3-11.3-11.3h-36.7c-8.8 0-16 7.2-16 16v4.5c0 6.9-4.4 13-10.9 15.2l-31.6 10.5c-3.3 1.1-5.5 4.1-5.5 7.6v2.2c0 4.4-3.6 8-8 8h-16c-4.4 0-8-3.6-8-8s-3.6-8-8-8H247c-3 0-5.8 1.7-7.2 4.4l-9.4 18.7c-2.7 5.4-8.2 8.8-14.3 8.8H194c-8.8 0-16-7.2-16-16V199c0-4.2 1.7-8.3 4.7-11.3l20.1-20.1c4.6-4.6 7.2-10.9 7.2-17.5 0-3.4 2.2-6.5 5.5-7.6l40-13.3c1.7-.6 3.2-1.5 4.4-2.7l26.8-26.8c2.1-2.1 3.3-5 3.3-8 0-6.2-5.1-11.3-11.3-11.3H258l-16 16v8c0 4.4-3.6 8-8 8h-16c-4.4 0-8-3.6-8-8v-20c0-2.5 1.2-4.9 3.2-6.4l28.9-21.7c1.9-.1 3.8-.3 5.7-.3C358.3 56 448 145.7 448 256zM130.1 149.1c0-3 1.2-5.9 3.3-8l25.4-25.4c2.1-2.1 5-3.3 8-3.3 6.2 0 11.3 5.1 11.3 11.3v16c0 3-1.2 5.9-3.3 8l-9.4 9.4c-2.1 2.1-5 3.3-8 3.3h-16c-6.2 0-11.3-5.1-11.3-11.3zm128 306.4v-7.1c0-8.8-7.2-16-16-16h-20.2c-10.8 0-26.7-5.3-35.4-11.8l-22.2-16.7c-11.5-8.6-18.2-22.1-18.2-36.4v-23.9c0-16 8.4-30.8 22.1-39l42.9-25.7c7.1-4.2 15.2-6.5 23.4-6.5h31.2c10.9 0 21.4 3.9 29.6 10.9l43.2 37.1h18.3c8.5 0 16.6 3.4 22.6 9.4l17.3 17.3c3.4 3.4 8.1 5.3 12.9 5.3H423c-32.4 58.9-93.8 99.5-164.9 103.1z\"><\/path><\/svg> <\/span> <\/div> <div class=\"elementor-icon-box-content\"> <h4 class=\"elementor-icon-box-title\"> <span> Recunoa&#351;tere <\/span> <\/h4> <p class=\"elementor-icon-box-description\"> O marc&#259; temporal&#259; electronic&#259; calificat&#259; emis&#259; &icirc;ntr-un stat membru al Uniunii Europene este recunoscut&#259; drept marc&#259; temporal&#259; electronic&#259; calificat&#259; &icirc;n toate statele membre. <\/p> <\/div> <\/div> <\/div> <\/div> <\/div> <\/div> <div class=\"elementor-column elementor-col-33 elementor-inner-column elementor-element elementor-element-9b45cae\" data-id=\"9b45cae\" data-element_type=\"column\" data-e-type=\"column\" data-settings='{\"background_background\":\"classic\"}'> <div class=\"elementor-widget-wrap elementor-element-populated\"> <div class=\"elementor-element elementor-element-e3cfe4e elementor-position-inline-start elementor-view-default elementor-mobile-position-block-start elementor-widget elementor-widget-icon-box\" data-id=\"e3cfe4e\" data-element_type=\"widget\" data-e-type=\"widget\" data-widget_type=\"icon-box.default\"> <div class=\"elementor-widget-container\"> <div class=\"elementor-icon-box-wrapper\"> <div class=\"elementor-icon-box-icon\"> <span class=\"elementor-icon\"> <svg aria-hidden=\"true\" class=\"e-font-icon-svg e-fas-check-square\" viewbox=\"0 0 448 512\" xmlns=\"http:\/\/www.w3.org\/2000\/svg\"><path d=\"M400 480H48c-26.51 0-48-21.49-48-48V80c0-26.51 21.49-48 48-48h352c26.51 0 48 21.49 48 48v352c0 26.51-21.49 48-48 48zm-204.686-98.059l184-184c6.248-6.248 6.248-16.379 0-22.627l-22.627-22.627c-6.248-6.248-16.379-6.249-22.628 0L184 302.745l-70.059-70.059c-6.248-6.248-16.379-6.248-22.628 0l-22.627 22.627c-6.248 6.248-6.248 16.379 0 22.627l104 104c6.249 6.25 16.379 6.25 22.628.001z\"><\/path><\/svg> <\/span> <\/div> <div class=\"elementor-icon-box-content\"> <h4 class=\"elementor-icon-box-title\"> <span> Certificare <\/span> <\/h4> <p class=\"elementor-icon-box-description\"> certSIGN ofer&#259;, &icirc;n calitate de Prestator de servicii de &icirc;ncredere calificat conform Regulamentului eIDAS, servicii de marc&#259; temporal&#259; calificat&#259; &icirc;nscrise &icirc;n European Trusted List. <\/p> <\/div> <\/div> <\/div> <\/div> <\/div> <\/div> <\/div> <\/section> <\/div> <\/div> <\/div> <\/section> <section class=\"elementor-section elementor-top-section elementor-element elementor-element-7ec8358 elementor-section-boxed elementor-section-height-default elementor-section-height-default\" data-id=\"7ec8358\" data-element_type=\"section\" data-e-type=\"section\" data-settings='{\"background_background\":\"classic\"}'> <div class=\"elementor-container elementor-column-gap-default\"> <div class=\"elementor-column elementor-col-100 elementor-top-column elementor-element elementor-element-554ba3f\" data-id=\"554ba3f\" data-element_type=\"column\" data-e-type=\"column\"> <div class=\"elementor-widget-wrap elementor-element-populated\"> <section class=\"elementor-section elementor-inner-section elementor-element elementor-element-731ed39 elementor-section-boxed elementor-section-height-default elementor-section-height-default\" data-id=\"731ed39\" data-element_type=\"section\" data-e-type=\"section\"> <div class=\"elementor-container elementor-column-gap-default\"> <div class=\"elementor-column elementor-col-100 elementor-inner-column elementor-element elementor-element-17b6e71\" data-id=\"17b6e71\" data-element_type=\"column\" data-e-type=\"column\"> <div class=\"elementor-widget-wrap elementor-element-populated\"> <div class=\"elementor-element elementor-element-0e5eb8d elementor-align-justify elementor-widget__width-initial elementor-widget elementor-widget-button\" data-id=\"0e5eb8d\" data-element_type=\"widget\" data-e-type=\"widget\" data-widget_type=\"button.default\"> <div class=\"elementor-widget-container\"> <div class=\"elementor-button-wrapper\"> <a class=\"elementor-button elementor-button-link elementor-size-sm\" href=\"https:\/\/www.certsign.ro\/ro\/achizitie-produse-si-servicii\/\" target=\"_blank\"> <span class=\"elementor-button-content-wrapper\"> <span class=\"elementor-button-text\">Ob&#355;ine acum<\/span> <\/span> <\/a> <\/div> <\/div> <\/div> <\/div> <\/div> <\/div> <\/section> <\/div> <\/div> <\/div> <\/section> <\/div> <\/body><\/html>\n","protected":false},"excerpt":{"rendered":"<p>Marcare temporal&#259; electronic&#259; calificat&#259; certSIGN &ndash; &icirc;n cazul unui litigiu, ai prezum&#539;ia corectitudinii datei\/orei indicate &#537;i a integrit&#259;&#539;ii datelor Marcare temporal&#259;- certSIGN Marcare temporal&#259; Cu o marc&#259; temporal&#259; electronic&#259; calificat&#259; ai, &icirc;n cazul unui litigiu, prezum&#539;ia corectitudinii datei\/orei indicate &#537;i a integrit&#259;&#539;ii datelor. Ce este marca temporal&#259;? O marc&#259; temporal&#259; reprezint&#259; date &icirc;n format electronic [&hellip;]<\/p>\n","protected":false},"author":1,"featured_media":13367,"parent":1861,"menu_order":0,"comment_status":"closed","ping_status":"closed","template":"elementor_header_footer","meta":{"_acf_changed":false,"inline_featured_image":false,"footnotes":""},"class_list":["post-10648","page","type-page","status-publish","hentry"],"acf":[],"yoast_head":"<!-- This site is optimized with the Yoast SEO plugin v27.2 - https:\/\/yoast.com\/product\/yoast-seo-wordpress\/ -->\n<title>Marcare temporal\u0103 - certSIGN<\/title>\n<meta name=\"description\" content=\"Marcare temporal\u0103 electronic\u0103 calificat\u0103 certSIGN - \u00een cazul unui litigiu, ai prezum\u021bia corectitudinii datei\/orei indicate \u0219i a integrit\u0103\u021bii datelor\" \/>\n<meta name=\"robots\" content=\"index, follow, max-snippet:-1, max-image-preview:large, max-video-preview:-1\" \/>\n<link rel=\"canonical\" href=\"https:\/\/www.certsign.ro\/ro\/produse\/servicii-de-incredere-eidas\/marcare-temporala\/\" \/>\n<meta property=\"og:locale\" content=\"ro_RO\" \/>\n<meta property=\"og:type\" content=\"article\" \/>\n<meta property=\"og:title\" content=\"Marcare temporal\u0103 - certSIGN\" \/>\n<meta property=\"og:description\" content=\"Marcare temporal\u0103 electronic\u0103 calificat\u0103 certSIGN - \u00een cazul unui litigiu, ai prezum\u021bia corectitudinii datei\/orei indicate \u0219i a integrit\u0103\u021bii datelor\" \/>\n<meta property=\"og:url\" content=\"https:\/\/www.certsign.ro\/ro\/produse\/servicii-de-incredere-eidas\/marcare-temporala\/\" \/>\n<meta property=\"og:site_name\" content=\"certSIGN\" \/>\n<meta property=\"article:modified_time\" content=\"2024-04-02T10:16:21+00:00\" \/>\n<meta property=\"og:image\" content=\"https:\/\/www.certsign.ro\/wp-content\/uploads\/2021\/02\/Marcare-temporala_header.jpg\" \/>\n\t<meta property=\"og:image:width\" content=\"1394\" \/>\n\t<meta property=\"og:image:height\" content=\"375\" \/>\n\t<meta property=\"og:image:type\" content=\"image\/jpeg\" \/>\n<meta name=\"twitter:card\" content=\"summary_large_image\" \/>\n<meta name=\"twitter:label1\" content=\"Timp estimat pentru citire\" \/>\n\t<meta name=\"twitter:data1\" content=\"1 minut\" \/>\n<script type=\"application\/ld+json\" class=\"yoast-schema-graph\">{\"@context\":\"https:\/\/schema.org\",\"@graph\":[{\"@type\":\"WebPage\",\"@id\":\"https:\/\/www.certsign.ro\/ro\/produse\/servicii-de-incredere-eidas\/marcare-temporala\/\",\"url\":\"https:\/\/www.certsign.ro\/ro\/produse\/servicii-de-incredere-eidas\/marcare-temporala\/\",\"name\":\"Marcare temporal\u0103 - certSIGN\",\"isPartOf\":{\"@id\":\"https:\/\/www.certsign.ro\/ro\/#website\"},\"datePublished\":\"2021-02-15T15:55:49+00:00\",\"dateModified\":\"2024-04-02T10:16:21+00:00\",\"description\":\"Marcare temporal\u0103 electronic\u0103 calificat\u0103 certSIGN - \u00een cazul unui litigiu, ai prezum\u021bia corectitudinii datei\/orei indicate \u0219i a integrit\u0103\u021bii datelor\",\"breadcrumb\":{\"@id\":\"https:\/\/www.certsign.ro\/ro\/produse\/servicii-de-incredere-eidas\/marcare-temporala\/#breadcrumb\"},\"inLanguage\":\"ro-RO\",\"potentialAction\":[{\"@type\":\"ReadAction\",\"target\":[\"https:\/\/www.certsign.ro\/ro\/produse\/servicii-de-incredere-eidas\/marcare-temporala\/\"]}]},{\"@type\":\"BreadcrumbList\",\"@id\":\"https:\/\/www.certsign.ro\/ro\/produse\/servicii-de-incredere-eidas\/marcare-temporala\/#breadcrumb\",\"itemListElement\":[{\"@type\":\"ListItem\",\"position\":1,\"name\":\"Acas\u0103\",\"item\":\"https:\/\/www.certsign.ro\/ro\/\"},{\"@type\":\"ListItem\",\"position\":2,\"name\":\"Produse\",\"item\":\"https:\/\/www.certsign.ro\/ro\/produse\/\"},{\"@type\":\"ListItem\",\"position\":3,\"name\":\"Servicii de \u00eencredere eIDAS\",\"item\":\"https:\/\/www.certsign.ro\/ro\/produse\/servicii-de-incredere-eidas\/\"},{\"@type\":\"ListItem\",\"position\":4,\"name\":\"Marcare temporal\u0103\"}]},{\"@type\":\"WebSite\",\"@id\":\"https:\/\/www.certsign.ro\/ro\/#website\",\"url\":\"https:\/\/www.certsign.ro\/ro\/\",\"name\":\"certSIGN\",\"description\":\"Prestator de servicii de \u00eencredere calificat\",\"publisher\":{\"@id\":\"https:\/\/www.certsign.ro\/ro\/#organization\"},\"potentialAction\":[{\"@type\":\"SearchAction\",\"target\":{\"@type\":\"EntryPoint\",\"urlTemplate\":\"https:\/\/www.certsign.ro\/ro\/?s={search_term_string}\"},\"query-input\":{\"@type\":\"PropertyValueSpecification\",\"valueRequired\":true,\"valueName\":\"search_term_string\"}}],\"inLanguage\":\"ro-RO\"},{\"@type\":\"Organization\",\"@id\":\"https:\/\/www.certsign.ro\/ro\/#organization\",\"name\":\"certSIGN\",\"url\":\"https:\/\/www.certsign.ro\/ro\/\",\"logo\":{\"@type\":\"ImageObject\",\"inLanguage\":\"ro-RO\",\"@id\":\"https:\/\/www.certsign.ro\/ro\/#\/schema\/logo\/image\/\",\"url\":\"https:\/\/www.certsign.ro\/wp-content\/uploads\/2024\/02\/certsign-email-template-logo.png\",\"contentUrl\":\"https:\/\/www.certsign.ro\/wp-content\/uploads\/2024\/02\/certsign-email-template-logo.png\",\"width\":317,\"height\":66,\"caption\":\"certSIGN\"},\"image\":{\"@id\":\"https:\/\/www.certsign.ro\/ro\/#\/schema\/logo\/image\/\"}}]}<\/script>\n<!-- \/ Yoast SEO plugin. -->","yoast_head_json":{"title":"Marcare temporal\u0103 - certSIGN","description":"Marcare temporal\u0103 electronic\u0103 calificat\u0103 certSIGN - \u00een cazul unui litigiu, ai prezum\u021bia corectitudinii datei\/orei indicate \u0219i a integrit\u0103\u021bii datelor","robots":{"index":"index","follow":"follow","max-snippet":"max-snippet:-1","max-image-preview":"max-image-preview:large","max-video-preview":"max-video-preview:-1"},"canonical":"https:\/\/www.certsign.ro\/ro\/produse\/servicii-de-incredere-eidas\/marcare-temporala\/","og_locale":"ro_RO","og_type":"article","og_title":"Marcare temporal\u0103 - certSIGN","og_description":"Marcare temporal\u0103 electronic\u0103 calificat\u0103 certSIGN - \u00een cazul unui litigiu, ai prezum\u021bia corectitudinii datei\/orei indicate \u0219i a integrit\u0103\u021bii datelor","og_url":"https:\/\/www.certsign.ro\/ro\/produse\/servicii-de-incredere-eidas\/marcare-temporala\/","og_site_name":"certSIGN","article_modified_time":"2024-04-02T10:16:21+00:00","og_image":[{"width":1394,"height":375,"url":"https:\/\/www.certsign.ro\/wp-content\/uploads\/2021\/02\/Marcare-temporala_header.jpg","type":"image\/jpeg"}],"twitter_card":"summary_large_image","twitter_misc":{"Timp estimat pentru citire":"1 minut"},"schema":{"@context":"https:\/\/schema.org","@graph":[{"@type":"WebPage","@id":"https:\/\/www.certsign.ro\/ro\/produse\/servicii-de-incredere-eidas\/marcare-temporala\/","url":"https:\/\/www.certsign.ro\/ro\/produse\/servicii-de-incredere-eidas\/marcare-temporala\/","name":"Marcare temporal\u0103 - certSIGN","isPartOf":{"@id":"https:\/\/www.certsign.ro\/ro\/#website"},"datePublished":"2021-02-15T15:55:49+00:00","dateModified":"2024-04-02T10:16:21+00:00","description":"Marcare temporal\u0103 electronic\u0103 calificat\u0103 certSIGN - \u00een cazul unui litigiu, ai prezum\u021bia corectitudinii datei\/orei indicate \u0219i a integrit\u0103\u021bii datelor","breadcrumb":{"@id":"https:\/\/www.certsign.ro\/ro\/produse\/servicii-de-incredere-eidas\/marcare-temporala\/#breadcrumb"},"inLanguage":"ro-RO","potentialAction":[{"@type":"ReadAction","target":["https:\/\/www.certsign.ro\/ro\/produse\/servicii-de-incredere-eidas\/marcare-temporala\/"]}]},{"@type":"BreadcrumbList","@id":"https:\/\/www.certsign.ro\/ro\/produse\/servicii-de-incredere-eidas\/marcare-temporala\/#breadcrumb","itemListElement":[{"@type":"ListItem","position":1,"name":"Acas\u0103","item":"https:\/\/www.certsign.ro\/ro\/"},{"@type":"ListItem","position":2,"name":"Produse","item":"https:\/\/www.certsign.ro\/ro\/produse\/"},{"@type":"ListItem","position":3,"name":"Servicii de \u00eencredere eIDAS","item":"https:\/\/www.certsign.ro\/ro\/produse\/servicii-de-incredere-eidas\/"},{"@type":"ListItem","position":4,"name":"Marcare temporal\u0103"}]},{"@type":"WebSite","@id":"https:\/\/www.certsign.ro\/ro\/#website","url":"https:\/\/www.certsign.ro\/ro\/","name":"certSIGN","description":"Prestator de servicii de \u00eencredere calificat","publisher":{"@id":"https:\/\/www.certsign.ro\/ro\/#organization"},"potentialAction":[{"@type":"SearchAction","target":{"@type":"EntryPoint","urlTemplate":"https:\/\/www.certsign.ro\/ro\/?s={search_term_string}"},"query-input":{"@type":"PropertyValueSpecification","valueRequired":true,"valueName":"search_term_string"}}],"inLanguage":"ro-RO"},{"@type":"Organization","@id":"https:\/\/www.certsign.ro\/ro\/#organization","name":"certSIGN","url":"https:\/\/www.certsign.ro\/ro\/","logo":{"@type":"ImageObject","inLanguage":"ro-RO","@id":"https:\/\/www.certsign.ro\/ro\/#\/schema\/logo\/image\/","url":"https:\/\/www.certsign.ro\/wp-content\/uploads\/2024\/02\/certsign-email-template-logo.png","contentUrl":"https:\/\/www.certsign.ro\/wp-content\/uploads\/2024\/02\/certsign-email-template-logo.png","width":317,"height":66,"caption":"certSIGN"},"image":{"@id":"https:\/\/www.certsign.ro\/ro\/#\/schema\/logo\/image\/"}}]}},"_links":{"self":[{"href":"https:\/\/www.certsign.ro\/ro\/wp-json\/wp\/v2\/pages\/10648","targetHints":{"allow":["GET"]}}],"collection":[{"href":"https:\/\/www.certsign.ro\/ro\/wp-json\/wp\/v2\/pages"}],"about":[{"href":"https:\/\/www.certsign.ro\/ro\/wp-json\/wp\/v2\/types\/page"}],"author":[{"embeddable":true,"href":"https:\/\/www.certsign.ro\/ro\/wp-json\/wp\/v2\/users\/1"}],"replies":[{"embeddable":true,"href":"https:\/\/www.certsign.ro\/ro\/wp-json\/wp\/v2\/comments?post=10648"}],"version-history":[{"count":6,"href":"https:\/\/www.certsign.ro\/ro\/wp-json\/wp\/v2\/pages\/10648\/revisions"}],"predecessor-version":[{"id":125770,"href":"https:\/\/www.certsign.ro\/ro\/wp-json\/wp\/v2\/pages\/10648\/revisions\/125770"}],"up":[{"embeddable":true,"href":"https:\/\/www.certsign.ro\/ro\/wp-json\/wp\/v2\/pages\/1861"}],"wp:featuredmedia":[{"embeddable":true,"href":"https:\/\/www.certsign.ro\/ro\/wp-json\/wp\/v2\/media\/13367"}],"wp:attachment":[{"href":"https:\/\/www.certsign.ro\/ro\/wp-json\/wp\/v2\/media?parent=10648"}],"curies":[{"name":"wp","href":"https:\/\/api.w.org\/{rel}","templated":true}]}}