{"id":12053,"date":"2021-02-17T10:37:19","date_gmt":"2021-02-17T10:37:19","guid":{"rendered":"https:\/\/certsign.ro\/?page_id=12053"},"modified":"2021-02-25T08:02:46","modified_gmt":"2021-02-25T08:02:46","slug":"mayday-security-conference-2019","status":"publish","type":"page","link":"https:\/\/www.certsign.ro\/ro\/mayday-security-conference-2019\/","title":{"rendered":"MayDay Security Conference"},"content":{"rendered":"<!DOCTYPE html PUBLIC \"-\/\/W3C\/\/DTD HTML 4.0 Transitional\/\/EN\" \"http:\/\/www.w3.org\/TR\/REC-html40\/loose.dtd\">\n<html><body><h1 style=\"display:none !important\">MayDay Security Conference- certSIGN<\/h1><h2 style=\"display:none !important\">MayDay este prima conferin&#355;&#259; interna&#355;ional&#259; de securitate cibernetic&#259; din Cluj-Napoca<\/h2><div data-elementor-type=\"wp-page\" data-elementor-id=\"12053\" class=\"elementor elementor-12053\" data-elementor-post-type=\"page\" id=\"main-page-content\"> <section class=\"elementor-section elementor-top-section elementor-element elementor-element-5bf9e5a elementor-section-boxed elementor-section-height-default elementor-section-height-default\" data-id=\"5bf9e5a\" data-element_type=\"section\" data-e-type=\"section\" data-settings='{\"background_background\":\"gradient\"}'> <div class=\"elementor-container elementor-column-gap-default\"> <div class=\"elementor-column elementor-col-100 elementor-top-column elementor-element elementor-element-f3b5a2d\" data-id=\"f3b5a2d\" data-element_type=\"column\" data-e-type=\"column\" data-settings='{\"background_background\":\"classic\"}'> <div class=\"elementor-widget-wrap elementor-element-populated\"> <div class=\"elementor-background-overlay\"><\/div> <section class=\"elementor-section elementor-inner-section elementor-element elementor-element-ef361c6 elementor-section-height-min-height elementor-section-content-middle elementor-section-boxed elementor-section-height-default\" data-id=\"ef361c6\" data-element_type=\"section\" data-e-type=\"section\"> <div class=\"elementor-container elementor-column-gap-default\"> <div class=\"elementor-column elementor-col-100 elementor-inner-column elementor-element elementor-element-427d6b8\" data-id=\"427d6b8\" data-element_type=\"column\" data-e-type=\"column\"> <div class=\"elementor-widget-wrap elementor-element-populated\"> <div class=\"elementor-element elementor-element-a2d672a elementor-align-left elementor-widget__width-inherit elementor-absolute elementor-tablet-align-center elementor-mobile-align-center elementor-widget-tablet__width-inherit elementor-widget elementor-widget-breadcrumbs\" data-id=\"a2d672a\" data-element_type=\"widget\" data-e-type=\"widget\" data-settings='{\"_position\":\"absolute\"}' data-widget_type=\"breadcrumbs.default\"> <div class=\"elementor-widget-container\"> <nav id=\"breadcrumbs\"><span><span><a href=\"https:\/\/www.certsign.ro\/ro\/\">Acas&#259;<\/a><\/span><\/span><\/nav> <\/div> <\/div> <div class=\"elementor-element elementor-element-216c702 elementor-widget elementor-widget-heading\" data-id=\"216c702\" data-element_type=\"widget\" data-e-type=\"widget\" data-widget_type=\"heading.default\"> <div class=\"elementor-widget-container\"> <h1 class=\"elementor-heading-title elementor-size-default\">MAYDAY.CONF<\/h1> <\/div> <\/div> <\/div> <\/div> <\/div> <\/section> <\/div> <\/div> <\/div> <\/section> <section class=\"elementor-section elementor-top-section elementor-element elementor-element-df422f4 elementor-section-boxed elementor-section-height-default elementor-section-height-default\" data-id=\"df422f4\" data-element_type=\"section\" data-e-type=\"section\"> <div class=\"elementor-container elementor-column-gap-default\"> <div class=\"elementor-column elementor-col-100 elementor-top-column elementor-element elementor-element-0fa4183\" data-id=\"0fa4183\" data-element_type=\"column\" data-e-type=\"column\"> <div class=\"elementor-widget-wrap elementor-element-populated\"> <div class=\"elementor-element elementor-element-d23f3af elementor-widget elementor-widget-text-editor\" data-id=\"d23f3af\" data-element_type=\"widget\" data-e-type=\"widget\" data-widget_type=\"text-editor.default\"> <div class=\"elementor-widget-container\"> MayDay este prima conferin&#355;&#259; interna&#355;ional&#259; de securitate cibernetic&#259; din Cluj-Napoca, eveniment sus&#355;inut pe 24-25 octombrie 2019 la Opera Plaza Hotel. MayDay.conf vine &icirc;n &icirc;nt&acirc;mpinarea participan&#539;ilor cu cele mai recente &#537;i mai de impact tendin&#539;e din domeniul cyber security, dezvolt&#259;rii &#537;i cercet&#259;rii. Acesta este locul &icirc;n care cei mai dinamici profesioni&#537;ti &#537;i cercet&#259;tori din industrie se reunesc pentru dou&#259; zile pline de prezent&#259;ri tehnice &#537;i ateliere practice. <\/div> <\/div> <\/div> <\/div> <\/div> <\/section> <section class=\"elementor-section elementor-top-section elementor-element elementor-element-144d497 elementor-section-boxed elementor-section-height-default elementor-section-height-default\" data-id=\"144d497\" data-element_type=\"section\" data-e-type=\"section\"> <div class=\"elementor-container elementor-column-gap-default\"> <div class=\"elementor-column elementor-col-100 elementor-top-column elementor-element elementor-element-d959ddd\" data-id=\"d959ddd\" data-element_type=\"column\" data-e-type=\"column\"> <div class=\"elementor-widget-wrap elementor-element-populated\"> <div class=\"elementor-element elementor-element-4f6aa42 elementor-widget elementor-widget-heading\" data-id=\"4f6aa42\" data-element_type=\"widget\" data-e-type=\"widget\" data-widget_type=\"heading.default\"> <div class=\"elementor-widget-container\"> <h3 class=\"elementor-heading-title elementor-size-default\">certSIGN @ MayDay Security Conference<\/h3> <\/div> <\/div> <\/div> <\/div> <\/div> <\/section> <section class=\"elementor-section elementor-top-section elementor-element elementor-element-5f3fc7c elementor-section-boxed elementor-section-height-default elementor-section-height-default\" data-id=\"5f3fc7c\" data-element_type=\"section\" data-e-type=\"section\"> <div class=\"elementor-container elementor-column-gap-default\"> <div class=\"elementor-column elementor-col-100 elementor-top-column elementor-element elementor-element-3e164f4\" data-id=\"3e164f4\" data-element_type=\"column\" data-e-type=\"column\"> <div class=\"elementor-widget-wrap elementor-element-populated\"> <div class=\"elementor-element elementor-element-1c1ac2a elementor-widget elementor-widget-text-editor\" data-id=\"1c1ac2a\" data-element_type=\"widget\" data-e-type=\"widget\" data-widget_type=\"text-editor.default\"> <div class=\"elementor-widget-container\"> <p>&Icirc;n calitate de Gold Partner al Conferin&#355;ei de securitate cibernetic&#259; MayDay, certSIGN vine &icirc;n &icirc;nt&acirc;mpinarea mediului de afaceri din Cluj cu informa&#355;ii &#351;i solu&#355;ii de specialitate, prezentate &icirc;n cadrul evenimentului prin sesiune &#351;i discu&#355;ii one-to-one dedicate.<\/p> <\/div> <\/div> <\/div> <\/div> <\/div> <\/section> <section class=\"elementor-section elementor-top-section elementor-element elementor-element-afe3f82 elementor-section-boxed elementor-section-height-default elementor-section-height-default\" data-id=\"afe3f82\" data-element_type=\"section\" data-e-type=\"section\"> <div class=\"elementor-container elementor-column-gap-default\"> <div class=\"elementor-column elementor-col-100 elementor-top-column elementor-element elementor-element-f439dca\" data-id=\"f439dca\" data-element_type=\"column\" data-e-type=\"column\"> <div class=\"elementor-widget-wrap elementor-element-populated\"> <section class=\"elementor-section elementor-inner-section elementor-element elementor-element-151bd39 services4col elementor-section-boxed elementor-section-height-default elementor-section-height-default\" data-id=\"151bd39\" data-element_type=\"section\" data-e-type=\"section\"> <div class=\"elementor-container elementor-column-gap-default\"> <div class=\"elementor-column elementor-col-50 elementor-inner-column elementor-element elementor-element-754436a col-hover\" data-id=\"754436a\" data-element_type=\"column\" data-e-type=\"column\" data-settings='{\"background_background\":\"classic\"}'> <div class=\"elementor-widget-wrap elementor-element-populated\"> <div class=\"elementor-element elementor-element-9c67bc1 elementor-widget elementor-widget-heading\" data-id=\"9c67bc1\" data-element_type=\"widget\" data-e-type=\"widget\" data-widget_type=\"heading.default\"> <div class=\"elementor-widget-container\"> <h4 class=\"elementor-heading-title elementor-size-default\">EXPO-STAND<\/h4> <\/div> <\/div> <div class=\"elementor-element elementor-element-58bacaf elementor-widget elementor-widget-text-editor\" data-id=\"58bacaf\" data-element_type=\"widget\" data-e-type=\"widget\" data-widget_type=\"text-editor.default\"> <div class=\"elementor-widget-container\"> Te a&#351;tept&#259;m pe parcursul celor dou&#259; zile ale evenimentului la standul nostru din zona expozi&#355;ional&#259;, unde speciali&#351;tii certSIGN &icirc;&#355;i vor prezenta <strong>solu&#355;iile de cyber security &#351;i semn&#259;tur&#259; electronic&#259;<\/strong> pentru digitalizarea business-urilor, cu respectarea celor mai &icirc;nalte standarde de securitate. &#350;i pentru c&#259; transformarea digital&#259; ne prive&#351;te pe to&#355;i, &icirc;&#355;i promitem solu&#355;ii care pot fi customizate &icirc;n func&#355;ie de specificul activit&#259;&#355;ii \/ afacerii, astfel &icirc;nc&acirc;t s&#259; urm&#259;re&#351;ti nu numai cerin&#355;ele pie&#355;ei, ci &#351;i pe cele legislative. <\/div> <\/div> <\/div> <\/div> <div class=\"elementor-column elementor-col-50 elementor-inner-column elementor-element elementor-element-dfa6e2b col-hover\" data-id=\"dfa6e2b\" data-element_type=\"column\" data-e-type=\"column\" data-settings='{\"background_background\":\"classic\"}'> <div class=\"elementor-widget-wrap elementor-element-populated\"> <div class=\"elementor-element elementor-element-0e800ac elementor-widget elementor-widget-heading\" data-id=\"0e800ac\" data-element_type=\"widget\" data-e-type=\"widget\" data-widget_type=\"heading.default\"> <div class=\"elementor-widget-container\"> <p class=\"elementor-heading-title elementor-size-default\">SESIUNE<\/p> <\/div> <\/div> <div class=\"elementor-element elementor-element-8e6aafe elementor-widget elementor-widget-text-editor\" data-id=\"8e6aafe\" data-element_type=\"widget\" data-e-type=\"widget\" data-widget_type=\"text-editor.default\"> <div class=\"elementor-widget-container\"> <p>&Icirc;n fa&#355;a riscurilor cibernetice suntem cu to&#355;ii expu&#351;i, indiferent c&#259; vorbim despre persoane individuale, angaja&#355;i, angajatori, IMM-uri sau afaceri mari. Dac&#259; vrei s&#259; afli care sunt cele mai bune solu&#355;ii pentru protejarea &icirc;mpotriva poten&#355;ialelor atacuri, lu&acirc;nd &icirc;n calcul actualele reglement&#259;ri legislative (GDPR, Directiva NIS), atunci nu trebuie s&#259; ratezi <strong>prezentarea &bdquo;Cyber security concerns us all. DOs and DON&rsquo;Ts&rdquo; <\/strong>sus&#355;inut&#259; de Dan-Ionu&#355; Grigore (Cybersecurity Business Unit Director certSIGN) pe 25 octombrie, &icirc;n intervalul orar 12:15-13:00. <\/p> <\/div> <\/div> <\/div> <\/div> <\/div> <\/section> <\/div> <\/div> <\/div> <\/section> <section class=\"elementor-section elementor-top-section elementor-element elementor-element-7931315 elementor-section-boxed elementor-section-height-default elementor-section-height-default\" data-id=\"7931315\" data-element_type=\"section\" data-e-type=\"section\"> <div class=\"elementor-container elementor-column-gap-default\"> <div class=\"elementor-column elementor-col-50 elementor-top-column elementor-element elementor-element-4fe4df6\" data-id=\"4fe4df6\" data-element_type=\"column\" data-e-type=\"column\"> <div class=\"elementor-widget-wrap elementor-element-populated\"> <div class=\"elementor-element elementor-element-8ab0924 elementor-widget elementor-widget-heading\" data-id=\"8ab0924\" data-element_type=\"widget\" data-e-type=\"widget\" data-widget_type=\"heading.default\"> <div class=\"elementor-widget-container\"> <h3 class=\"elementor-heading-title elementor-size-default\">Afl&#259; mai multe despre...<\/h3> <\/div> <\/div> <\/div> <\/div> <div class=\"elementor-column elementor-col-50 elementor-top-column elementor-element elementor-element-8438836\" data-id=\"8438836\" data-element_type=\"column\" data-e-type=\"column\"> <div class=\"elementor-widget-wrap\"> <\/div> <\/div> <\/div> <\/section> <section class=\"elementor-section elementor-top-section elementor-element elementor-element-004874f elementor-section-boxed elementor-section-height-default elementor-section-height-default\" data-id=\"004874f\" data-element_type=\"section\" data-e-type=\"section\"> <div class=\"elementor-container elementor-column-gap-default\"> <div class=\"elementor-column elementor-col-100 elementor-top-column elementor-element elementor-element-5668d01\" data-id=\"5668d01\" data-element_type=\"column\" data-e-type=\"column\"> <div class=\"elementor-widget-wrap elementor-element-populated\"> <section class=\"elementor-section elementor-inner-section elementor-element elementor-element-d6170fe services4col elementor-section-boxed elementor-section-height-default elementor-section-height-default\" data-id=\"d6170fe\" data-element_type=\"section\" data-e-type=\"section\"> <div class=\"elementor-container elementor-column-gap-default\"> <div class=\"elementor-column elementor-col-50 elementor-inner-column elementor-element elementor-element-91c0a5a col-hover\" data-id=\"91c0a5a\" data-element_type=\"column\" data-e-type=\"column\" data-settings='{\"background_background\":\"classic\"}'> <div class=\"elementor-widget-wrap elementor-element-populated\"> <div class=\"elementor-element elementor-element-c33f875 elementor-widget elementor-widget-heading\" data-id=\"c33f875\" data-element_type=\"widget\" data-e-type=\"widget\" data-widget_type=\"heading.default\"> <div class=\"elementor-widget-container\"> <p class=\"elementor-heading-title elementor-size-default\">SECURITATE CIBERNETIC&#258;<\/p> <\/div> <\/div> <div class=\"elementor-element elementor-element-e3705c4 elementor-widget elementor-widget-text-editor\" data-id=\"e3705c4\" data-element_type=\"widget\" data-e-type=\"widget\" data-widget_type=\"text-editor.default\"> <div class=\"elementor-widget-container\"> Solu&#355;iile de securitate cibernetic&#259; certSIGN, conforme cu Directiva NIS \/ Legea nr. 362\/2018 <\/div> <\/div> <div class=\"elementor-element elementor-element-bce1d53 elementor-align-justify line-button elementor-widget__width-inherit elementor-absolute elementor-widget elementor-widget-button\" data-id=\"bce1d53\" data-element_type=\"widget\" data-e-type=\"widget\" data-settings='{\"_position\":\"absolute\"}' data-widget_type=\"button.default\"> <div class=\"elementor-widget-container\"> <div class=\"elementor-button-wrapper\"> <a class=\"elementor-button elementor-button-link elementor-size-sm\" href=\"\/wp-content\/uploads\/2021\/02\/certSIGN-White-Paper-Solutii-de-Securitate-Cibernetica.pdf\"> <span class=\"elementor-button-content-wrapper\"> <span class=\"elementor-button-text\">Descarca pdf<\/span> <\/span> <\/a> <\/div> <\/div> <\/div> <\/div> <\/div> <div class=\"elementor-column elementor-col-50 elementor-inner-column elementor-element elementor-element-0428ded col-hover\" data-id=\"0428ded\" data-element_type=\"column\" data-e-type=\"column\" data-settings='{\"background_background\":\"classic\"}'> <div class=\"elementor-widget-wrap elementor-element-populated\"> <div class=\"elementor-element elementor-element-b088a13 elementor-widget elementor-widget-heading\" data-id=\"b088a13\" data-element_type=\"widget\" data-e-type=\"widget\" data-widget_type=\"heading.default\"> <div class=\"elementor-widget-container\"> <p class=\"elementor-heading-title elementor-size-default\">SEMN&#258;TUR&#258; ELECTRONIC&#258;<\/p> <\/div> <\/div> <div class=\"elementor-element elementor-element-c2d6d5a elementor-widget elementor-widget-text-editor\" data-id=\"c2d6d5a\" data-element_type=\"widget\" data-e-type=\"widget\" data-widget_type=\"text-editor.default\"> <div class=\"elementor-widget-container\"> <p>Solu&#355;iile de semn&#259;tur&#259; electronic&#259; certSIGN, conforme cu Regulamentul eIDAS 910\/2014<\/p> <\/div> <\/div> <div class=\"elementor-element elementor-element-77a03af elementor-align-justify line-button elementor-widget__width-inherit elementor-absolute elementor-widget elementor-widget-button\" data-id=\"77a03af\" data-element_type=\"widget\" data-e-type=\"widget\" data-settings='{\"_position\":\"absolute\"}' data-widget_type=\"button.default\"> <div class=\"elementor-widget-container\"> <div class=\"elementor-button-wrapper\"> <a class=\"elementor-button elementor-button-link elementor-size-sm\" href=\"\/wp-content\/uploads\/2021\/02\/Pliant-certSIGN-Semnatura-Electronica-cu-Valoarea-Legala.pdf\"> <span class=\"elementor-button-content-wrapper\"> <span class=\"elementor-button-text\">Descarca pdf<\/span> <\/span> <\/a> <\/div> <\/div> <\/div> <\/div> <\/div> <\/div> <\/section> <\/div> <\/div> <\/div> <\/section> <\/div> <\/body><\/html>\n","protected":false},"excerpt":{"rendered":"<p>MayDay Security Conference- certSIGN MayDay este prima conferin&#355;&#259; interna&#355;ional&#259; de securitate cibernetic&#259; din Cluj-Napoca MAYDAY.CONF MayDay este prima conferin&#355;&#259; interna&#355;ional&#259; de securitate cibernetic&#259; din Cluj-Napoca, eveniment sus&#355;inut pe 24-25 octombrie 2019 la Opera Plaza Hotel. MayDay.conf vine &icirc;n &icirc;nt&acirc;mpinarea participan&#539;ilor cu cele mai recente &#537;i mai de impact tendin&#539;e din domeniul cyber security, dezvolt&#259;rii &#537;i [&hellip;]<\/p>\n","protected":false},"author":2,"featured_media":0,"parent":0,"menu_order":0,"comment_status":"closed","ping_status":"closed","template":"elementor_header_footer","meta":{"_acf_changed":false,"inline_featured_image":false,"footnotes":""},"class_list":["post-12053","page","type-page","status-publish","hentry"],"acf":[],"yoast_head":"<!-- This site is optimized with the Yoast SEO plugin v27.5 - https:\/\/yoast.com\/product\/yoast-seo-wordpress\/ -->\n<title>MayDay Security Conference - certSIGN<\/title>\n<meta name=\"description\" content=\"MayDay este prima conferin\u0163\u0103 interna\u0163ional\u0103 de securitate cibernetic\u0103 din Cluj-Napoca\" \/>\n<meta name=\"robots\" content=\"index, follow, max-snippet:-1, max-image-preview:large, max-video-preview:-1\" \/>\n<link rel=\"canonical\" href=\"https:\/\/www.certsign.ro\/ro\/mayday-security-conference-2019\/\" \/>\n<meta property=\"og:locale\" content=\"ro_RO\" \/>\n<meta property=\"og:type\" content=\"article\" \/>\n<meta property=\"og:title\" content=\"MayDay Security Conference - certSIGN\" \/>\n<meta property=\"og:description\" content=\"MayDay este prima conferin\u0163\u0103 interna\u0163ional\u0103 de securitate cibernetic\u0103 din Cluj-Napoca\" \/>\n<meta property=\"og:url\" content=\"https:\/\/www.certsign.ro\/ro\/mayday-security-conference-2019\/\" \/>\n<meta property=\"og:site_name\" content=\"certSIGN\" \/>\n<meta property=\"article:modified_time\" content=\"2021-02-25T08:02:46+00:00\" \/>\n<meta name=\"twitter:card\" content=\"summary_large_image\" \/>\n<meta name=\"twitter:label1\" content=\"Timp estimat pentru citire\" \/>\n\t<meta name=\"twitter:data1\" content=\"2 minute\" \/>\n<script type=\"application\/ld+json\" class=\"yoast-schema-graph\">{\"@context\":\"https:\\\/\\\/schema.org\",\"@graph\":[{\"@type\":\"WebPage\",\"@id\":\"https:\\\/\\\/www.certsign.ro\\\/ro\\\/mayday-security-conference-2019\\\/\",\"url\":\"https:\\\/\\\/www.certsign.ro\\\/ro\\\/mayday-security-conference-2019\\\/\",\"name\":\"MayDay Security Conference - certSIGN\",\"isPartOf\":{\"@id\":\"https:\\\/\\\/www.certsign.ro\\\/ro\\\/#website\"},\"datePublished\":\"2021-02-17T10:37:19+00:00\",\"dateModified\":\"2021-02-25T08:02:46+00:00\",\"description\":\"MayDay este prima conferin\u0163\u0103 interna\u0163ional\u0103 de securitate cibernetic\u0103 din Cluj-Napoca\",\"breadcrumb\":{\"@id\":\"https:\\\/\\\/www.certsign.ro\\\/ro\\\/mayday-security-conference-2019\\\/#breadcrumb\"},\"inLanguage\":\"ro-RO\",\"potentialAction\":[{\"@type\":\"ReadAction\",\"target\":[\"https:\\\/\\\/www.certsign.ro\\\/ro\\\/mayday-security-conference-2019\\\/\"]}]},{\"@type\":\"BreadcrumbList\",\"@id\":\"https:\\\/\\\/www.certsign.ro\\\/ro\\\/mayday-security-conference-2019\\\/#breadcrumb\",\"itemListElement\":[{\"@type\":\"ListItem\",\"position\":1,\"name\":\"Acas\u0103\",\"item\":\"https:\\\/\\\/www.certsign.ro\\\/ro\\\/\"},{\"@type\":\"ListItem\",\"position\":2,\"name\":\"MayDay Security Conference\"}]},{\"@type\":\"WebSite\",\"@id\":\"https:\\\/\\\/www.certsign.ro\\\/ro\\\/#website\",\"url\":\"https:\\\/\\\/www.certsign.ro\\\/ro\\\/\",\"name\":\"certSIGN\",\"description\":\"Prestator de servicii de \u00eencredere calificat\",\"publisher\":{\"@id\":\"https:\\\/\\\/www.certsign.ro\\\/ro\\\/#organization\"},\"potentialAction\":[{\"@type\":\"SearchAction\",\"target\":{\"@type\":\"EntryPoint\",\"urlTemplate\":\"https:\\\/\\\/www.certsign.ro\\\/ro\\\/?s={search_term_string}\"},\"query-input\":{\"@type\":\"PropertyValueSpecification\",\"valueRequired\":true,\"valueName\":\"search_term_string\"}}],\"inLanguage\":\"ro-RO\"},{\"@type\":\"Organization\",\"@id\":\"https:\\\/\\\/www.certsign.ro\\\/ro\\\/#organization\",\"name\":\"certSIGN\",\"url\":\"https:\\\/\\\/www.certsign.ro\\\/ro\\\/\",\"logo\":{\"@type\":\"ImageObject\",\"inLanguage\":\"ro-RO\",\"@id\":\"https:\\\/\\\/www.certsign.ro\\\/ro\\\/#\\\/schema\\\/logo\\\/image\\\/\",\"url\":\"https:\\\/\\\/www.certsign.ro\\\/wp-content\\\/uploads\\\/2024\\\/02\\\/certsign-email-template-logo.png\",\"contentUrl\":\"https:\\\/\\\/www.certsign.ro\\\/wp-content\\\/uploads\\\/2024\\\/02\\\/certsign-email-template-logo.png\",\"width\":317,\"height\":66,\"caption\":\"certSIGN\"},\"image\":{\"@id\":\"https:\\\/\\\/www.certsign.ro\\\/ro\\\/#\\\/schema\\\/logo\\\/image\\\/\"}}]}<\/script>\n<!-- \/ Yoast SEO plugin. -->","yoast_head_json":{"title":"MayDay Security Conference - certSIGN","description":"MayDay este prima conferin\u0163\u0103 interna\u0163ional\u0103 de securitate cibernetic\u0103 din Cluj-Napoca","robots":{"index":"index","follow":"follow","max-snippet":"max-snippet:-1","max-image-preview":"max-image-preview:large","max-video-preview":"max-video-preview:-1"},"canonical":"https:\/\/www.certsign.ro\/ro\/mayday-security-conference-2019\/","og_locale":"ro_RO","og_type":"article","og_title":"MayDay Security Conference - certSIGN","og_description":"MayDay este prima conferin\u0163\u0103 interna\u0163ional\u0103 de securitate cibernetic\u0103 din Cluj-Napoca","og_url":"https:\/\/www.certsign.ro\/ro\/mayday-security-conference-2019\/","og_site_name":"certSIGN","article_modified_time":"2021-02-25T08:02:46+00:00","twitter_card":"summary_large_image","twitter_misc":{"Timp estimat pentru citire":"2 minute"},"schema":{"@context":"https:\/\/schema.org","@graph":[{"@type":"WebPage","@id":"https:\/\/www.certsign.ro\/ro\/mayday-security-conference-2019\/","url":"https:\/\/www.certsign.ro\/ro\/mayday-security-conference-2019\/","name":"MayDay Security Conference - certSIGN","isPartOf":{"@id":"https:\/\/www.certsign.ro\/ro\/#website"},"datePublished":"2021-02-17T10:37:19+00:00","dateModified":"2021-02-25T08:02:46+00:00","description":"MayDay este prima conferin\u0163\u0103 interna\u0163ional\u0103 de securitate cibernetic\u0103 din Cluj-Napoca","breadcrumb":{"@id":"https:\/\/www.certsign.ro\/ro\/mayday-security-conference-2019\/#breadcrumb"},"inLanguage":"ro-RO","potentialAction":[{"@type":"ReadAction","target":["https:\/\/www.certsign.ro\/ro\/mayday-security-conference-2019\/"]}]},{"@type":"BreadcrumbList","@id":"https:\/\/www.certsign.ro\/ro\/mayday-security-conference-2019\/#breadcrumb","itemListElement":[{"@type":"ListItem","position":1,"name":"Acas\u0103","item":"https:\/\/www.certsign.ro\/ro\/"},{"@type":"ListItem","position":2,"name":"MayDay Security Conference"}]},{"@type":"WebSite","@id":"https:\/\/www.certsign.ro\/ro\/#website","url":"https:\/\/www.certsign.ro\/ro\/","name":"certSIGN","description":"Prestator de servicii de \u00eencredere calificat","publisher":{"@id":"https:\/\/www.certsign.ro\/ro\/#organization"},"potentialAction":[{"@type":"SearchAction","target":{"@type":"EntryPoint","urlTemplate":"https:\/\/www.certsign.ro\/ro\/?s={search_term_string}"},"query-input":{"@type":"PropertyValueSpecification","valueRequired":true,"valueName":"search_term_string"}}],"inLanguage":"ro-RO"},{"@type":"Organization","@id":"https:\/\/www.certsign.ro\/ro\/#organization","name":"certSIGN","url":"https:\/\/www.certsign.ro\/ro\/","logo":{"@type":"ImageObject","inLanguage":"ro-RO","@id":"https:\/\/www.certsign.ro\/ro\/#\/schema\/logo\/image\/","url":"https:\/\/www.certsign.ro\/wp-content\/uploads\/2024\/02\/certsign-email-template-logo.png","contentUrl":"https:\/\/www.certsign.ro\/wp-content\/uploads\/2024\/02\/certsign-email-template-logo.png","width":317,"height":66,"caption":"certSIGN"},"image":{"@id":"https:\/\/www.certsign.ro\/ro\/#\/schema\/logo\/image\/"}}]}},"_links":{"self":[{"href":"https:\/\/www.certsign.ro\/ro\/wp-json\/wp\/v2\/pages\/12053","targetHints":{"allow":["GET"]}}],"collection":[{"href":"https:\/\/www.certsign.ro\/ro\/wp-json\/wp\/v2\/pages"}],"about":[{"href":"https:\/\/www.certsign.ro\/ro\/wp-json\/wp\/v2\/types\/page"}],"author":[{"embeddable":true,"href":"https:\/\/www.certsign.ro\/ro\/wp-json\/wp\/v2\/users\/2"}],"replies":[{"embeddable":true,"href":"https:\/\/www.certsign.ro\/ro\/wp-json\/wp\/v2\/comments?post=12053"}],"version-history":[{"count":0,"href":"https:\/\/www.certsign.ro\/ro\/wp-json\/wp\/v2\/pages\/12053\/revisions"}],"wp:attachment":[{"href":"https:\/\/www.certsign.ro\/ro\/wp-json\/wp\/v2\/media?parent=12053"}],"curies":[{"name":"wp","href":"https:\/\/api.w.org\/{rel}","templated":true}]}}