{"id":23446,"date":"2021-04-06T15:11:27","date_gmt":"2021-04-06T15:11:27","guid":{"rendered":"https:\/\/www.certsign.ro\/?page_id=23446"},"modified":"2024-04-15T08:26:53","modified_gmt":"2024-04-15T08:26:53","slug":"semnatura-necunoscuta-in-documentele-semnate-electronic-in-adobe","status":"publish","type":"page","link":"https:\/\/www.certsign.ro\/ro\/suport\/semnatura-necunoscuta-in-documentele-semnate-electronic-in-adobe\/","title":{"rendered":"Semn\u0103tur\u0103 necunoscut\u0103 \u00een documentele semnate electronic \u00een Adobe"},"content":{"rendered":"<!DOCTYPE html PUBLIC \"-\/\/W3C\/\/DTD HTML 4.0 Transitional\/\/EN\" \"http:\/\/www.w3.org\/TR\/REC-html40\/loose.dtd\">\n<html><body><h2 style=\"display:none !important\">Informa&#355;ii suport privind semn&#259;tura necunoscut&#259; &icirc;n documentele semnate electronic &icirc;n Adobe<\/h2><h1 style=\"display:none !important\">Semn&#259;tur&#259; necunoscut&#259; &icirc;n documentele semnate electronic &icirc;n Adobe- certSIGN<\/h1><div data-elementor-type=\"wp-page\" data-elementor-id=\"23446\" class=\"elementor elementor-23446\" data-elementor-post-type=\"page\" id=\"main-page-content\"> <section class=\"elementor-section elementor-top-section elementor-element elementor-element-5ca2dc5 elementor-section-boxed elementor-section-height-default elementor-section-height-default\" data-id=\"5ca2dc5\" data-element_type=\"section\" data-e-type=\"section\" data-settings='{\"background_background\":\"gradient\"}'> <div class=\"elementor-container elementor-column-gap-default\"> <div class=\"elementor-column elementor-col-100 elementor-top-column elementor-element elementor-element-da9f19d\" data-id=\"da9f19d\" data-element_type=\"column\" data-e-type=\"column\" data-settings='{\"background_background\":\"classic\"}'> <div class=\"elementor-widget-wrap elementor-element-populated\"> <div class=\"elementor-background-overlay\"><\/div> <section class=\"elementor-section elementor-inner-section elementor-element elementor-element-ca42a4b elementor-section-height-min-height elementor-section-content-middle elementor-section-boxed elementor-section-height-default\" data-id=\"ca42a4b\" data-element_type=\"section\" data-e-type=\"section\"> <div class=\"elementor-container elementor-column-gap-default\"> <div class=\"elementor-column elementor-col-100 elementor-inner-column elementor-element elementor-element-dd5fc2c\" data-id=\"dd5fc2c\" data-element_type=\"column\" data-e-type=\"column\"> <div class=\"elementor-widget-wrap elementor-element-populated\"> <div class=\"elementor-element elementor-element-ec871f5 elementor-align-left elementor-widget__width-inherit elementor-absolute elementor-tablet-align-center elementor-mobile-align-center elementor-widget-tablet__width-inherit elementor-widget elementor-widget-breadcrumbs\" data-id=\"ec871f5\" data-element_type=\"widget\" data-e-type=\"widget\" data-settings='{\"_position\":\"absolute\"}' data-widget_type=\"breadcrumbs.default\"> <div class=\"elementor-widget-container\"> <nav id=\"breadcrumbs\"><span><span><a href=\"https:\/\/www.certsign.ro\/ro\/\">Acas&#259;<\/a><\/span><\/span><\/nav> <\/div> <\/div> <div class=\"elementor-element elementor-element-aea260c elementor-widget elementor-widget-heading\" data-id=\"aea260c\" data-element_type=\"widget\" data-e-type=\"widget\" data-widget_type=\"heading.default\"> <div class=\"elementor-widget-container\"> <h2 class=\"elementor-heading-title elementor-size-default\">Semn&#259;tur&#259; necunoscut&#259; &icirc;n documentele semnate electronic &icirc;n Adobe<\/h2> <\/div> <\/div> <\/div> <\/div> <\/div> <\/section> <\/div> <\/div> <\/div> <\/section> <section class=\"elementor-section elementor-top-section elementor-element elementor-element-89fade2 elementor-section-boxed elementor-section-height-default elementor-section-height-default\" data-id=\"89fade2\" data-element_type=\"section\" data-e-type=\"section\"> <div class=\"elementor-container elementor-column-gap-default\"> <div class=\"elementor-column elementor-col-100 elementor-top-column elementor-element elementor-element-bf31e54\" data-id=\"bf31e54\" data-element_type=\"column\" data-e-type=\"column\"> <div class=\"elementor-widget-wrap elementor-element-populated\"> <section class=\"elementor-section elementor-inner-section elementor-element elementor-element-fce24e2 elementor-section-boxed elementor-section-height-default elementor-section-height-default\" data-id=\"fce24e2\" data-element_type=\"section\" data-e-type=\"section\"> <div class=\"elementor-container elementor-column-gap-default\"> <div class=\"elementor-column elementor-col-100 elementor-inner-column elementor-element elementor-element-62ed436\" data-id=\"62ed436\" data-element_type=\"column\" data-e-type=\"column\"> <div class=\"elementor-widget-wrap elementor-element-populated\"> <div class=\"elementor-element elementor-element-46d672b elementor-widget elementor-widget-text-editor\" data-id=\"46d672b\" data-element_type=\"widget\" data-e-type=\"widget\" data-widget_type=\"text-editor.default\"> <div class=\"elementor-widget-container\"> &Icirc;n cazul afi&#351;&#259;rii unor mesaje care semnalizeaz&#259; o semn&#259;tur&#259; necunoscut&#259; &icirc;n documentele semnate electronic &icirc;n Adobe, ca &icirc;n imaginile de mai jos, pute&#355;i realiza o serie de pa&#351;i. <\/div> <\/div> <div class=\"elementor-element elementor-element-c2b9845 elementor-widget elementor-widget-image\" data-id=\"c2b9845\" data-element_type=\"widget\" data-e-type=\"widget\" data-widget_type=\"image.default\"> <div class=\"elementor-widget-container\"> <img fetchpriority=\"high\" decoding=\"async\" width=\"1200\" height=\"417\" src=\"https:\/\/www.certsign.ro\/wp-content\/uploads\/2021\/04\/Semnatura-necunoscuta_1.jpg\" class=\"attachment-full size-full wp-image-23448\" alt=\"\" srcset=\"https:\/\/www.certsign.ro\/wp-content\/uploads\/2021\/04\/Semnatura-necunoscuta_1.jpg 1200w, https:\/\/www.certsign.ro\/wp-content\/uploads\/2021\/04\/Semnatura-necunoscuta_1-300x104.jpg 300w, https:\/\/www.certsign.ro\/wp-content\/uploads\/2021\/04\/Semnatura-necunoscuta_1-1024x356.jpg 1024w, https:\/\/www.certsign.ro\/wp-content\/uploads\/2021\/04\/Semnatura-necunoscuta_1-768x267.jpg 768w\" sizes=\"(max-width: 1200px) 100vw, 1200px\"> <\/div> <\/div> <div class=\"elementor-element elementor-element-b748c49 elementor-widget elementor-widget-text-editor\" data-id=\"b748c49\" data-element_type=\"widget\" data-e-type=\"widget\" data-widget_type=\"text-editor.default\"> <div class=\"elementor-widget-container\"> 1. Ap&#259;sa&#355;i simultan CTRL + K sau selecta&#355;i <strong>Edit<\/strong> &#351;i apoi <strong>Preferences<\/strong>. <\/div> <\/div> <div class=\"elementor-element elementor-element-b9bd92c elementor-widget elementor-widget-image\" data-id=\"b9bd92c\" data-element_type=\"widget\" data-e-type=\"widget\" data-widget_type=\"image.default\"> <div class=\"elementor-widget-container\"> <img decoding=\"async\" width=\"331\" height=\"721\" src=\"https:\/\/www.certsign.ro\/wp-content\/uploads\/2021\/04\/Semnatura-necunoscuta_2.png\" class=\"attachment-full size-full wp-image-23450\" alt=\"\" srcset=\"https:\/\/www.certsign.ro\/wp-content\/uploads\/2021\/04\/Semnatura-necunoscuta_2.png 331w, https:\/\/www.certsign.ro\/wp-content\/uploads\/2021\/04\/Semnatura-necunoscuta_2-138x300.png 138w\" sizes=\"(max-width: 331px) 100vw, 331px\"> <\/div> <\/div> <div class=\"elementor-element elementor-element-69a4461 elementor-widget elementor-widget-text-editor\" data-id=\"69a4461\" data-element_type=\"widget\" data-e-type=\"widget\" data-widget_type=\"text-editor.default\"> <div class=\"elementor-widget-container\"> 2. Merge&#355;i la <strong>Signatures<\/strong>, <strong>Verification<\/strong> iar apoi da&#355;i click pe <strong>More<\/strong>. <\/div> <\/div> <div class=\"elementor-element elementor-element-8040b10 elementor-widget elementor-widget-image\" data-id=\"8040b10\" data-element_type=\"widget\" data-e-type=\"widget\" data-widget_type=\"image.default\"> <div class=\"elementor-widget-container\"> <img decoding=\"async\" width=\"1347\" height=\"919\" src=\"https:\/\/www.certsign.ro\/wp-content\/uploads\/2021\/04\/Semnatura-necunoscuta_3.png\" class=\"attachment-full size-full wp-image-23452\" alt=\"\" srcset=\"https:\/\/www.certsign.ro\/wp-content\/uploads\/2021\/04\/Semnatura-necunoscuta_3.png 1347w, https:\/\/www.certsign.ro\/wp-content\/uploads\/2021\/04\/Semnatura-necunoscuta_3-300x205.png 300w, https:\/\/www.certsign.ro\/wp-content\/uploads\/2021\/04\/Semnatura-necunoscuta_3-1024x699.png 1024w, https:\/\/www.certsign.ro\/wp-content\/uploads\/2021\/04\/Semnatura-necunoscuta_3-768x524.png 768w\" sizes=\"(max-width: 1347px) 100vw, 1347px\"> <\/div> <\/div> <div class=\"elementor-element elementor-element-6bfe5f6 elementor-widget elementor-widget-text-editor\" data-id=\"6bfe5f6\" data-element_type=\"widget\" data-e-type=\"widget\" data-widget_type=\"text-editor.default\"> <div class=\"elementor-widget-container\"> 3. &Icirc;n fereastra deschis&#259;, la <strong>Windows Integration \/ Trust ALL root certificates in the Windows Certificate Store for<\/strong> bifa&#355;i ambele c&#259;su&#355;e &#351;i ap&#259;sa&#355;i <strong>OK<\/strong>. <\/div> <\/div> <div class=\"elementor-element elementor-element-8443d80 elementor-widget elementor-widget-image\" data-id=\"8443d80\" data-element_type=\"widget\" data-e-type=\"widget\" data-widget_type=\"image.default\"> <div class=\"elementor-widget-container\"> <img loading=\"lazy\" decoding=\"async\" width=\"883\" height=\"848\" src=\"https:\/\/www.certsign.ro\/wp-content\/uploads\/2021\/04\/Semnatura-necunoscuta_4.png\" class=\"attachment-full size-full wp-image-23454\" alt=\"\" srcset=\"https:\/\/www.certsign.ro\/wp-content\/uploads\/2021\/04\/Semnatura-necunoscuta_4.png 883w, https:\/\/www.certsign.ro\/wp-content\/uploads\/2021\/04\/Semnatura-necunoscuta_4-300x288.png 300w, https:\/\/www.certsign.ro\/wp-content\/uploads\/2021\/04\/Semnatura-necunoscuta_4-768x738.png 768w\" sizes=\"(max-width: 883px) 100vw, 883px\"> <\/div> <\/div> <div class=\"elementor-element elementor-element-1c2abcb elementor-widget elementor-widget-text-editor\" data-id=\"1c2abcb\" data-element_type=\"widget\" data-e-type=\"widget\" data-widget_type=\"text-editor.default\"> <div class=\"elementor-widget-container\"> 4. Face&#355;i click dreapta pe chenarul cu semn&#259;tura aplicat&#259; &icirc;n document &#351;i click pe <strong>Validate signature<\/strong>. <\/div> <\/div> <div class=\"elementor-element elementor-element-23697f2 elementor-widget elementor-widget-image\" data-id=\"23697f2\" data-element_type=\"widget\" data-e-type=\"widget\" data-widget_type=\"image.default\"> <div class=\"elementor-widget-container\"> <img loading=\"lazy\" decoding=\"async\" width=\"456\" height=\"219\" src=\"https:\/\/www.certsign.ro\/wp-content\/uploads\/2021\/04\/Semnatura-necunoscuta_5.png\" class=\"attachment-full size-full wp-image-23456\" alt=\"\" srcset=\"https:\/\/www.certsign.ro\/wp-content\/uploads\/2021\/04\/Semnatura-necunoscuta_5.png 456w, https:\/\/www.certsign.ro\/wp-content\/uploads\/2021\/04\/Semnatura-necunoscuta_5-300x144.png 300w\" sizes=\"(max-width: 456px) 100vw, 456px\"> <\/div> <\/div> <\/div> <\/div> <\/div> <\/section> <\/div> <\/div> <\/div> <\/section> <\/div> <\/body><\/html>\n","protected":false},"excerpt":{"rendered":"<p>Informa&#355;ii suport privind semn&#259;tura necunoscut&#259; &icirc;n documentele semnate electronic &icirc;n Adobe Semn&#259;tur&#259; necunoscut&#259; &icirc;n documentele semnate electronic &icirc;n Adobe- certSIGN Semn&#259;tur&#259; necunoscut&#259; &icirc;n documentele semnate electronic &icirc;n Adobe &Icirc;n cazul afi&#351;&#259;rii unor mesaje care semnalizeaz&#259; o semn&#259;tur&#259; necunoscut&#259; &icirc;n documentele semnate electronic &icirc;n Adobe, ca &icirc;n imaginile de mai jos, pute&#355;i realiza o serie de [&hellip;]<\/p>\n","protected":false},"author":8,"featured_media":23322,"parent":117584,"menu_order":0,"comment_status":"closed","ping_status":"closed","template":"elementor_header_footer","meta":{"_acf_changed":false,"inline_featured_image":false,"footnotes":""},"class_list":["post-23446","page","type-page","status-publish","hentry"],"acf":[],"yoast_head":"<!-- This site is optimized with the Yoast SEO plugin v27.2 - https:\/\/yoast.com\/product\/yoast-seo-wordpress\/ -->\n<title>Semn\u0103tur\u0103 necunoscut\u0103 \u00een documentele semnate electronic \u00een Adobe - certSIGN<\/title>\n<meta name=\"description\" content=\"Informa\u0163ii suport privind semn\u0103tura necunoscut\u0103 \u00een documentele semnate electronic \u00een Adobe\" \/>\n<meta name=\"robots\" content=\"index, follow, max-snippet:-1, max-image-preview:large, max-video-preview:-1\" \/>\n<link rel=\"canonical\" href=\"https:\/\/www.certsign.ro\/ro\/suport\/semnatura-necunoscuta-in-documentele-semnate-electronic-in-adobe\/\" \/>\n<meta property=\"og:locale\" content=\"ro_RO\" \/>\n<meta property=\"og:type\" content=\"article\" \/>\n<meta property=\"og:title\" content=\"Semn\u0103tur\u0103 necunoscut\u0103 \u00een documentele semnate electronic \u00een Adobe - certSIGN\" \/>\n<meta property=\"og:description\" content=\"Informa\u0163ii suport privind semn\u0103tura necunoscut\u0103 \u00een documentele semnate electronic \u00een Adobe\" \/>\n<meta property=\"og:url\" content=\"https:\/\/www.certsign.ro\/ro\/suport\/semnatura-necunoscuta-in-documentele-semnate-electronic-in-adobe\/\" \/>\n<meta property=\"og:site_name\" content=\"certSIGN\" \/>\n<meta property=\"article:modified_time\" content=\"2024-04-15T08:26:53+00:00\" \/>\n<meta property=\"og:image\" content=\"https:\/\/www.certsign.ro\/wp-content\/uploads\/2021\/04\/Suport-Adobe-Acrobat_header.jpg\" \/>\n\t<meta property=\"og:image:width\" content=\"1391\" \/>\n\t<meta property=\"og:image:height\" content=\"375\" \/>\n\t<meta property=\"og:image:type\" content=\"image\/jpeg\" \/>\n<meta name=\"twitter:card\" content=\"summary_large_image\" \/>\n<meta name=\"twitter:label1\" content=\"Timp estimat pentru citire\" \/>\n\t<meta name=\"twitter:data1\" content=\"2 minute\" \/>\n<script type=\"application\/ld+json\" class=\"yoast-schema-graph\">{\"@context\":\"https:\/\/schema.org\",\"@graph\":[{\"@type\":\"WebPage\",\"@id\":\"https:\/\/www.certsign.ro\/ro\/suport\/semnatura-necunoscuta-in-documentele-semnate-electronic-in-adobe\/\",\"url\":\"https:\/\/www.certsign.ro\/ro\/suport\/semnatura-necunoscuta-in-documentele-semnate-electronic-in-adobe\/\",\"name\":\"Semn\u0103tur\u0103 necunoscut\u0103 \u00een documentele semnate electronic \u00een Adobe - certSIGN\",\"isPartOf\":{\"@id\":\"https:\/\/www.certsign.ro\/ro\/#website\"},\"primaryImageOfPage\":{\"@id\":\"https:\/\/www.certsign.ro\/ro\/suport\/semnatura-necunoscuta-in-documentele-semnate-electronic-in-adobe\/#primaryimage\"},\"image\":{\"@id\":\"https:\/\/www.certsign.ro\/ro\/suport\/semnatura-necunoscuta-in-documentele-semnate-electronic-in-adobe\/#primaryimage\"},\"thumbnailUrl\":\"https:\/\/www.certsign.ro\/wp-content\/uploads\/2021\/04\/Semnatura-necunoscuta_1.jpg\",\"datePublished\":\"2021-04-06T15:11:27+00:00\",\"dateModified\":\"2024-04-15T08:26:53+00:00\",\"description\":\"Informa\u0163ii suport privind semn\u0103tura necunoscut\u0103 \u00een documentele semnate electronic \u00een Adobe\",\"breadcrumb\":{\"@id\":\"https:\/\/www.certsign.ro\/ro\/suport\/semnatura-necunoscuta-in-documentele-semnate-electronic-in-adobe\/#breadcrumb\"},\"inLanguage\":\"ro-RO\",\"potentialAction\":[{\"@type\":\"ReadAction\",\"target\":[\"https:\/\/www.certsign.ro\/ro\/suport\/semnatura-necunoscuta-in-documentele-semnate-electronic-in-adobe\/\"]}]},{\"@type\":\"ImageObject\",\"inLanguage\":\"ro-RO\",\"@id\":\"https:\/\/www.certsign.ro\/ro\/suport\/semnatura-necunoscuta-in-documentele-semnate-electronic-in-adobe\/#primaryimage\",\"url\":\"https:\/\/www.certsign.ro\/wp-content\/uploads\/2021\/04\/Semnatura-necunoscuta_1.jpg\",\"contentUrl\":\"https:\/\/www.certsign.ro\/wp-content\/uploads\/2021\/04\/Semnatura-necunoscuta_1.jpg\"},{\"@type\":\"BreadcrumbList\",\"@id\":\"https:\/\/www.certsign.ro\/ro\/suport\/semnatura-necunoscuta-in-documentele-semnate-electronic-in-adobe\/#breadcrumb\",\"itemListElement\":[{\"@type\":\"ListItem\",\"position\":1,\"name\":\"Acas\u0103\",\"item\":\"https:\/\/www.certsign.ro\/ro\/\"},{\"@type\":\"ListItem\",\"position\":2,\"name\":\"Suport\",\"item\":\"https:\/\/www.certsign.ro\/ro\/suport\/\"},{\"@type\":\"ListItem\",\"position\":3,\"name\":\"Semn\u0103tur\u0103 necunoscut\u0103 \u00een documentele semnate electronic \u00een Adobe\"}]},{\"@type\":\"WebSite\",\"@id\":\"https:\/\/www.certsign.ro\/ro\/#website\",\"url\":\"https:\/\/www.certsign.ro\/ro\/\",\"name\":\"certSIGN\",\"description\":\"Prestator de servicii de \u00eencredere calificat\",\"publisher\":{\"@id\":\"https:\/\/www.certsign.ro\/ro\/#organization\"},\"potentialAction\":[{\"@type\":\"SearchAction\",\"target\":{\"@type\":\"EntryPoint\",\"urlTemplate\":\"https:\/\/www.certsign.ro\/ro\/?s={search_term_string}\"},\"query-input\":{\"@type\":\"PropertyValueSpecification\",\"valueRequired\":true,\"valueName\":\"search_term_string\"}}],\"inLanguage\":\"ro-RO\"},{\"@type\":\"Organization\",\"@id\":\"https:\/\/www.certsign.ro\/ro\/#organization\",\"name\":\"certSIGN\",\"url\":\"https:\/\/www.certsign.ro\/ro\/\",\"logo\":{\"@type\":\"ImageObject\",\"inLanguage\":\"ro-RO\",\"@id\":\"https:\/\/www.certsign.ro\/ro\/#\/schema\/logo\/image\/\",\"url\":\"https:\/\/www.certsign.ro\/wp-content\/uploads\/2024\/02\/certsign-email-template-logo.png\",\"contentUrl\":\"https:\/\/www.certsign.ro\/wp-content\/uploads\/2024\/02\/certsign-email-template-logo.png\",\"width\":317,\"height\":66,\"caption\":\"certSIGN\"},\"image\":{\"@id\":\"https:\/\/www.certsign.ro\/ro\/#\/schema\/logo\/image\/\"}}]}<\/script>\n<!-- \/ Yoast SEO plugin. -->","yoast_head_json":{"title":"Semn\u0103tur\u0103 necunoscut\u0103 \u00een documentele semnate electronic \u00een Adobe - certSIGN","description":"Informa\u0163ii suport privind semn\u0103tura necunoscut\u0103 \u00een documentele semnate electronic \u00een Adobe","robots":{"index":"index","follow":"follow","max-snippet":"max-snippet:-1","max-image-preview":"max-image-preview:large","max-video-preview":"max-video-preview:-1"},"canonical":"https:\/\/www.certsign.ro\/ro\/suport\/semnatura-necunoscuta-in-documentele-semnate-electronic-in-adobe\/","og_locale":"ro_RO","og_type":"article","og_title":"Semn\u0103tur\u0103 necunoscut\u0103 \u00een documentele semnate electronic \u00een Adobe - certSIGN","og_description":"Informa\u0163ii suport privind semn\u0103tura necunoscut\u0103 \u00een documentele semnate electronic \u00een Adobe","og_url":"https:\/\/www.certsign.ro\/ro\/suport\/semnatura-necunoscuta-in-documentele-semnate-electronic-in-adobe\/","og_site_name":"certSIGN","article_modified_time":"2024-04-15T08:26:53+00:00","og_image":[{"width":1391,"height":375,"url":"https:\/\/www.certsign.ro\/wp-content\/uploads\/2021\/04\/Suport-Adobe-Acrobat_header.jpg","type":"image\/jpeg"}],"twitter_card":"summary_large_image","twitter_misc":{"Timp estimat pentru citire":"2 minute"},"schema":{"@context":"https:\/\/schema.org","@graph":[{"@type":"WebPage","@id":"https:\/\/www.certsign.ro\/ro\/suport\/semnatura-necunoscuta-in-documentele-semnate-electronic-in-adobe\/","url":"https:\/\/www.certsign.ro\/ro\/suport\/semnatura-necunoscuta-in-documentele-semnate-electronic-in-adobe\/","name":"Semn\u0103tur\u0103 necunoscut\u0103 \u00een documentele semnate electronic \u00een Adobe - certSIGN","isPartOf":{"@id":"https:\/\/www.certsign.ro\/ro\/#website"},"primaryImageOfPage":{"@id":"https:\/\/www.certsign.ro\/ro\/suport\/semnatura-necunoscuta-in-documentele-semnate-electronic-in-adobe\/#primaryimage"},"image":{"@id":"https:\/\/www.certsign.ro\/ro\/suport\/semnatura-necunoscuta-in-documentele-semnate-electronic-in-adobe\/#primaryimage"},"thumbnailUrl":"https:\/\/www.certsign.ro\/wp-content\/uploads\/2021\/04\/Semnatura-necunoscuta_1.jpg","datePublished":"2021-04-06T15:11:27+00:00","dateModified":"2024-04-15T08:26:53+00:00","description":"Informa\u0163ii suport privind semn\u0103tura necunoscut\u0103 \u00een documentele semnate electronic \u00een Adobe","breadcrumb":{"@id":"https:\/\/www.certsign.ro\/ro\/suport\/semnatura-necunoscuta-in-documentele-semnate-electronic-in-adobe\/#breadcrumb"},"inLanguage":"ro-RO","potentialAction":[{"@type":"ReadAction","target":["https:\/\/www.certsign.ro\/ro\/suport\/semnatura-necunoscuta-in-documentele-semnate-electronic-in-adobe\/"]}]},{"@type":"ImageObject","inLanguage":"ro-RO","@id":"https:\/\/www.certsign.ro\/ro\/suport\/semnatura-necunoscuta-in-documentele-semnate-electronic-in-adobe\/#primaryimage","url":"https:\/\/www.certsign.ro\/wp-content\/uploads\/2021\/04\/Semnatura-necunoscuta_1.jpg","contentUrl":"https:\/\/www.certsign.ro\/wp-content\/uploads\/2021\/04\/Semnatura-necunoscuta_1.jpg"},{"@type":"BreadcrumbList","@id":"https:\/\/www.certsign.ro\/ro\/suport\/semnatura-necunoscuta-in-documentele-semnate-electronic-in-adobe\/#breadcrumb","itemListElement":[{"@type":"ListItem","position":1,"name":"Acas\u0103","item":"https:\/\/www.certsign.ro\/ro\/"},{"@type":"ListItem","position":2,"name":"Suport","item":"https:\/\/www.certsign.ro\/ro\/suport\/"},{"@type":"ListItem","position":3,"name":"Semn\u0103tur\u0103 necunoscut\u0103 \u00een documentele semnate electronic \u00een Adobe"}]},{"@type":"WebSite","@id":"https:\/\/www.certsign.ro\/ro\/#website","url":"https:\/\/www.certsign.ro\/ro\/","name":"certSIGN","description":"Prestator de servicii de \u00eencredere calificat","publisher":{"@id":"https:\/\/www.certsign.ro\/ro\/#organization"},"potentialAction":[{"@type":"SearchAction","target":{"@type":"EntryPoint","urlTemplate":"https:\/\/www.certsign.ro\/ro\/?s={search_term_string}"},"query-input":{"@type":"PropertyValueSpecification","valueRequired":true,"valueName":"search_term_string"}}],"inLanguage":"ro-RO"},{"@type":"Organization","@id":"https:\/\/www.certsign.ro\/ro\/#organization","name":"certSIGN","url":"https:\/\/www.certsign.ro\/ro\/","logo":{"@type":"ImageObject","inLanguage":"ro-RO","@id":"https:\/\/www.certsign.ro\/ro\/#\/schema\/logo\/image\/","url":"https:\/\/www.certsign.ro\/wp-content\/uploads\/2024\/02\/certsign-email-template-logo.png","contentUrl":"https:\/\/www.certsign.ro\/wp-content\/uploads\/2024\/02\/certsign-email-template-logo.png","width":317,"height":66,"caption":"certSIGN"},"image":{"@id":"https:\/\/www.certsign.ro\/ro\/#\/schema\/logo\/image\/"}}]}},"_links":{"self":[{"href":"https:\/\/www.certsign.ro\/ro\/wp-json\/wp\/v2\/pages\/23446","targetHints":{"allow":["GET"]}}],"collection":[{"href":"https:\/\/www.certsign.ro\/ro\/wp-json\/wp\/v2\/pages"}],"about":[{"href":"https:\/\/www.certsign.ro\/ro\/wp-json\/wp\/v2\/types\/page"}],"author":[{"embeddable":true,"href":"https:\/\/www.certsign.ro\/ro\/wp-json\/wp\/v2\/users\/8"}],"replies":[{"embeddable":true,"href":"https:\/\/www.certsign.ro\/ro\/wp-json\/wp\/v2\/comments?post=23446"}],"version-history":[{"count":1,"href":"https:\/\/www.certsign.ro\/ro\/wp-json\/wp\/v2\/pages\/23446\/revisions"}],"predecessor-version":[{"id":139791,"href":"https:\/\/www.certsign.ro\/ro\/wp-json\/wp\/v2\/pages\/23446\/revisions\/139791"}],"up":[{"embeddable":true,"href":"https:\/\/www.certsign.ro\/ro\/wp-json\/wp\/v2\/pages\/117584"}],"wp:featuredmedia":[{"embeddable":true,"href":"https:\/\/www.certsign.ro\/ro\/wp-json\/wp\/v2\/media\/23322"}],"wp:attachment":[{"href":"https:\/\/www.certsign.ro\/ro\/wp-json\/wp\/v2\/media?parent=23446"}],"curies":[{"name":"wp","href":"https:\/\/api.w.org\/{rel}","templated":true}]}}