{"id":23462,"date":"2021-04-06T18:43:51","date_gmt":"2021-04-06T18:43:51","guid":{"rendered":"https:\/\/www.certsign.ro\/?page_id=23462"},"modified":"2024-04-15T08:21:37","modified_gmt":"2024-04-15T08:21:37","slug":"creare-aspect-semnatura-oug-140-2020","status":"publish","type":"page","link":"https:\/\/www.certsign.ro\/ro\/suport\/creare-aspect-semnatura-oug-140-2020\/","title":{"rendered":"Creare aspect semn\u0103tur\u0103 OUG 140\/2020 (speciali\u015fti construc\u0163ii, arhitectur\u0103 \u015fi urbanism)"},"content":{"rendered":"<!DOCTYPE html PUBLIC \"-\/\/W3C\/\/DTD HTML 4.0 Transitional\/\/EN\" \"http:\/\/www.w3.org\/TR\/REC-html40\/loose.dtd\">\n<html><body><h2 style=\"display:none !important\">Creare aspect semn&#259;tur&#259; OUG 140\/2020 (speciali&#351;ti construc&#355;ii, arhitectur&#259; &#351;i urbanism). Informa&#355;ii suport<\/h2><h1 style=\"display:none !important\">Creare aspect semn&#259;tur&#259; OUG 140\/2020 (speciali&#351;ti construc&#355;ii, arhitectur&#259; &#351;i urbanism)- certSIGN<\/h1><div data-elementor-type=\"wp-page\" data-elementor-id=\"23462\" class=\"elementor elementor-23462\" data-elementor-post-type=\"page\" id=\"main-page-content\"> <section class=\"elementor-section elementor-top-section elementor-element elementor-element-5ca2dc5 elementor-section-boxed elementor-section-height-default elementor-section-height-default\" data-id=\"5ca2dc5\" data-element_type=\"section\" data-e-type=\"section\" data-settings='{\"background_background\":\"gradient\"}'> <div class=\"elementor-container elementor-column-gap-default\"> <div class=\"elementor-column elementor-col-100 elementor-top-column elementor-element elementor-element-da9f19d\" data-id=\"da9f19d\" data-element_type=\"column\" data-e-type=\"column\" data-settings='{\"background_background\":\"classic\"}'> <div class=\"elementor-widget-wrap elementor-element-populated\"> <div class=\"elementor-background-overlay\"><\/div> <section class=\"elementor-section elementor-inner-section elementor-element elementor-element-ca42a4b elementor-section-height-min-height elementor-section-content-middle elementor-section-boxed elementor-section-height-default\" data-id=\"ca42a4b\" data-element_type=\"section\" data-e-type=\"section\"> <div class=\"elementor-container elementor-column-gap-default\"> <div class=\"elementor-column elementor-col-100 elementor-inner-column elementor-element elementor-element-dd5fc2c\" data-id=\"dd5fc2c\" data-element_type=\"column\" data-e-type=\"column\"> <div class=\"elementor-widget-wrap elementor-element-populated\"> <div class=\"elementor-element elementor-element-ec871f5 elementor-align-left elementor-widget__width-inherit elementor-absolute elementor-tablet-align-center elementor-mobile-align-center elementor-widget-tablet__width-inherit elementor-widget elementor-widget-breadcrumbs\" data-id=\"ec871f5\" data-element_type=\"widget\" data-e-type=\"widget\" data-settings='{\"_position\":\"absolute\"}' data-widget_type=\"breadcrumbs.default\"> <div class=\"elementor-widget-container\"> <nav id=\"breadcrumbs\"><span><span><a href=\"https:\/\/www.certsign.ro\/ro\/\">Acas&#259;<\/a><\/span><\/span><\/nav> <\/div> <\/div> <div class=\"elementor-element elementor-element-aea260c elementor-widget elementor-widget-heading\" data-id=\"aea260c\" data-element_type=\"widget\" data-e-type=\"widget\" data-widget_type=\"heading.default\"> <div class=\"elementor-widget-container\"> <h2 class=\"elementor-heading-title elementor-size-default\">Creare aspect semn&#259;tur&#259; OUG 140\/2020 (speciali&#351;ti construc&#355;ii, arhitectur&#259; &#351;i urbanism)<\/h2> <\/div> <\/div> <\/div> <\/div> <\/div> <\/section> <\/div> <\/div> <\/div> <\/section> <section class=\"elementor-section elementor-top-section elementor-element elementor-element-89fade2 elementor-section-boxed elementor-section-height-default elementor-section-height-default\" data-id=\"89fade2\" data-element_type=\"section\" data-e-type=\"section\"> <div class=\"elementor-container elementor-column-gap-default\"> <div class=\"elementor-column elementor-col-100 elementor-top-column elementor-element elementor-element-bf31e54\" data-id=\"bf31e54\" data-element_type=\"column\" data-e-type=\"column\"> <div class=\"elementor-widget-wrap elementor-element-populated\"> <section class=\"elementor-section elementor-inner-section elementor-element elementor-element-fce24e2 elementor-section-boxed elementor-section-height-default elementor-section-height-default\" data-id=\"fce24e2\" data-element_type=\"section\" data-e-type=\"section\"> <div class=\"elementor-container elementor-column-gap-default\"> <div class=\"elementor-column elementor-col-100 elementor-inner-column elementor-element elementor-element-62ed436\" data-id=\"62ed436\" data-element_type=\"column\" data-e-type=\"column\"> <div class=\"elementor-widget-wrap elementor-element-populated\"> <div class=\"elementor-element elementor-element-46d672b elementor-widget elementor-widget-text-editor\" data-id=\"46d672b\" data-element_type=\"widget\" data-e-type=\"widget\" data-widget_type=\"text-editor.default\"> <div class=\"elementor-widget-container\"> Pentru customizarea semn&#259;turii astfel &icirc;nc&acirc;t &icirc;n aspectul acesteia s&#259; apar&#259; informa&#355;iile solicitate de OUG 140 (speciali&#351;tii din domeniile construc&#355;ii, arhitectur&#259; &#351;i urbanism), parcurge&#355;i pa&#351;ii de mai jos. <\/div> <\/div> <div class=\"elementor-element elementor-element-b748c49 elementor-widget elementor-widget-text-editor\" data-id=\"b748c49\" data-element_type=\"widget\" data-e-type=\"widget\" data-widget_type=\"text-editor.default\"> <div class=\"elementor-widget-container\"> 1. Deschide&#355;i aplica&#355;ia Adobe Reader &#351;i accesa&#355;i <strong>Edit -&gt; Preferences -&gt; Signatures -&gt; Creation &amp; Appereance (More&hellip;)<\/strong>. <\/div> <\/div> <div class=\"elementor-element elementor-element-b9bd92c elementor-widget elementor-widget-image\" data-id=\"b9bd92c\" data-element_type=\"widget\" data-e-type=\"widget\" data-widget_type=\"image.default\"> <div class=\"elementor-widget-container\"> <img fetchpriority=\"high\" decoding=\"async\" width=\"758\" height=\"489\" src=\"https:\/\/www.certsign.ro\/wp-content\/uploads\/2021\/04\/Creare-aspect-semnatura-OUG_1.jpg\" class=\"attachment-full size-full wp-image-23464\" alt=\"\" srcset=\"https:\/\/www.certsign.ro\/wp-content\/uploads\/2021\/04\/Creare-aspect-semnatura-OUG_1.jpg 758w, https:\/\/www.certsign.ro\/wp-content\/uploads\/2021\/04\/Creare-aspect-semnatura-OUG_1-300x194.jpg 300w\" sizes=\"(max-width: 758px) 100vw, 758px\"> <\/div> <\/div> <div class=\"elementor-element elementor-element-69a4461 elementor-widget elementor-widget-text-editor\" data-id=\"69a4461\" data-element_type=\"widget\" data-e-type=\"widget\" data-widget_type=\"text-editor.default\"> <div class=\"elementor-widget-container\"> 2. Bifa&#355;i <strong>Show reasons<\/strong> &#351;i <strong>Show location and contact information<\/strong>, apoi selecta&#355;i <strong>New<\/strong> pentru a crea un aspect pentru semn&#259;tur&#259;. <\/div> <\/div> <div class=\"elementor-element elementor-element-8040b10 elementor-widget elementor-widget-image\" data-id=\"8040b10\" data-element_type=\"widget\" data-e-type=\"widget\" data-widget_type=\"image.default\"> <div class=\"elementor-widget-container\"> <img decoding=\"async\" width=\"380\" height=\"486\" src=\"https:\/\/www.certsign.ro\/wp-content\/uploads\/2021\/04\/Creare-aspect-semnatura-OUG_2.jpg\" class=\"attachment-full size-full wp-image-23466\" alt=\"\" srcset=\"https:\/\/www.certsign.ro\/wp-content\/uploads\/2021\/04\/Creare-aspect-semnatura-OUG_2.jpg 380w, https:\/\/www.certsign.ro\/wp-content\/uploads\/2021\/04\/Creare-aspect-semnatura-OUG_2-235x300.jpg 235w\" sizes=\"(max-width: 380px) 100vw, 380px\"> <\/div> <\/div> <div class=\"elementor-element elementor-element-6bfe5f6 elementor-widget elementor-widget-text-editor\" data-id=\"6bfe5f6\" data-element_type=\"widget\" data-e-type=\"widget\" data-widget_type=\"text-editor.default\"> <div class=\"elementor-widget-container\"> <p>3. Da&#539;i un titlu aspectului pe care &icirc;l ve&#539;i customiza, apoi configura&#539;i textul care va ap&#259;rea &icirc;n semn&#259;tur&#259;:<\/p><ul><li>de la sec&#539;iunea <strong>Configure Grafic<\/strong> pute&#539;i configura ceea ce apare &icirc;n partea st&acirc;ng&#259; a semn&#259;turii:<ul><li>bifa&#539;i check box-ul <strong>Name<\/strong> pentru a ap&#259;rea numele semnatarului;<\/li><\/ul><\/li><li>de la sec&#539;iunea <strong>Configure Text<\/strong> pute&#539;i configura ceea ce apare &icirc;n partea dreapt&#259; a semn&#259;turii:<ul><li>bifa&#539;i check box-urile <strong>Name<\/strong> &#537;i <strong>Date<\/strong> pentru a ap&#259;rea numele semnatarului &#537;i data de semnare;<\/li><li>bifa&#539;i check box-urile <strong>Location<\/strong> &#537;i <strong>Reason<\/strong> pentru a completa datele dvs. recomandate prin OUG 140; dac&#259; sunt multe detalii de scris, pute&#539;i bifa ambele op&#539;iuni, altfel una este suficient&#259;;<\/li><li>bifa&#539;i check box-ul <strong>Logo<\/strong> daca dori&#539;i ca &icirc;n spatele semn&#259;turii s&#259; apare sigla aplica&#539;iei Adobe (este op&#539;ional);<\/li><li>debifa&#355;i check box-ul <strong>Label<\/strong> ca s&#259; apar&#259; doar con&#539;inutul etichetelor Location &#537;i Reason, far&#259; denumirile lor.<\/li><\/ul><\/li><\/ul><p>Dup&#259; configurare, ap&#259;sa&#539;i butonul <strong>OK<\/strong>.<\/p> <\/div> <\/div> <div class=\"elementor-element elementor-element-8443d80 elementor-widget elementor-widget-image\" data-id=\"8443d80\" data-element_type=\"widget\" data-e-type=\"widget\" data-widget_type=\"image.default\"> <div class=\"elementor-widget-container\"> <img decoding=\"async\" width=\"390\" height=\"433\" src=\"https:\/\/www.certsign.ro\/wp-content\/uploads\/2021\/04\/Creare-aspect-semnatura-OUG_3.jpg\" class=\"attachment-full size-full wp-image-23468\" alt=\"\" srcset=\"https:\/\/www.certsign.ro\/wp-content\/uploads\/2021\/04\/Creare-aspect-semnatura-OUG_3.jpg 390w, https:\/\/www.certsign.ro\/wp-content\/uploads\/2021\/04\/Creare-aspect-semnatura-OUG_3-270x300.jpg 270w\" sizes=\"(max-width: 390px) 100vw, 390px\"> <\/div> <\/div> <div class=\"elementor-element elementor-element-1c2abcb elementor-widget elementor-widget-text-editor\" data-id=\"1c2abcb\" data-element_type=\"widget\" data-e-type=\"widget\" data-widget_type=\"text-editor.default\"> <div class=\"elementor-widget-container\"> 4. Semna&#355;i documentul acces&acirc;nd <strong>Tools -&gt; Certificates -&gt; Digitally Sign<\/strong>. &Icirc;n cadrul procesului de semnare alege&#539;i aspectul configurat anterior. Completa&#539;i detaliile dorite la Reason sau Location &#537;i ap&#259;sa&#539;i <strong>Sign<\/strong>. <\/div> <\/div> <div class=\"elementor-element elementor-element-23697f2 elementor-widget elementor-widget-image\" data-id=\"23697f2\" data-element_type=\"widget\" data-e-type=\"widget\" data-widget_type=\"image.default\"> <div class=\"elementor-widget-container\"> <img loading=\"lazy\" decoding=\"async\" width=\"353\" height=\"283\" src=\"https:\/\/www.certsign.ro\/wp-content\/uploads\/2021\/04\/Creare-aspect-semnatura-OUG_4.png\" class=\"attachment-full size-full wp-image-23470\" alt=\"\" srcset=\"https:\/\/www.certsign.ro\/wp-content\/uploads\/2021\/04\/Creare-aspect-semnatura-OUG_4.png 353w, https:\/\/www.certsign.ro\/wp-content\/uploads\/2021\/04\/Creare-aspect-semnatura-OUG_4-300x241.png 300w\" sizes=\"(max-width: 353px) 100vw, 353px\"> <\/div> <\/div> <div class=\"elementor-element elementor-element-158aa18 elementor-widget elementor-widget-text-editor\" data-id=\"158aa18\" data-element_type=\"widget\" data-e-type=\"widget\" data-widget_type=\"text-editor.default\"> <div class=\"elementor-widget-container\"> 5. Semn&#259;tura aplicat&#259; va avea detaliile configurate anterior. <\/div> <\/div> <div class=\"elementor-element elementor-element-df929a6 elementor-widget elementor-widget-image\" data-id=\"df929a6\" data-element_type=\"widget\" data-e-type=\"widget\" data-widget_type=\"image.default\"> <div class=\"elementor-widget-container\"> <img loading=\"lazy\" decoding=\"async\" width=\"207\" height=\"81\" src=\"https:\/\/www.certsign.ro\/wp-content\/uploads\/2021\/04\/Creare-aspect-semnatura-OUG_5-e1617735064931.png\" class=\"attachment-full size-full wp-image-23472\" alt=\"\"> <\/div> <\/div> <\/div> <\/div> <\/div> <\/section> <\/div> <\/div> <\/div> <\/section> <\/div> <\/body><\/html>\n","protected":false},"excerpt":{"rendered":"<p>Creare aspect semn&#259;tur&#259; OUG 140\/2020 (speciali&#351;ti construc&#355;ii, arhitectur&#259; &#351;i urbanism). Informa&#355;ii suport Creare aspect semn&#259;tur&#259; OUG 140\/2020 (speciali&#351;ti construc&#355;ii, arhitectur&#259; &#351;i urbanism)- certSIGN Creare aspect semn&#259;tur&#259; OUG 140\/2020 (speciali&#351;ti construc&#355;ii, arhitectur&#259; &#351;i urbanism) Pentru customizarea semn&#259;turii astfel &icirc;nc&acirc;t &icirc;n aspectul acesteia s&#259; apar&#259; informa&#355;iile solicitate de OUG 140 (speciali&#351;tii din domeniile construc&#355;ii, arhitectur&#259; &#351;i urbanism), [&hellip;]<\/p>\n","protected":false},"author":8,"featured_media":23322,"parent":117584,"menu_order":0,"comment_status":"closed","ping_status":"closed","template":"elementor_header_footer","meta":{"_acf_changed":false,"inline_featured_image":false,"footnotes":""},"class_list":["post-23462","page","type-page","status-publish","hentry"],"acf":[],"yoast_head":"<!-- This site is optimized with the Yoast SEO plugin v27.2 - https:\/\/yoast.com\/product\/yoast-seo-wordpress\/ -->\n<title>Creare aspect semn\u0103tur\u0103 OUG 140\/2020 (speciali\u015fti construc\u0163ii, arhitectur\u0103 \u015fi urbanism) - certSIGN<\/title>\n<meta name=\"description\" content=\"Creare aspect semn\u0103tur\u0103 OUG 140\/2020 (speciali\u015fti construc\u0163ii, arhitectur\u0103 \u015fi urbanism). Informa\u0163ii suport\" \/>\n<meta name=\"robots\" content=\"index, follow, max-snippet:-1, max-image-preview:large, max-video-preview:-1\" \/>\n<link rel=\"canonical\" href=\"https:\/\/www.certsign.ro\/ro\/suport\/creare-aspect-semnatura-oug-140-2020\/\" \/>\n<meta property=\"og:locale\" content=\"ro_RO\" \/>\n<meta property=\"og:type\" content=\"article\" \/>\n<meta property=\"og:title\" content=\"Creare aspect semn\u0103tur\u0103 OUG 140\/2020 (speciali\u015fti construc\u0163ii, arhitectur\u0103 \u015fi urbanism) - certSIGN\" \/>\n<meta property=\"og:description\" content=\"Creare aspect semn\u0103tur\u0103 OUG 140\/2020 (speciali\u015fti construc\u0163ii, arhitectur\u0103 \u015fi urbanism). Informa\u0163ii suport\" \/>\n<meta property=\"og:url\" content=\"https:\/\/www.certsign.ro\/ro\/suport\/creare-aspect-semnatura-oug-140-2020\/\" \/>\n<meta property=\"og:site_name\" content=\"certSIGN\" \/>\n<meta property=\"article:modified_time\" content=\"2024-04-15T08:21:37+00:00\" \/>\n<meta property=\"og:image\" content=\"https:\/\/www.certsign.ro\/wp-content\/uploads\/2021\/04\/Suport-Adobe-Acrobat_header.jpg\" \/>\n\t<meta property=\"og:image:width\" content=\"1391\" \/>\n\t<meta property=\"og:image:height\" content=\"375\" \/>\n\t<meta property=\"og:image:type\" content=\"image\/jpeg\" \/>\n<meta name=\"twitter:card\" content=\"summary_large_image\" \/>\n<meta name=\"twitter:label1\" content=\"Timp estimat pentru citire\" \/>\n\t<meta name=\"twitter:data1\" content=\"3 minute\" \/>\n<script type=\"application\/ld+json\" class=\"yoast-schema-graph\">{\"@context\":\"https:\/\/schema.org\",\"@graph\":[{\"@type\":\"WebPage\",\"@id\":\"https:\/\/www.certsign.ro\/ro\/suport\/creare-aspect-semnatura-oug-140-2020\/\",\"url\":\"https:\/\/www.certsign.ro\/ro\/suport\/creare-aspect-semnatura-oug-140-2020\/\",\"name\":\"Creare aspect semn\u0103tur\u0103 OUG 140\/2020 (speciali\u015fti construc\u0163ii, arhitectur\u0103 \u015fi urbanism) - certSIGN\",\"isPartOf\":{\"@id\":\"https:\/\/www.certsign.ro\/ro\/#website\"},\"primaryImageOfPage\":{\"@id\":\"https:\/\/www.certsign.ro\/ro\/suport\/creare-aspect-semnatura-oug-140-2020\/#primaryimage\"},\"image\":{\"@id\":\"https:\/\/www.certsign.ro\/ro\/suport\/creare-aspect-semnatura-oug-140-2020\/#primaryimage\"},\"thumbnailUrl\":\"https:\/\/www.certsign.ro\/wp-content\/uploads\/2021\/04\/Creare-aspect-semnatura-OUG_1.jpg\",\"datePublished\":\"2021-04-06T18:43:51+00:00\",\"dateModified\":\"2024-04-15T08:21:37+00:00\",\"description\":\"Creare aspect semn\u0103tur\u0103 OUG 140\/2020 (speciali\u015fti construc\u0163ii, arhitectur\u0103 \u015fi urbanism). Informa\u0163ii suport\",\"breadcrumb\":{\"@id\":\"https:\/\/www.certsign.ro\/ro\/suport\/creare-aspect-semnatura-oug-140-2020\/#breadcrumb\"},\"inLanguage\":\"ro-RO\",\"potentialAction\":[{\"@type\":\"ReadAction\",\"target\":[\"https:\/\/www.certsign.ro\/ro\/suport\/creare-aspect-semnatura-oug-140-2020\/\"]}]},{\"@type\":\"ImageObject\",\"inLanguage\":\"ro-RO\",\"@id\":\"https:\/\/www.certsign.ro\/ro\/suport\/creare-aspect-semnatura-oug-140-2020\/#primaryimage\",\"url\":\"https:\/\/www.certsign.ro\/wp-content\/uploads\/2021\/04\/Creare-aspect-semnatura-OUG_1.jpg\",\"contentUrl\":\"https:\/\/www.certsign.ro\/wp-content\/uploads\/2021\/04\/Creare-aspect-semnatura-OUG_1.jpg\"},{\"@type\":\"BreadcrumbList\",\"@id\":\"https:\/\/www.certsign.ro\/ro\/suport\/creare-aspect-semnatura-oug-140-2020\/#breadcrumb\",\"itemListElement\":[{\"@type\":\"ListItem\",\"position\":1,\"name\":\"Acas\u0103\",\"item\":\"https:\/\/www.certsign.ro\/ro\/\"},{\"@type\":\"ListItem\",\"position\":2,\"name\":\"Suport\",\"item\":\"https:\/\/www.certsign.ro\/ro\/suport\/\"},{\"@type\":\"ListItem\",\"position\":3,\"name\":\"Creare aspect semn\u0103tur\u0103 OUG 140\/2020 (speciali\u015fti construc\u0163ii, arhitectur\u0103 \u015fi urbanism)\"}]},{\"@type\":\"WebSite\",\"@id\":\"https:\/\/www.certsign.ro\/ro\/#website\",\"url\":\"https:\/\/www.certsign.ro\/ro\/\",\"name\":\"certSIGN\",\"description\":\"Prestator de servicii de \u00eencredere calificat\",\"publisher\":{\"@id\":\"https:\/\/www.certsign.ro\/ro\/#organization\"},\"potentialAction\":[{\"@type\":\"SearchAction\",\"target\":{\"@type\":\"EntryPoint\",\"urlTemplate\":\"https:\/\/www.certsign.ro\/ro\/?s={search_term_string}\"},\"query-input\":{\"@type\":\"PropertyValueSpecification\",\"valueRequired\":true,\"valueName\":\"search_term_string\"}}],\"inLanguage\":\"ro-RO\"},{\"@type\":\"Organization\",\"@id\":\"https:\/\/www.certsign.ro\/ro\/#organization\",\"name\":\"certSIGN\",\"url\":\"https:\/\/www.certsign.ro\/ro\/\",\"logo\":{\"@type\":\"ImageObject\",\"inLanguage\":\"ro-RO\",\"@id\":\"https:\/\/www.certsign.ro\/ro\/#\/schema\/logo\/image\/\",\"url\":\"https:\/\/www.certsign.ro\/wp-content\/uploads\/2024\/02\/certsign-email-template-logo.png\",\"contentUrl\":\"https:\/\/www.certsign.ro\/wp-content\/uploads\/2024\/02\/certsign-email-template-logo.png\",\"width\":317,\"height\":66,\"caption\":\"certSIGN\"},\"image\":{\"@id\":\"https:\/\/www.certsign.ro\/ro\/#\/schema\/logo\/image\/\"}}]}<\/script>\n<!-- \/ Yoast SEO plugin. -->","yoast_head_json":{"title":"Creare aspect semn\u0103tur\u0103 OUG 140\/2020 (speciali\u015fti construc\u0163ii, arhitectur\u0103 \u015fi urbanism) - certSIGN","description":"Creare aspect semn\u0103tur\u0103 OUG 140\/2020 (speciali\u015fti construc\u0163ii, arhitectur\u0103 \u015fi urbanism). Informa\u0163ii suport","robots":{"index":"index","follow":"follow","max-snippet":"max-snippet:-1","max-image-preview":"max-image-preview:large","max-video-preview":"max-video-preview:-1"},"canonical":"https:\/\/www.certsign.ro\/ro\/suport\/creare-aspect-semnatura-oug-140-2020\/","og_locale":"ro_RO","og_type":"article","og_title":"Creare aspect semn\u0103tur\u0103 OUG 140\/2020 (speciali\u015fti construc\u0163ii, arhitectur\u0103 \u015fi urbanism) - certSIGN","og_description":"Creare aspect semn\u0103tur\u0103 OUG 140\/2020 (speciali\u015fti construc\u0163ii, arhitectur\u0103 \u015fi urbanism). Informa\u0163ii suport","og_url":"https:\/\/www.certsign.ro\/ro\/suport\/creare-aspect-semnatura-oug-140-2020\/","og_site_name":"certSIGN","article_modified_time":"2024-04-15T08:21:37+00:00","og_image":[{"width":1391,"height":375,"url":"https:\/\/www.certsign.ro\/wp-content\/uploads\/2021\/04\/Suport-Adobe-Acrobat_header.jpg","type":"image\/jpeg"}],"twitter_card":"summary_large_image","twitter_misc":{"Timp estimat pentru citire":"3 minute"},"schema":{"@context":"https:\/\/schema.org","@graph":[{"@type":"WebPage","@id":"https:\/\/www.certsign.ro\/ro\/suport\/creare-aspect-semnatura-oug-140-2020\/","url":"https:\/\/www.certsign.ro\/ro\/suport\/creare-aspect-semnatura-oug-140-2020\/","name":"Creare aspect semn\u0103tur\u0103 OUG 140\/2020 (speciali\u015fti construc\u0163ii, arhitectur\u0103 \u015fi urbanism) - certSIGN","isPartOf":{"@id":"https:\/\/www.certsign.ro\/ro\/#website"},"primaryImageOfPage":{"@id":"https:\/\/www.certsign.ro\/ro\/suport\/creare-aspect-semnatura-oug-140-2020\/#primaryimage"},"image":{"@id":"https:\/\/www.certsign.ro\/ro\/suport\/creare-aspect-semnatura-oug-140-2020\/#primaryimage"},"thumbnailUrl":"https:\/\/www.certsign.ro\/wp-content\/uploads\/2021\/04\/Creare-aspect-semnatura-OUG_1.jpg","datePublished":"2021-04-06T18:43:51+00:00","dateModified":"2024-04-15T08:21:37+00:00","description":"Creare aspect semn\u0103tur\u0103 OUG 140\/2020 (speciali\u015fti construc\u0163ii, arhitectur\u0103 \u015fi urbanism). Informa\u0163ii suport","breadcrumb":{"@id":"https:\/\/www.certsign.ro\/ro\/suport\/creare-aspect-semnatura-oug-140-2020\/#breadcrumb"},"inLanguage":"ro-RO","potentialAction":[{"@type":"ReadAction","target":["https:\/\/www.certsign.ro\/ro\/suport\/creare-aspect-semnatura-oug-140-2020\/"]}]},{"@type":"ImageObject","inLanguage":"ro-RO","@id":"https:\/\/www.certsign.ro\/ro\/suport\/creare-aspect-semnatura-oug-140-2020\/#primaryimage","url":"https:\/\/www.certsign.ro\/wp-content\/uploads\/2021\/04\/Creare-aspect-semnatura-OUG_1.jpg","contentUrl":"https:\/\/www.certsign.ro\/wp-content\/uploads\/2021\/04\/Creare-aspect-semnatura-OUG_1.jpg"},{"@type":"BreadcrumbList","@id":"https:\/\/www.certsign.ro\/ro\/suport\/creare-aspect-semnatura-oug-140-2020\/#breadcrumb","itemListElement":[{"@type":"ListItem","position":1,"name":"Acas\u0103","item":"https:\/\/www.certsign.ro\/ro\/"},{"@type":"ListItem","position":2,"name":"Suport","item":"https:\/\/www.certsign.ro\/ro\/suport\/"},{"@type":"ListItem","position":3,"name":"Creare aspect semn\u0103tur\u0103 OUG 140\/2020 (speciali\u015fti construc\u0163ii, arhitectur\u0103 \u015fi urbanism)"}]},{"@type":"WebSite","@id":"https:\/\/www.certsign.ro\/ro\/#website","url":"https:\/\/www.certsign.ro\/ro\/","name":"certSIGN","description":"Prestator de servicii de \u00eencredere calificat","publisher":{"@id":"https:\/\/www.certsign.ro\/ro\/#organization"},"potentialAction":[{"@type":"SearchAction","target":{"@type":"EntryPoint","urlTemplate":"https:\/\/www.certsign.ro\/ro\/?s={search_term_string}"},"query-input":{"@type":"PropertyValueSpecification","valueRequired":true,"valueName":"search_term_string"}}],"inLanguage":"ro-RO"},{"@type":"Organization","@id":"https:\/\/www.certsign.ro\/ro\/#organization","name":"certSIGN","url":"https:\/\/www.certsign.ro\/ro\/","logo":{"@type":"ImageObject","inLanguage":"ro-RO","@id":"https:\/\/www.certsign.ro\/ro\/#\/schema\/logo\/image\/","url":"https:\/\/www.certsign.ro\/wp-content\/uploads\/2024\/02\/certsign-email-template-logo.png","contentUrl":"https:\/\/www.certsign.ro\/wp-content\/uploads\/2024\/02\/certsign-email-template-logo.png","width":317,"height":66,"caption":"certSIGN"},"image":{"@id":"https:\/\/www.certsign.ro\/ro\/#\/schema\/logo\/image\/"}}]}},"_links":{"self":[{"href":"https:\/\/www.certsign.ro\/ro\/wp-json\/wp\/v2\/pages\/23462","targetHints":{"allow":["GET"]}}],"collection":[{"href":"https:\/\/www.certsign.ro\/ro\/wp-json\/wp\/v2\/pages"}],"about":[{"href":"https:\/\/www.certsign.ro\/ro\/wp-json\/wp\/v2\/types\/page"}],"author":[{"embeddable":true,"href":"https:\/\/www.certsign.ro\/ro\/wp-json\/wp\/v2\/users\/8"}],"replies":[{"embeddable":true,"href":"https:\/\/www.certsign.ro\/ro\/wp-json\/wp\/v2\/comments?post=23462"}],"version-history":[{"count":1,"href":"https:\/\/www.certsign.ro\/ro\/wp-json\/wp\/v2\/pages\/23462\/revisions"}],"predecessor-version":[{"id":139774,"href":"https:\/\/www.certsign.ro\/ro\/wp-json\/wp\/v2\/pages\/23462\/revisions\/139774"}],"up":[{"embeddable":true,"href":"https:\/\/www.certsign.ro\/ro\/wp-json\/wp\/v2\/pages\/117584"}],"wp:featuredmedia":[{"embeddable":true,"href":"https:\/\/www.certsign.ro\/ro\/wp-json\/wp\/v2\/media\/23322"}],"wp:attachment":[{"href":"https:\/\/www.certsign.ro\/ro\/wp-json\/wp\/v2\/media?parent=23462"}],"curies":[{"name":"wp","href":"https:\/\/api.w.org\/{rel}","templated":true}]}}