{"id":23595,"date":"2021-04-07T13:25:34","date_gmt":"2021-04-07T13:25:34","guid":{"rendered":"https:\/\/www.certsign.ro\/?page_id=23595"},"modified":"2024-04-15T08:26:58","modified_gmt":"2024-04-15T08:26:58","slug":"utilizarea-certificatului-de-semnatura-electronica-in-mysmis","status":"publish","type":"page","link":"https:\/\/www.certsign.ro\/ro\/suport\/utilizarea-certificatului-de-semnatura-electronica-in-mysmis\/","title":{"rendered":"Utilizarea certificatului de semn\u0103tur\u0103 electronic\u0103 \u00een MySMIS"},"content":{"rendered":"<!DOCTYPE html PUBLIC \"-\/\/W3C\/\/DTD HTML 4.0 Transitional\/\/EN\" \"http:\/\/www.w3.org\/TR\/REC-html40\/loose.dtd\">\n<html><body><h2 style=\"display:none !important\">Informa&#355;ii suport privind utilizarea certificatului de semn&#259;tur&#259; electronic&#259; certSIGN &icirc;n MySMIS<\/h2><h1 style=\"display:none !important\">Utilizarea certificatului de semn&#259;tur&#259; electronic&#259; &icirc;n MySMIS- certSIGN<\/h1><div data-elementor-type=\"wp-page\" data-elementor-id=\"23595\" class=\"elementor elementor-23595\" data-elementor-post-type=\"page\" id=\"main-page-content\"> <section class=\"elementor-section elementor-top-section elementor-element elementor-element-5ca2dc5 elementor-section-boxed elementor-section-height-default elementor-section-height-default\" data-id=\"5ca2dc5\" data-element_type=\"section\" data-e-type=\"section\" data-settings='{\"background_background\":\"gradient\"}'> <div class=\"elementor-container elementor-column-gap-default\"> <div class=\"elementor-column elementor-col-100 elementor-top-column elementor-element elementor-element-da9f19d\" data-id=\"da9f19d\" data-element_type=\"column\" data-e-type=\"column\" data-settings='{\"background_background\":\"classic\"}'> <div class=\"elementor-widget-wrap elementor-element-populated\"> <div class=\"elementor-background-overlay\"><\/div> <section class=\"elementor-section elementor-inner-section elementor-element elementor-element-ca42a4b elementor-section-height-min-height elementor-section-content-middle elementor-section-boxed elementor-section-height-default\" data-id=\"ca42a4b\" data-element_type=\"section\" data-e-type=\"section\"> <div class=\"elementor-container elementor-column-gap-default\"> <div class=\"elementor-column elementor-col-100 elementor-inner-column elementor-element elementor-element-dd5fc2c\" data-id=\"dd5fc2c\" data-element_type=\"column\" data-e-type=\"column\"> <div class=\"elementor-widget-wrap elementor-element-populated\"> <div class=\"elementor-element elementor-element-ec871f5 elementor-align-left elementor-widget__width-inherit elementor-absolute elementor-tablet-align-center elementor-mobile-align-center elementor-widget-tablet__width-inherit elementor-widget elementor-widget-breadcrumbs\" data-id=\"ec871f5\" data-element_type=\"widget\" data-e-type=\"widget\" data-settings='{\"_position\":\"absolute\"}' data-widget_type=\"breadcrumbs.default\"> <div class=\"elementor-widget-container\"> <nav id=\"breadcrumbs\"><span><span><a href=\"https:\/\/www.certsign.ro\/ro\/\">Acas&#259;<\/a><\/span><\/span><\/nav> <\/div> <\/div> <div class=\"elementor-element elementor-element-aea260c elementor-widget elementor-widget-heading\" data-id=\"aea260c\" data-element_type=\"widget\" data-e-type=\"widget\" data-widget_type=\"heading.default\"> <div class=\"elementor-widget-container\"> <h2 class=\"elementor-heading-title elementor-size-default\">Utilizarea certificatului de semn&#259;tur&#259; electronic&#259; &icirc;n MySMIS<\/h2> <\/div> <\/div> <\/div> <\/div> <\/div> <\/section> <\/div> <\/div> <\/div> <\/section> <section class=\"elementor-section elementor-top-section elementor-element elementor-element-89fade2 elementor-section-boxed elementor-section-height-default elementor-section-height-default\" data-id=\"89fade2\" data-element_type=\"section\" data-e-type=\"section\"> <div class=\"elementor-container elementor-column-gap-default\"> <div class=\"elementor-column elementor-col-100 elementor-top-column elementor-element elementor-element-bf31e54\" data-id=\"bf31e54\" data-element_type=\"column\" data-e-type=\"column\"> <div class=\"elementor-widget-wrap elementor-element-populated\"> <section class=\"elementor-section elementor-inner-section elementor-element elementor-element-fce24e2 elementor-section-boxed elementor-section-height-default elementor-section-height-default\" data-id=\"fce24e2\" data-element_type=\"section\" data-e-type=\"section\"> <div class=\"elementor-container elementor-column-gap-default\"> <div class=\"elementor-column elementor-col-100 elementor-inner-column elementor-element elementor-element-62ed436\" data-id=\"62ed436\" data-element_type=\"column\" data-e-type=\"column\"> <div class=\"elementor-widget-wrap elementor-element-populated\"> <div class=\"elementor-element elementor-element-46d672b elementor-widget elementor-widget-text-editor\" data-id=\"46d672b\" data-element_type=\"widget\" data-e-type=\"widget\" data-widget_type=\"text-editor.default\"> <div class=\"elementor-widget-container\"> <p>Din martie 2016, certificatul digital calificat emis de certSIGN poate fi utilizat pentru semnarea electronic&#259; a documenta&#539;iei necesare <strong>ob&#539;inerii fondurilor europene<\/strong> prin aplica&#539;ia MySMIS.<\/p><p>Aplica&#539;ia MySMIS, dezvoltat&#259; de Ministerul Fondurilor Europene &#537;i STS, poate fi utilizat&#259; de toate companiile care doresc s&#259; depun&#259; proiecte de finan&#539;are prin fonduri europene.<\/p><p>Pentru a fi acceptate de sistem, documentele vor fi semnate electronic &ndash; lucru care le asigur&#259; autenticitatea, integritatea &#537;i non-repudierea, utiliz&acirc;nd certificatul digital calificat al beneficiarului fondurilor europene sau al unei persoane &icirc;mputernicite de acesta.<\/p><p>Costurile de achizi&#539;ie a kitului de semn&#259;tur&#259; electronic&#259; sunt eligibile &icirc;n cadrul cheltuielilor proiectului finan&#539;at prin fonduri europene.<\/p><p>O dat&#259; achizi&#539;ionat, kitul de semn&#259;tur&#259; electronic&#259; va putea fi folosit pentru a da valoare legal&#259; oric&#259;rui tip de document electronic &icirc;n rela&#539;ia cu partenerii de afaceri &#537;i cu cele mai importante institu&#539;ii din Rom&acirc;nia.<\/p> <\/div> <\/div> <div class=\"elementor-element elementor-element-44b0913 elementor-widget elementor-widget-text-editor\" data-id=\"44b0913\" data-element_type=\"widget\" data-e-type=\"widget\" data-widget_type=\"text-editor.default\"> <div class=\"elementor-widget-container\"> <strong>Pentru utilizarea certificatului digital calificat de semn&#259;tur&#259; electronic&#259; &icirc;n MySMIS, este necesar&#259; crearea unui cont <a href=\"https:\/\/2014.mysmis.ro\/frontOffice\/faces\/pages\/autentificare\/login.xhtml\" target=\"_blank\" rel=\"noopener\">AICI<\/a>.<\/strong> <\/div> <\/div> <\/div> <\/div> <\/div> <\/section> <\/div> <\/div> <\/div> <\/section> <\/div> <\/body><\/html>\n","protected":false},"excerpt":{"rendered":"<p>Informa&#355;ii suport privind utilizarea certificatului de semn&#259;tur&#259; electronic&#259; certSIGN &icirc;n MySMIS Utilizarea certificatului de semn&#259;tur&#259; electronic&#259; &icirc;n MySMIS- certSIGN Utilizarea certificatului de semn&#259;tur&#259; electronic&#259; &icirc;n MySMIS Din martie 2016, certificatul digital calificat emis de certSIGN poate fi utilizat pentru semnarea electronic&#259; a documenta&#539;iei necesare ob&#539;inerii fondurilor europene prin aplica&#539;ia MySMIS. Aplica&#539;ia MySMIS, dezvoltat&#259; de Ministerul [&hellip;]<\/p>\n","protected":false},"author":8,"featured_media":23557,"parent":117584,"menu_order":0,"comment_status":"closed","ping_status":"closed","template":"elementor_header_footer","meta":{"_acf_changed":false,"inline_featured_image":false,"footnotes":""},"class_list":["post-23595","page","type-page","status-publish","hentry"],"acf":[],"yoast_head":"<!-- This site is optimized with the Yoast SEO plugin v27.2 - https:\/\/yoast.com\/product\/yoast-seo-wordpress\/ -->\n<title>Utilizarea certificatului de semn\u0103tur\u0103 electronic\u0103 \u00een MySMIS - certSIGN<\/title>\n<meta name=\"description\" content=\"Informa\u0163ii suport privind utilizarea certificatului de semn\u0103tur\u0103 electronic\u0103 certSIGN \u00een MySMIS\" \/>\n<meta name=\"robots\" content=\"index, follow, max-snippet:-1, max-image-preview:large, max-video-preview:-1\" \/>\n<link rel=\"canonical\" href=\"https:\/\/www.certsign.ro\/ro\/suport\/utilizarea-certificatului-de-semnatura-electronica-in-mysmis\/\" \/>\n<meta property=\"og:locale\" content=\"ro_RO\" \/>\n<meta property=\"og:type\" content=\"article\" \/>\n<meta property=\"og:title\" content=\"Utilizarea certificatului de semn\u0103tur\u0103 electronic\u0103 \u00een MySMIS - certSIGN\" \/>\n<meta property=\"og:description\" content=\"Informa\u0163ii suport privind utilizarea certificatului de semn\u0103tur\u0103 electronic\u0103 certSIGN \u00een MySMIS\" \/>\n<meta property=\"og:url\" content=\"https:\/\/www.certsign.ro\/ro\/suport\/utilizarea-certificatului-de-semnatura-electronica-in-mysmis\/\" \/>\n<meta property=\"og:site_name\" content=\"certSIGN\" \/>\n<meta property=\"article:modified_time\" content=\"2024-04-15T08:26:58+00:00\" \/>\n<meta property=\"og:image\" content=\"https:\/\/www.certsign.ro\/wp-content\/uploads\/2021\/04\/Suport-institutii-publice_header.jpg\" \/>\n\t<meta property=\"og:image:width\" content=\"1391\" \/>\n\t<meta property=\"og:image:height\" content=\"375\" \/>\n\t<meta property=\"og:image:type\" content=\"image\/jpeg\" \/>\n<meta name=\"twitter:card\" content=\"summary_large_image\" \/>\n<meta name=\"twitter:label1\" content=\"Timp estimat pentru citire\" \/>\n\t<meta name=\"twitter:data1\" content=\"2 minute\" \/>\n<script type=\"application\/ld+json\" class=\"yoast-schema-graph\">{\"@context\":\"https:\/\/schema.org\",\"@graph\":[{\"@type\":\"WebPage\",\"@id\":\"https:\/\/www.certsign.ro\/ro\/suport\/utilizarea-certificatului-de-semnatura-electronica-in-mysmis\/\",\"url\":\"https:\/\/www.certsign.ro\/ro\/suport\/utilizarea-certificatului-de-semnatura-electronica-in-mysmis\/\",\"name\":\"Utilizarea certificatului de semn\u0103tur\u0103 electronic\u0103 \u00een MySMIS - certSIGN\",\"isPartOf\":{\"@id\":\"https:\/\/www.certsign.ro\/ro\/#website\"},\"datePublished\":\"2021-04-07T13:25:34+00:00\",\"dateModified\":\"2024-04-15T08:26:58+00:00\",\"description\":\"Informa\u0163ii suport privind utilizarea certificatului de semn\u0103tur\u0103 electronic\u0103 certSIGN \u00een MySMIS\",\"breadcrumb\":{\"@id\":\"https:\/\/www.certsign.ro\/ro\/suport\/utilizarea-certificatului-de-semnatura-electronica-in-mysmis\/#breadcrumb\"},\"inLanguage\":\"ro-RO\",\"potentialAction\":[{\"@type\":\"ReadAction\",\"target\":[\"https:\/\/www.certsign.ro\/ro\/suport\/utilizarea-certificatului-de-semnatura-electronica-in-mysmis\/\"]}]},{\"@type\":\"BreadcrumbList\",\"@id\":\"https:\/\/www.certsign.ro\/ro\/suport\/utilizarea-certificatului-de-semnatura-electronica-in-mysmis\/#breadcrumb\",\"itemListElement\":[{\"@type\":\"ListItem\",\"position\":1,\"name\":\"Acas\u0103\",\"item\":\"https:\/\/www.certsign.ro\/ro\/\"},{\"@type\":\"ListItem\",\"position\":2,\"name\":\"Suport\",\"item\":\"https:\/\/www.certsign.ro\/ro\/suport\/\"},{\"@type\":\"ListItem\",\"position\":3,\"name\":\"Utilizarea certificatului de semn\u0103tur\u0103 electronic\u0103 \u00een MySMIS\"}]},{\"@type\":\"WebSite\",\"@id\":\"https:\/\/www.certsign.ro\/ro\/#website\",\"url\":\"https:\/\/www.certsign.ro\/ro\/\",\"name\":\"certSIGN\",\"description\":\"Prestator de servicii de \u00eencredere calificat\",\"publisher\":{\"@id\":\"https:\/\/www.certsign.ro\/ro\/#organization\"},\"potentialAction\":[{\"@type\":\"SearchAction\",\"target\":{\"@type\":\"EntryPoint\",\"urlTemplate\":\"https:\/\/www.certsign.ro\/ro\/?s={search_term_string}\"},\"query-input\":{\"@type\":\"PropertyValueSpecification\",\"valueRequired\":true,\"valueName\":\"search_term_string\"}}],\"inLanguage\":\"ro-RO\"},{\"@type\":\"Organization\",\"@id\":\"https:\/\/www.certsign.ro\/ro\/#organization\",\"name\":\"certSIGN\",\"url\":\"https:\/\/www.certsign.ro\/ro\/\",\"logo\":{\"@type\":\"ImageObject\",\"inLanguage\":\"ro-RO\",\"@id\":\"https:\/\/www.certsign.ro\/ro\/#\/schema\/logo\/image\/\",\"url\":\"https:\/\/www.certsign.ro\/wp-content\/uploads\/2024\/02\/certsign-email-template-logo.png\",\"contentUrl\":\"https:\/\/www.certsign.ro\/wp-content\/uploads\/2024\/02\/certsign-email-template-logo.png\",\"width\":317,\"height\":66,\"caption\":\"certSIGN\"},\"image\":{\"@id\":\"https:\/\/www.certsign.ro\/ro\/#\/schema\/logo\/image\/\"}}]}<\/script>\n<!-- \/ Yoast SEO plugin. -->","yoast_head_json":{"title":"Utilizarea certificatului de semn\u0103tur\u0103 electronic\u0103 \u00een MySMIS - certSIGN","description":"Informa\u0163ii suport privind utilizarea certificatului de semn\u0103tur\u0103 electronic\u0103 certSIGN \u00een MySMIS","robots":{"index":"index","follow":"follow","max-snippet":"max-snippet:-1","max-image-preview":"max-image-preview:large","max-video-preview":"max-video-preview:-1"},"canonical":"https:\/\/www.certsign.ro\/ro\/suport\/utilizarea-certificatului-de-semnatura-electronica-in-mysmis\/","og_locale":"ro_RO","og_type":"article","og_title":"Utilizarea certificatului de semn\u0103tur\u0103 electronic\u0103 \u00een MySMIS - certSIGN","og_description":"Informa\u0163ii suport privind utilizarea certificatului de semn\u0103tur\u0103 electronic\u0103 certSIGN \u00een MySMIS","og_url":"https:\/\/www.certsign.ro\/ro\/suport\/utilizarea-certificatului-de-semnatura-electronica-in-mysmis\/","og_site_name":"certSIGN","article_modified_time":"2024-04-15T08:26:58+00:00","og_image":[{"width":1391,"height":375,"url":"https:\/\/www.certsign.ro\/wp-content\/uploads\/2021\/04\/Suport-institutii-publice_header.jpg","type":"image\/jpeg"}],"twitter_card":"summary_large_image","twitter_misc":{"Timp estimat pentru citire":"2 minute"},"schema":{"@context":"https:\/\/schema.org","@graph":[{"@type":"WebPage","@id":"https:\/\/www.certsign.ro\/ro\/suport\/utilizarea-certificatului-de-semnatura-electronica-in-mysmis\/","url":"https:\/\/www.certsign.ro\/ro\/suport\/utilizarea-certificatului-de-semnatura-electronica-in-mysmis\/","name":"Utilizarea certificatului de semn\u0103tur\u0103 electronic\u0103 \u00een MySMIS - certSIGN","isPartOf":{"@id":"https:\/\/www.certsign.ro\/ro\/#website"},"datePublished":"2021-04-07T13:25:34+00:00","dateModified":"2024-04-15T08:26:58+00:00","description":"Informa\u0163ii suport privind utilizarea certificatului de semn\u0103tur\u0103 electronic\u0103 certSIGN \u00een MySMIS","breadcrumb":{"@id":"https:\/\/www.certsign.ro\/ro\/suport\/utilizarea-certificatului-de-semnatura-electronica-in-mysmis\/#breadcrumb"},"inLanguage":"ro-RO","potentialAction":[{"@type":"ReadAction","target":["https:\/\/www.certsign.ro\/ro\/suport\/utilizarea-certificatului-de-semnatura-electronica-in-mysmis\/"]}]},{"@type":"BreadcrumbList","@id":"https:\/\/www.certsign.ro\/ro\/suport\/utilizarea-certificatului-de-semnatura-electronica-in-mysmis\/#breadcrumb","itemListElement":[{"@type":"ListItem","position":1,"name":"Acas\u0103","item":"https:\/\/www.certsign.ro\/ro\/"},{"@type":"ListItem","position":2,"name":"Suport","item":"https:\/\/www.certsign.ro\/ro\/suport\/"},{"@type":"ListItem","position":3,"name":"Utilizarea certificatului de semn\u0103tur\u0103 electronic\u0103 \u00een MySMIS"}]},{"@type":"WebSite","@id":"https:\/\/www.certsign.ro\/ro\/#website","url":"https:\/\/www.certsign.ro\/ro\/","name":"certSIGN","description":"Prestator de servicii de \u00eencredere calificat","publisher":{"@id":"https:\/\/www.certsign.ro\/ro\/#organization"},"potentialAction":[{"@type":"SearchAction","target":{"@type":"EntryPoint","urlTemplate":"https:\/\/www.certsign.ro\/ro\/?s={search_term_string}"},"query-input":{"@type":"PropertyValueSpecification","valueRequired":true,"valueName":"search_term_string"}}],"inLanguage":"ro-RO"},{"@type":"Organization","@id":"https:\/\/www.certsign.ro\/ro\/#organization","name":"certSIGN","url":"https:\/\/www.certsign.ro\/ro\/","logo":{"@type":"ImageObject","inLanguage":"ro-RO","@id":"https:\/\/www.certsign.ro\/ro\/#\/schema\/logo\/image\/","url":"https:\/\/www.certsign.ro\/wp-content\/uploads\/2024\/02\/certsign-email-template-logo.png","contentUrl":"https:\/\/www.certsign.ro\/wp-content\/uploads\/2024\/02\/certsign-email-template-logo.png","width":317,"height":66,"caption":"certSIGN"},"image":{"@id":"https:\/\/www.certsign.ro\/ro\/#\/schema\/logo\/image\/"}}]}},"_links":{"self":[{"href":"https:\/\/www.certsign.ro\/ro\/wp-json\/wp\/v2\/pages\/23595","targetHints":{"allow":["GET"]}}],"collection":[{"href":"https:\/\/www.certsign.ro\/ro\/wp-json\/wp\/v2\/pages"}],"about":[{"href":"https:\/\/www.certsign.ro\/ro\/wp-json\/wp\/v2\/types\/page"}],"author":[{"embeddable":true,"href":"https:\/\/www.certsign.ro\/ro\/wp-json\/wp\/v2\/users\/8"}],"replies":[{"embeddable":true,"href":"https:\/\/www.certsign.ro\/ro\/wp-json\/wp\/v2\/comments?post=23595"}],"version-history":[{"count":1,"href":"https:\/\/www.certsign.ro\/ro\/wp-json\/wp\/v2\/pages\/23595\/revisions"}],"predecessor-version":[{"id":139792,"href":"https:\/\/www.certsign.ro\/ro\/wp-json\/wp\/v2\/pages\/23595\/revisions\/139792"}],"up":[{"embeddable":true,"href":"https:\/\/www.certsign.ro\/ro\/wp-json\/wp\/v2\/pages\/117584"}],"wp:featuredmedia":[{"embeddable":true,"href":"https:\/\/www.certsign.ro\/ro\/wp-json\/wp\/v2\/media\/23557"}],"wp:attachment":[{"href":"https:\/\/www.certsign.ro\/ro\/wp-json\/wp\/v2\/media?parent=23595"}],"curies":[{"name":"wp","href":"https:\/\/api.w.org\/{rel}","templated":true}]}}