{"id":24816,"date":"2021-05-10T10:35:03","date_gmt":"2021-05-10T10:35:03","guid":{"rendered":"https:\/\/www.certsign.ro\/?page_id=24816"},"modified":"2021-05-10T14:18:44","modified_gmt":"2021-05-10T14:18:44","slug":"sabotore","status":"publish","type":"page","link":"https:\/\/www.certsign.ro\/ro\/sabotore\/","title":{"rendered":"SABOTORE"},"content":{"rendered":"<!DOCTYPE html PUBLIC \"-\/\/W3C\/\/DTD HTML 4.0 Transitional\/\/EN\" \"http:\/\/www.w3.org\/TR\/REC-html40\/loose.dtd\">\n<html><body><h2 style=\"display:none !important\">&Icirc;n proiectul SABOTORE am construit un dispozitiv hardware dedicat care s&#259; ofer&#259; un canal de comunicare sigur i&#770;ntre un dispozitiv de tip USB s&#806;i mediul protejat TEE.<\/h2><h1 style=\"display:none !important\">SABOTORE- certSIGN<\/h1><div data-elementor-type=\"wp-page\" data-elementor-id=\"24816\" class=\"elementor elementor-24816\" data-elementor-post-type=\"page\" id=\"main-page-content\"> <section class=\"elementor-section elementor-top-section elementor-element elementor-element-7c6fd10 elementor-section-boxed elementor-section-height-default elementor-section-height-default\" data-id=\"7c6fd10\" data-element_type=\"section\" data-e-type=\"section\" data-settings='{\"background_background\":\"gradient\"}'> <div class=\"elementor-container elementor-column-gap-default\"> <div class=\"elementor-column elementor-col-100 elementor-top-column elementor-element elementor-element-fc9f3b5\" data-id=\"fc9f3b5\" data-element_type=\"column\" data-e-type=\"column\" data-settings='{\"background_background\":\"classic\"}'> <div class=\"elementor-widget-wrap elementor-element-populated\"> <div class=\"elementor-background-overlay\"><\/div> <section class=\"elementor-section elementor-inner-section elementor-element elementor-element-f524bb3 elementor-section-height-min-height elementor-section-content-middle elementor-section-boxed elementor-section-height-default\" data-id=\"f524bb3\" data-element_type=\"section\" data-e-type=\"section\"> <div class=\"elementor-container elementor-column-gap-default\"> <div class=\"elementor-column elementor-col-100 elementor-inner-column elementor-element elementor-element-5ec419f\" data-id=\"5ec419f\" data-element_type=\"column\" data-e-type=\"column\"> <div class=\"elementor-widget-wrap elementor-element-populated\"> <div class=\"elementor-element elementor-element-0d84838 elementor-align-left elementor-widget__width-inherit elementor-absolute elementor-tablet-align-center elementor-mobile-align-center elementor-widget-tablet__width-inherit elementor-widget elementor-widget-breadcrumbs\" data-id=\"0d84838\" data-element_type=\"widget\" data-e-type=\"widget\" data-settings='{\"_position\":\"absolute\"}' data-widget_type=\"breadcrumbs.default\"> <div class=\"elementor-widget-container\"> <nav id=\"breadcrumbs\"><span><span><a href=\"https:\/\/www.certsign.ro\/ro\/\">Acas&#259;<\/a><\/span><\/span><\/nav> <\/div> <\/div> <div class=\"elementor-element elementor-element-b8a87a3 elementor-widget elementor-widget-heading\" data-id=\"b8a87a3\" data-element_type=\"widget\" data-e-type=\"widget\" data-widget_type=\"heading.default\"> <div class=\"elementor-widget-container\"> <h2 class=\"elementor-heading-title elementor-size-default\">SABOTORE<\/h2> <\/div> <\/div> <\/div> <\/div> <\/div> <\/section> <\/div> <\/div> <\/div> <\/section> <section class=\"elementor-section elementor-top-section elementor-element elementor-element-e819504 text_p elementor-section-boxed elementor-section-height-default elementor-section-height-default\" data-id=\"e819504\" data-element_type=\"section\" data-e-type=\"section\" data-settings='{\"background_background\":\"classic\"}'> <div class=\"elementor-container elementor-column-gap-default\"> <div class=\"elementor-column elementor-col-100 elementor-top-column elementor-element elementor-element-0cf553f\" data-id=\"0cf553f\" data-element_type=\"column\" data-e-type=\"column\"> <div class=\"elementor-widget-wrap elementor-element-populated\"> <section class=\"elementor-section elementor-inner-section elementor-element elementor-element-1ea2b29 text_list elementor-section-boxed elementor-section-height-default elementor-section-height-default\" data-id=\"1ea2b29\" data-element_type=\"section\" data-e-type=\"section\"> <div class=\"elementor-container elementor-column-gap-default\"> <div class=\"elementor-column elementor-col-100 elementor-inner-column elementor-element elementor-element-070ff63\" data-id=\"070ff63\" data-element_type=\"column\" data-e-type=\"column\"> <div class=\"elementor-widget-wrap elementor-element-populated\"> <div class=\"elementor-element elementor-element-dc9e2b3 elementor-widget elementor-widget-text-editor\" data-id=\"dc9e2b3\" data-element_type=\"widget\" data-e-type=\"widget\" data-widget_type=\"text-editor.default\"> <div class=\"elementor-widget-container\"> <p>I&#770;n anul 2016, Intel a introdus un nou set de instruct&#806;iuni denumit Intel SGX. Principalul motor al acestui nou produs era cloud computing, iar arhitectura dezvoltat&#259; de c&#259;tre Intel permite utilizatorilor s&#259; execute orice program i&#770;ntr-un mod protejat, denumit enclav&#259;.<\/p><p>Atunci c&acirc;nd aceast&#259; funct&#806;ionalitate este activat&#259;, programul aflat i&#770;n execut&#806;ie este protejat prin intermediul hardware-ului de c&#259;tre o serie mare de atacuri, printre care amintim atacuri provenite din partea sistemului de operare sau a altor aplica&#355;ii ce ruleaz&#259; pe aceeas&#806;i stat&#806;ie.<\/p><p>ARM a dezvoltat o tehnologie asem&#259;n&#259;toare denumit&#259; ARM Trust Zone, iar solut&#806;ia propus&#259; de AMD se numes&#806;te AMD Platform Security Processor.<\/p><p><strong>Pornind de la aceste metode de creare a unui mediu sigur de execu&#539;ie a aplica&#539;iilor, am &icirc;nceput implementarea proiectului SABOTORE, proiect prin care ne-am propus protejarea datelor &icirc;n momentul execu&#539;iei.<\/strong><\/p><p>Concret, atunci c&acirc;nd utilizatorul opereaz&#259; pe un calculator infectat, orice tast&#259; ap&#259;sat&#259; va putea fi observat&#259; de c&#259;tre atacator i&#770;nainte de a ajunge i&#770;n modul protejat. Similar, datele stocate pe dispozitive dedicate sau datele provenite din ret&#806;ea vor trece mai i&#770;nta&#770;i prin sistemul de operare compromis s&#806;i apoi ele vor fi prelucrate i&#770;n modul protejat. Din cauza acestei probleme, nu exist&#259; nici o garant&#806;ie cu privire la corectitudinea datelor s&#806;i faptul c&#259; acestea nu au fost alterate de c&#259;tre un atacator.<\/p><p><strong>&Icirc;n proiectul SABOTORE am construit un dispozitiv hardware dedicat care s&#259; ofer&#259; un canal de comunicare sigur i&#770;ntre un dispozitiv de tip USB s&#806;i mediul protejat TEE.<\/strong><\/p> <\/div> <\/div> <\/div> <\/div> <\/div> <\/section> <\/div> <\/div> <\/div> <\/section> <\/div> <\/body><\/html>\n","protected":false},"excerpt":{"rendered":"<p>&Icirc;n proiectul SABOTORE am construit un dispozitiv hardware dedicat care s&#259; ofer&#259; un canal de comunicare sigur i&#770;ntre un dispozitiv de tip USB s&#806;i mediul protejat TEE. SABOTORE- certSIGN I&#770;n anul 2016, Intel a introdus un nou set de instruct&#806;iuni denumit Intel SGX. Principalul motor al acestui nou produs era cloud computing, iar arhitectura dezvoltat&#259; [&hellip;]<\/p>\n","protected":false},"author":8,"featured_media":0,"parent":0,"menu_order":0,"comment_status":"closed","ping_status":"closed","template":"elementor_header_footer","meta":{"_acf_changed":false,"inline_featured_image":false,"footnotes":""},"class_list":["post-24816","page","type-page","status-publish","hentry"],"acf":[],"yoast_head":"<!-- This site is optimized with the Yoast SEO plugin v27.2 - https:\/\/yoast.com\/product\/yoast-seo-wordpress\/ -->\n<title>SABOTORE - certSIGN<\/title>\n<meta name=\"description\" content=\"\u00cen proiectul SABOTORE am construit un dispozitiv hardware dedicat care s\u0103 ofer\u0103 un canal de comunicare sigur i\u0302ntre un dispozitiv de tip USB s\u0326i mediul protejat TEE.\" \/>\n<meta name=\"robots\" content=\"index, follow, max-snippet:-1, max-image-preview:large, max-video-preview:-1\" \/>\n<link rel=\"canonical\" href=\"https:\/\/www.certsign.ro\/ro\/sabotore\/\" \/>\n<meta property=\"og:locale\" content=\"ro_RO\" \/>\n<meta property=\"og:type\" content=\"article\" \/>\n<meta property=\"og:title\" content=\"SABOTORE - certSIGN\" \/>\n<meta property=\"og:description\" content=\"\u00cen proiectul SABOTORE am construit un dispozitiv hardware dedicat care s\u0103 ofer\u0103 un canal de comunicare sigur i\u0302ntre un dispozitiv de tip USB s\u0326i mediul protejat TEE.\" \/>\n<meta property=\"og:url\" content=\"https:\/\/www.certsign.ro\/ro\/sabotore\/\" \/>\n<meta property=\"og:site_name\" content=\"certSIGN\" \/>\n<meta property=\"article:modified_time\" content=\"2021-05-10T14:18:44+00:00\" \/>\n<meta name=\"twitter:card\" content=\"summary_large_image\" \/>\n<meta name=\"twitter:label1\" content=\"Timp estimat pentru citire\" \/>\n\t<meta name=\"twitter:data1\" content=\"2 minute\" \/>\n<script type=\"application\/ld+json\" class=\"yoast-schema-graph\">{\"@context\":\"https:\/\/schema.org\",\"@graph\":[{\"@type\":\"WebPage\",\"@id\":\"https:\/\/www.certsign.ro\/ro\/sabotore\/\",\"url\":\"https:\/\/www.certsign.ro\/ro\/sabotore\/\",\"name\":\"SABOTORE - certSIGN\",\"isPartOf\":{\"@id\":\"https:\/\/www.certsign.ro\/ro\/#website\"},\"datePublished\":\"2021-05-10T10:35:03+00:00\",\"dateModified\":\"2021-05-10T14:18:44+00:00\",\"description\":\"\u00cen proiectul SABOTORE am construit un dispozitiv hardware dedicat care s\u0103 ofer\u0103 un canal de comunicare sigur i\u0302ntre un dispozitiv de tip USB s\u0326i mediul protejat TEE.\",\"breadcrumb\":{\"@id\":\"https:\/\/www.certsign.ro\/ro\/sabotore\/#breadcrumb\"},\"inLanguage\":\"ro-RO\",\"potentialAction\":[{\"@type\":\"ReadAction\",\"target\":[\"https:\/\/www.certsign.ro\/ro\/sabotore\/\"]}]},{\"@type\":\"BreadcrumbList\",\"@id\":\"https:\/\/www.certsign.ro\/ro\/sabotore\/#breadcrumb\",\"itemListElement\":[{\"@type\":\"ListItem\",\"position\":1,\"name\":\"Acas\u0103\",\"item\":\"https:\/\/www.certsign.ro\/ro\/\"},{\"@type\":\"ListItem\",\"position\":2,\"name\":\"SABOTORE\"}]},{\"@type\":\"WebSite\",\"@id\":\"https:\/\/www.certsign.ro\/ro\/#website\",\"url\":\"https:\/\/www.certsign.ro\/ro\/\",\"name\":\"certSIGN\",\"description\":\"Prestator de servicii de \u00eencredere calificat\",\"publisher\":{\"@id\":\"https:\/\/www.certsign.ro\/ro\/#organization\"},\"potentialAction\":[{\"@type\":\"SearchAction\",\"target\":{\"@type\":\"EntryPoint\",\"urlTemplate\":\"https:\/\/www.certsign.ro\/ro\/?s={search_term_string}\"},\"query-input\":{\"@type\":\"PropertyValueSpecification\",\"valueRequired\":true,\"valueName\":\"search_term_string\"}}],\"inLanguage\":\"ro-RO\"},{\"@type\":\"Organization\",\"@id\":\"https:\/\/www.certsign.ro\/ro\/#organization\",\"name\":\"certSIGN\",\"url\":\"https:\/\/www.certsign.ro\/ro\/\",\"logo\":{\"@type\":\"ImageObject\",\"inLanguage\":\"ro-RO\",\"@id\":\"https:\/\/www.certsign.ro\/ro\/#\/schema\/logo\/image\/\",\"url\":\"https:\/\/www.certsign.ro\/wp-content\/uploads\/2024\/02\/certsign-email-template-logo.png\",\"contentUrl\":\"https:\/\/www.certsign.ro\/wp-content\/uploads\/2024\/02\/certsign-email-template-logo.png\",\"width\":317,\"height\":66,\"caption\":\"certSIGN\"},\"image\":{\"@id\":\"https:\/\/www.certsign.ro\/ro\/#\/schema\/logo\/image\/\"}}]}<\/script>\n<!-- \/ Yoast SEO plugin. -->","yoast_head_json":{"title":"SABOTORE - certSIGN","description":"\u00cen proiectul SABOTORE am construit un dispozitiv hardware dedicat care s\u0103 ofer\u0103 un canal de comunicare sigur i\u0302ntre un dispozitiv de tip USB s\u0326i mediul protejat TEE.","robots":{"index":"index","follow":"follow","max-snippet":"max-snippet:-1","max-image-preview":"max-image-preview:large","max-video-preview":"max-video-preview:-1"},"canonical":"https:\/\/www.certsign.ro\/ro\/sabotore\/","og_locale":"ro_RO","og_type":"article","og_title":"SABOTORE - certSIGN","og_description":"\u00cen proiectul SABOTORE am construit un dispozitiv hardware dedicat care s\u0103 ofer\u0103 un canal de comunicare sigur i\u0302ntre un dispozitiv de tip USB s\u0326i mediul protejat TEE.","og_url":"https:\/\/www.certsign.ro\/ro\/sabotore\/","og_site_name":"certSIGN","article_modified_time":"2021-05-10T14:18:44+00:00","twitter_card":"summary_large_image","twitter_misc":{"Timp estimat pentru citire":"2 minute"},"schema":{"@context":"https:\/\/schema.org","@graph":[{"@type":"WebPage","@id":"https:\/\/www.certsign.ro\/ro\/sabotore\/","url":"https:\/\/www.certsign.ro\/ro\/sabotore\/","name":"SABOTORE - certSIGN","isPartOf":{"@id":"https:\/\/www.certsign.ro\/ro\/#website"},"datePublished":"2021-05-10T10:35:03+00:00","dateModified":"2021-05-10T14:18:44+00:00","description":"\u00cen proiectul SABOTORE am construit un dispozitiv hardware dedicat care s\u0103 ofer\u0103 un canal de comunicare sigur i\u0302ntre un dispozitiv de tip USB s\u0326i mediul protejat TEE.","breadcrumb":{"@id":"https:\/\/www.certsign.ro\/ro\/sabotore\/#breadcrumb"},"inLanguage":"ro-RO","potentialAction":[{"@type":"ReadAction","target":["https:\/\/www.certsign.ro\/ro\/sabotore\/"]}]},{"@type":"BreadcrumbList","@id":"https:\/\/www.certsign.ro\/ro\/sabotore\/#breadcrumb","itemListElement":[{"@type":"ListItem","position":1,"name":"Acas\u0103","item":"https:\/\/www.certsign.ro\/ro\/"},{"@type":"ListItem","position":2,"name":"SABOTORE"}]},{"@type":"WebSite","@id":"https:\/\/www.certsign.ro\/ro\/#website","url":"https:\/\/www.certsign.ro\/ro\/","name":"certSIGN","description":"Prestator de servicii de \u00eencredere calificat","publisher":{"@id":"https:\/\/www.certsign.ro\/ro\/#organization"},"potentialAction":[{"@type":"SearchAction","target":{"@type":"EntryPoint","urlTemplate":"https:\/\/www.certsign.ro\/ro\/?s={search_term_string}"},"query-input":{"@type":"PropertyValueSpecification","valueRequired":true,"valueName":"search_term_string"}}],"inLanguage":"ro-RO"},{"@type":"Organization","@id":"https:\/\/www.certsign.ro\/ro\/#organization","name":"certSIGN","url":"https:\/\/www.certsign.ro\/ro\/","logo":{"@type":"ImageObject","inLanguage":"ro-RO","@id":"https:\/\/www.certsign.ro\/ro\/#\/schema\/logo\/image\/","url":"https:\/\/www.certsign.ro\/wp-content\/uploads\/2024\/02\/certsign-email-template-logo.png","contentUrl":"https:\/\/www.certsign.ro\/wp-content\/uploads\/2024\/02\/certsign-email-template-logo.png","width":317,"height":66,"caption":"certSIGN"},"image":{"@id":"https:\/\/www.certsign.ro\/ro\/#\/schema\/logo\/image\/"}}]}},"_links":{"self":[{"href":"https:\/\/www.certsign.ro\/ro\/wp-json\/wp\/v2\/pages\/24816","targetHints":{"allow":["GET"]}}],"collection":[{"href":"https:\/\/www.certsign.ro\/ro\/wp-json\/wp\/v2\/pages"}],"about":[{"href":"https:\/\/www.certsign.ro\/ro\/wp-json\/wp\/v2\/types\/page"}],"author":[{"embeddable":true,"href":"https:\/\/www.certsign.ro\/ro\/wp-json\/wp\/v2\/users\/8"}],"replies":[{"embeddable":true,"href":"https:\/\/www.certsign.ro\/ro\/wp-json\/wp\/v2\/comments?post=24816"}],"version-history":[{"count":0,"href":"https:\/\/www.certsign.ro\/ro\/wp-json\/wp\/v2\/pages\/24816\/revisions"}],"wp:attachment":[{"href":"https:\/\/www.certsign.ro\/ro\/wp-json\/wp\/v2\/media?parent=24816"}],"curies":[{"name":"wp","href":"https:\/\/api.w.org\/{rel}","templated":true}]}}