{"id":32779,"date":"2023-12-15T07:56:03","date_gmt":"2023-12-15T07:56:03","guid":{"rendered":"https:\/\/www.certsign.ro\/?page_id=32779"},"modified":"2024-04-15T08:27:02","modified_gmt":"2024-04-15T08:27:02","slug":"utilizarea-certificatului-de-semnatura-electronica-in-platforma-sistemul-informatic-integrat-vamal-siiv","status":"publish","type":"page","link":"https:\/\/www.certsign.ro\/ro\/suport\/utilizarea-certificatului-de-semnatura-electronica-in-platforma-sistemul-informatic-integrat-vamal-siiv\/","title":{"rendered":"Utilizarea certificatului de semn\u0103tur\u0103 electronic\u0103 \u00een platforma Sistemul Informatic Integrat Vamal (SIIV)"},"content":{"rendered":"<!DOCTYPE html PUBLIC \"-\/\/W3C\/\/DTD HTML 4.0 Transitional\/\/EN\" \"http:\/\/www.w3.org\/TR\/REC-html40\/loose.dtd\">\n<html><body><h2 style=\"display:none !important\">Utilizarea certificatului de semn&#259;tur&#259; electronic&#259; &icirc;n platforma Sistemul Informatic Integrat Vamal (SIIV)<\/h2><h1 style=\"display:none !important\">Utilizarea certificatului de semn&#259;tur&#259; electronic&#259; &icirc;n platforma Sistemul Informatic Integrat Vamal (SIIV)- certSIGN<\/h1><div data-elementor-type=\"wp-page\" data-elementor-id=\"32779\" class=\"elementor elementor-32779\" data-elementor-post-type=\"page\" id=\"main-page-content\"> <section class=\"elementor-section elementor-top-section elementor-element elementor-element-5ca2dc5 elementor-section-boxed elementor-section-height-default elementor-section-height-default\" data-id=\"5ca2dc5\" data-element_type=\"section\" data-e-type=\"section\" data-settings='{\"background_background\":\"gradient\"}'> <div class=\"elementor-container elementor-column-gap-default\"> <div class=\"elementor-column elementor-col-100 elementor-top-column elementor-element elementor-element-da9f19d\" data-id=\"da9f19d\" data-element_type=\"column\" data-e-type=\"column\" data-settings='{\"background_background\":\"classic\"}'> <div class=\"elementor-widget-wrap elementor-element-populated\"> <div class=\"elementor-background-overlay\"><\/div> <section class=\"elementor-section elementor-inner-section elementor-element elementor-element-ca42a4b elementor-section-height-min-height elementor-section-content-middle elementor-section-boxed elementor-section-height-default\" data-id=\"ca42a4b\" data-element_type=\"section\" data-e-type=\"section\"> <div class=\"elementor-container elementor-column-gap-default\"> <div class=\"elementor-column elementor-col-100 elementor-inner-column elementor-element elementor-element-dd5fc2c\" data-id=\"dd5fc2c\" data-element_type=\"column\" data-e-type=\"column\"> <div class=\"elementor-widget-wrap elementor-element-populated\"> <div class=\"elementor-element elementor-element-ec871f5 elementor-align-left elementor-widget__width-inherit elementor-absolute elementor-tablet-align-center elementor-mobile-align-center elementor-widget-tablet__width-inherit elementor-widget elementor-widget-breadcrumbs\" data-id=\"ec871f5\" data-element_type=\"widget\" data-e-type=\"widget\" data-settings='{\"_position\":\"absolute\"}' data-widget_type=\"breadcrumbs.default\"> <div class=\"elementor-widget-container\"> <nav id=\"breadcrumbs\"><span><span><a href=\"https:\/\/www.certsign.ro\/ro\/\">Acas&#259;<\/a><\/span><\/span><\/nav> <\/div> <\/div> <div class=\"elementor-element elementor-element-aea260c elementor-widget elementor-widget-heading\" data-id=\"aea260c\" data-element_type=\"widget\" data-e-type=\"widget\" data-widget_type=\"heading.default\"> <div class=\"elementor-widget-container\"> <h2 class=\"elementor-heading-title elementor-size-default\">Utilizarea certificatului de semn&#259;tur&#259; electronic&#259; &icirc;n platforma Sistemul Informatic Integrat Vamal (SIIV)<\/h2> <\/div> <\/div> <\/div> <\/div> <\/div> <\/section> <\/div> <\/div> <\/div> <\/section> <section class=\"elementor-section elementor-top-section elementor-element elementor-element-89fade2 elementor-section-boxed elementor-section-height-default elementor-section-height-default\" data-id=\"89fade2\" data-element_type=\"section\" data-e-type=\"section\"> <div class=\"elementor-container elementor-column-gap-default\"> <div class=\"elementor-column elementor-col-100 elementor-top-column elementor-element elementor-element-bf31e54\" data-id=\"bf31e54\" data-element_type=\"column\" data-e-type=\"column\"> <div class=\"elementor-widget-wrap elementor-element-populated\"> <div class=\"elementor-element elementor-element-c4d499e elementor-widget elementor-widget-heading\" data-id=\"c4d499e\" data-element_type=\"widget\" data-e-type=\"widget\" data-widget_type=\"heading.default\"> <div class=\"elementor-widget-container\"> <h3 class=\"elementor-heading-title elementor-size-default\">Platforma Sistemul Informatic Integrat Vamal (SIIV)<\/h3> <\/div> <\/div> <section class=\"elementor-section elementor-inner-section elementor-element elementor-element-fce24e2 elementor-section-boxed elementor-section-height-default elementor-section-height-default\" data-id=\"fce24e2\" data-element_type=\"section\" data-e-type=\"section\"> <div class=\"elementor-container elementor-column-gap-default\"> <div class=\"elementor-column elementor-col-100 elementor-inner-column elementor-element elementor-element-62ed436\" data-id=\"62ed436\" data-element_type=\"column\" data-e-type=\"column\"> <div class=\"elementor-widget-wrap elementor-element-populated\"> <div class=\"elementor-element elementor-element-6bfe5f6 elementor-widget elementor-widget-text-editor\" data-id=\"6bfe5f6\" data-element_type=\"widget\" data-e-type=\"widget\" data-widget_type=\"text-editor.default\"> <div class=\"elementor-widget-container\"> <p>Certificatul digital calificat de semn&#259;tur&#259; electronic&#259; pe token sau &icirc;n cloud poate fi utilizat &#351;i &icirc;n platforma Sistemul Informatic Integrat Vamal (SIIV) la sec&#539;iunile AES &#537;i NCTS5 RO UMG Trader.<\/p><p>Pentru acces &icirc;n Sistemul Informatic Integrat Vamal (SIIV) la sec&#539;iunile AES &#537;i NCTS5 RO UMG Trader Produc&#539;ie trebuie s&#259; &icirc;nc&#259;rca&#539;i &icirc;n platforma UMG Trader, &icirc;ntr-unul dintre formatele .cer\/.der\/.crt, certificatul dvs. calificat &#537;i certificatul intermediar al autorit&#259;&#539;ii care v-a emis certificatul.<\/p> <\/div> <\/div> <div class=\"elementor-element elementor-element-932fac5 elementor-widget elementor-widget-image\" data-id=\"932fac5\" data-element_type=\"widget\" data-e-type=\"widget\" data-widget_type=\"image.default\"> <div class=\"elementor-widget-container\"> <img fetchpriority=\"high\" decoding=\"async\" width=\"623\" height=\"198\" src=\"https:\/\/www.certsign.ro\/wp-content\/uploads\/2023\/12\/Insert-suport-SIIV.png\" class=\"attachment-full size-full wp-image-32781\" alt=\"\" srcset=\"https:\/\/www.certsign.ro\/wp-content\/uploads\/2023\/12\/Insert-suport-SIIV.png 623w, https:\/\/www.certsign.ro\/wp-content\/uploads\/2023\/12\/Insert-suport-SIIV-400x127.png 400w, https:\/\/www.certsign.ro\/wp-content\/uploads\/2023\/12\/Insert-suport-SIIV-150x48.png 150w\" sizes=\"(max-width: 623px) 100vw, 623px\"> <\/div> <\/div> <div class=\"elementor-element elementor-element-cf05529 elementor-widget elementor-widget-text-editor\" data-id=\"cf05529\" data-element_type=\"widget\" data-e-type=\"widget\" data-widget_type=\"text-editor.default\"> <div class=\"elementor-widget-container\"> <p>Pentru ob&#539;inerea certificatului dumneavoastr&#259; calificat &icirc;ntr-unul din formatele solicitate, conecta&#539;i tokenul\/deschide&#539;i aplica&#539;ia Paperless vToken &#537;i urma&#539;i pa&#537;ii de <a href=\"https:\/\/www.certsign.ro\/ro\/suport\/exportarea-certificatului-digital-in-format-cer\/\"><strong>aici<\/strong><\/a>.<\/p><p><strong>&Icirc;n cazul &icirc;n care nu ave&#539;i tokenul\/aplica&#539;ia Paperless vToken la dispozi&#539;ie<\/strong>, pentru desc&#259;rcarea certificatului calificat &icirc;ntr-unul dintre formatele cerute, accesa&#539;i link-ul <a href=\"https:\/\/registru.certsign.ro\/cgi-bin\/pubra\/pubra\/get_cert\" target=\"_blank\" rel=\"noopener\">https:\/\/registru.certsign.ro\/cgi-bin\/pubra\/pubra\/get_cert<\/a>, introduce&#539;i datele din certificatul calificat (nume &#537;i prenume complet sau adresa de email), identifica&#539;i certificatul cu care dori&#539;i s&#259; v&#259; &icirc;nregistra&#539;i &#537;i ap&#259;sa&#539;i butonul &bdquo;Descarc&#259; DER&rdquo;.<\/p><p>Certificatul calificat se va desc&#259;rca &icirc;n mod automat &icirc;n <strong>format .crt<\/strong>.<\/p><p><strong>Pentru desc&#259;rcarea certificatului autorit&#259;&#539;ii intermediare certSIGN<\/strong> accesa&#539;i unul dintre link-urile:<\/p><ul><li><a href=\"https:\/\/crl.certsign.ro\/certsign-qualifiedca.crt\" target=\"_blank\" rel=\"noopener\">https:\/\/crl.certsign.ro\/certsign-qualifiedca.crt<\/a> &ndash; pentru certificate emise p&acirc;n&#259; &icirc;n 31.01.2024<\/li><li><a href=\"https:\/\/crl.certsign.ro\/certsign-qualifiedca2023rsa.crt\" target=\"_blank\" rel=\"noopener\">https:\/\/crl.certsign.ro\/certsign-qualifiedca2023rsa.crt<\/a> &ndash; pentru certificate emise dup&#259; 01.02.2024<\/li><\/ul><p>Certificatul intermediar se va desc&#259;rca &icirc;n mod automat &icirc;n <strong>format .crt<\/strong>.<\/p> <\/div> <\/div> <\/div> <\/div> <\/div> <\/section> <\/div> <\/div> <\/div> <\/section> <\/div> <\/body><\/html>\n","protected":false},"excerpt":{"rendered":"<p>Utilizarea certificatului de semn&#259;tur&#259; electronic&#259; &icirc;n platforma Sistemul Informatic Integrat Vamal (SIIV) Utilizarea certificatului de semn&#259;tur&#259; electronic&#259; &icirc;n platforma Sistemul Informatic Integrat Vamal (SIIV)- certSIGN Utilizarea certificatului de semn&#259;tur&#259; electronic&#259; &icirc;n platforma Sistemul Informatic Integrat Vamal (SIIV) Platforma Sistemul Informatic Integrat Vamal (SIIV) Certificatul digital calificat de semn&#259;tur&#259; electronic&#259; pe token sau &icirc;n cloud poate [&hellip;]<\/p>\n","protected":false},"author":8,"featured_media":23557,"parent":117584,"menu_order":0,"comment_status":"closed","ping_status":"closed","template":"elementor_header_footer","meta":{"_acf_changed":false,"inline_featured_image":false,"footnotes":""},"class_list":["post-32779","page","type-page","status-publish","hentry"],"acf":[],"yoast_head":"<!-- This site is optimized with the Yoast SEO plugin v27.2 - https:\/\/yoast.com\/product\/yoast-seo-wordpress\/ -->\n<title>Utilizarea certificatului de semn\u0103tur\u0103 electronic\u0103 \u00een platforma Sistemul Informatic Integrat Vamal (SIIV) - certSIGN<\/title>\n<meta name=\"description\" content=\"Utilizarea certificatului de semn\u0103tur\u0103 electronic\u0103 \u00een platforma Sistemul Informatic Integrat Vamal (SIIV)\" \/>\n<meta name=\"robots\" content=\"index, follow, max-snippet:-1, max-image-preview:large, max-video-preview:-1\" \/>\n<link rel=\"canonical\" href=\"https:\/\/www.certsign.ro\/ro\/suport\/utilizarea-certificatului-de-semnatura-electronica-in-platforma-sistemul-informatic-integrat-vamal-siiv\/\" \/>\n<meta property=\"og:locale\" content=\"ro_RO\" \/>\n<meta property=\"og:type\" content=\"article\" \/>\n<meta property=\"og:title\" content=\"Utilizarea certificatului de semn\u0103tur\u0103 electronic\u0103 \u00een platforma Sistemul Informatic Integrat Vamal (SIIV) - certSIGN\" \/>\n<meta property=\"og:description\" content=\"Utilizarea certificatului de semn\u0103tur\u0103 electronic\u0103 \u00een platforma Sistemul Informatic Integrat Vamal (SIIV)\" \/>\n<meta property=\"og:url\" content=\"https:\/\/www.certsign.ro\/ro\/suport\/utilizarea-certificatului-de-semnatura-electronica-in-platforma-sistemul-informatic-integrat-vamal-siiv\/\" \/>\n<meta property=\"og:site_name\" content=\"certSIGN\" \/>\n<meta property=\"article:modified_time\" content=\"2024-04-15T08:27:02+00:00\" \/>\n<meta property=\"og:image\" content=\"https:\/\/www.certsign.ro\/wp-content\/uploads\/2021\/04\/Suport-institutii-publice_header.jpg\" \/>\n\t<meta property=\"og:image:width\" content=\"1391\" \/>\n\t<meta property=\"og:image:height\" content=\"375\" \/>\n\t<meta property=\"og:image:type\" content=\"image\/jpeg\" \/>\n<meta name=\"twitter:card\" content=\"summary_large_image\" \/>\n<meta name=\"twitter:label1\" content=\"Timp estimat pentru citire\" \/>\n\t<meta name=\"twitter:data1\" content=\"2 minute\" \/>\n<script type=\"application\/ld+json\" class=\"yoast-schema-graph\">{\"@context\":\"https:\/\/schema.org\",\"@graph\":[{\"@type\":\"WebPage\",\"@id\":\"https:\/\/www.certsign.ro\/ro\/suport\/utilizarea-certificatului-de-semnatura-electronica-in-platforma-sistemul-informatic-integrat-vamal-siiv\/\",\"url\":\"https:\/\/www.certsign.ro\/ro\/suport\/utilizarea-certificatului-de-semnatura-electronica-in-platforma-sistemul-informatic-integrat-vamal-siiv\/\",\"name\":\"Utilizarea certificatului de semn\u0103tur\u0103 electronic\u0103 \u00een platforma Sistemul Informatic Integrat Vamal (SIIV) - certSIGN\",\"isPartOf\":{\"@id\":\"https:\/\/www.certsign.ro\/ro\/#website\"},\"primaryImageOfPage\":{\"@id\":\"https:\/\/www.certsign.ro\/ro\/suport\/utilizarea-certificatului-de-semnatura-electronica-in-platforma-sistemul-informatic-integrat-vamal-siiv\/#primaryimage\"},\"image\":{\"@id\":\"https:\/\/www.certsign.ro\/ro\/suport\/utilizarea-certificatului-de-semnatura-electronica-in-platforma-sistemul-informatic-integrat-vamal-siiv\/#primaryimage\"},\"thumbnailUrl\":\"https:\/\/www.certsign.ro\/wp-content\/uploads\/2023\/12\/Insert-suport-SIIV.png\",\"datePublished\":\"2023-12-15T07:56:03+00:00\",\"dateModified\":\"2024-04-15T08:27:02+00:00\",\"description\":\"Utilizarea certificatului de semn\u0103tur\u0103 electronic\u0103 \u00een platforma Sistemul Informatic Integrat Vamal (SIIV)\",\"breadcrumb\":{\"@id\":\"https:\/\/www.certsign.ro\/ro\/suport\/utilizarea-certificatului-de-semnatura-electronica-in-platforma-sistemul-informatic-integrat-vamal-siiv\/#breadcrumb\"},\"inLanguage\":\"ro-RO\",\"potentialAction\":[{\"@type\":\"ReadAction\",\"target\":[\"https:\/\/www.certsign.ro\/ro\/suport\/utilizarea-certificatului-de-semnatura-electronica-in-platforma-sistemul-informatic-integrat-vamal-siiv\/\"]}]},{\"@type\":\"ImageObject\",\"inLanguage\":\"ro-RO\",\"@id\":\"https:\/\/www.certsign.ro\/ro\/suport\/utilizarea-certificatului-de-semnatura-electronica-in-platforma-sistemul-informatic-integrat-vamal-siiv\/#primaryimage\",\"url\":\"https:\/\/www.certsign.ro\/wp-content\/uploads\/2023\/12\/Insert-suport-SIIV.png\",\"contentUrl\":\"https:\/\/www.certsign.ro\/wp-content\/uploads\/2023\/12\/Insert-suport-SIIV.png\"},{\"@type\":\"BreadcrumbList\",\"@id\":\"https:\/\/www.certsign.ro\/ro\/suport\/utilizarea-certificatului-de-semnatura-electronica-in-platforma-sistemul-informatic-integrat-vamal-siiv\/#breadcrumb\",\"itemListElement\":[{\"@type\":\"ListItem\",\"position\":1,\"name\":\"Acas\u0103\",\"item\":\"https:\/\/www.certsign.ro\/ro\/\"},{\"@type\":\"ListItem\",\"position\":2,\"name\":\"Suport\",\"item\":\"https:\/\/www.certsign.ro\/ro\/suport\/\"},{\"@type\":\"ListItem\",\"position\":3,\"name\":\"Utilizarea certificatului de semn\u0103tur\u0103 electronic\u0103 \u00een platforma Sistemul Informatic Integrat Vamal (SIIV)\"}]},{\"@type\":\"WebSite\",\"@id\":\"https:\/\/www.certsign.ro\/ro\/#website\",\"url\":\"https:\/\/www.certsign.ro\/ro\/\",\"name\":\"certSIGN\",\"description\":\"Prestator de servicii de \u00eencredere calificat\",\"publisher\":{\"@id\":\"https:\/\/www.certsign.ro\/ro\/#organization\"},\"potentialAction\":[{\"@type\":\"SearchAction\",\"target\":{\"@type\":\"EntryPoint\",\"urlTemplate\":\"https:\/\/www.certsign.ro\/ro\/?s={search_term_string}\"},\"query-input\":{\"@type\":\"PropertyValueSpecification\",\"valueRequired\":true,\"valueName\":\"search_term_string\"}}],\"inLanguage\":\"ro-RO\"},{\"@type\":\"Organization\",\"@id\":\"https:\/\/www.certsign.ro\/ro\/#organization\",\"name\":\"certSIGN\",\"url\":\"https:\/\/www.certsign.ro\/ro\/\",\"logo\":{\"@type\":\"ImageObject\",\"inLanguage\":\"ro-RO\",\"@id\":\"https:\/\/www.certsign.ro\/ro\/#\/schema\/logo\/image\/\",\"url\":\"https:\/\/www.certsign.ro\/wp-content\/uploads\/2024\/02\/certsign-email-template-logo.png\",\"contentUrl\":\"https:\/\/www.certsign.ro\/wp-content\/uploads\/2024\/02\/certsign-email-template-logo.png\",\"width\":317,\"height\":66,\"caption\":\"certSIGN\"},\"image\":{\"@id\":\"https:\/\/www.certsign.ro\/ro\/#\/schema\/logo\/image\/\"}}]}<\/script>\n<!-- \/ Yoast SEO plugin. -->","yoast_head_json":{"title":"Utilizarea certificatului de semn\u0103tur\u0103 electronic\u0103 \u00een platforma Sistemul Informatic Integrat Vamal (SIIV) - certSIGN","description":"Utilizarea certificatului de semn\u0103tur\u0103 electronic\u0103 \u00een platforma Sistemul Informatic Integrat Vamal (SIIV)","robots":{"index":"index","follow":"follow","max-snippet":"max-snippet:-1","max-image-preview":"max-image-preview:large","max-video-preview":"max-video-preview:-1"},"canonical":"https:\/\/www.certsign.ro\/ro\/suport\/utilizarea-certificatului-de-semnatura-electronica-in-platforma-sistemul-informatic-integrat-vamal-siiv\/","og_locale":"ro_RO","og_type":"article","og_title":"Utilizarea certificatului de semn\u0103tur\u0103 electronic\u0103 \u00een platforma Sistemul Informatic Integrat Vamal (SIIV) - certSIGN","og_description":"Utilizarea certificatului de semn\u0103tur\u0103 electronic\u0103 \u00een platforma Sistemul Informatic Integrat Vamal (SIIV)","og_url":"https:\/\/www.certsign.ro\/ro\/suport\/utilizarea-certificatului-de-semnatura-electronica-in-platforma-sistemul-informatic-integrat-vamal-siiv\/","og_site_name":"certSIGN","article_modified_time":"2024-04-15T08:27:02+00:00","og_image":[{"width":1391,"height":375,"url":"https:\/\/www.certsign.ro\/wp-content\/uploads\/2021\/04\/Suport-institutii-publice_header.jpg","type":"image\/jpeg"}],"twitter_card":"summary_large_image","twitter_misc":{"Timp estimat pentru citire":"2 minute"},"schema":{"@context":"https:\/\/schema.org","@graph":[{"@type":"WebPage","@id":"https:\/\/www.certsign.ro\/ro\/suport\/utilizarea-certificatului-de-semnatura-electronica-in-platforma-sistemul-informatic-integrat-vamal-siiv\/","url":"https:\/\/www.certsign.ro\/ro\/suport\/utilizarea-certificatului-de-semnatura-electronica-in-platforma-sistemul-informatic-integrat-vamal-siiv\/","name":"Utilizarea certificatului de semn\u0103tur\u0103 electronic\u0103 \u00een platforma Sistemul Informatic Integrat Vamal (SIIV) - certSIGN","isPartOf":{"@id":"https:\/\/www.certsign.ro\/ro\/#website"},"primaryImageOfPage":{"@id":"https:\/\/www.certsign.ro\/ro\/suport\/utilizarea-certificatului-de-semnatura-electronica-in-platforma-sistemul-informatic-integrat-vamal-siiv\/#primaryimage"},"image":{"@id":"https:\/\/www.certsign.ro\/ro\/suport\/utilizarea-certificatului-de-semnatura-electronica-in-platforma-sistemul-informatic-integrat-vamal-siiv\/#primaryimage"},"thumbnailUrl":"https:\/\/www.certsign.ro\/wp-content\/uploads\/2023\/12\/Insert-suport-SIIV.png","datePublished":"2023-12-15T07:56:03+00:00","dateModified":"2024-04-15T08:27:02+00:00","description":"Utilizarea certificatului de semn\u0103tur\u0103 electronic\u0103 \u00een platforma Sistemul Informatic Integrat Vamal (SIIV)","breadcrumb":{"@id":"https:\/\/www.certsign.ro\/ro\/suport\/utilizarea-certificatului-de-semnatura-electronica-in-platforma-sistemul-informatic-integrat-vamal-siiv\/#breadcrumb"},"inLanguage":"ro-RO","potentialAction":[{"@type":"ReadAction","target":["https:\/\/www.certsign.ro\/ro\/suport\/utilizarea-certificatului-de-semnatura-electronica-in-platforma-sistemul-informatic-integrat-vamal-siiv\/"]}]},{"@type":"ImageObject","inLanguage":"ro-RO","@id":"https:\/\/www.certsign.ro\/ro\/suport\/utilizarea-certificatului-de-semnatura-electronica-in-platforma-sistemul-informatic-integrat-vamal-siiv\/#primaryimage","url":"https:\/\/www.certsign.ro\/wp-content\/uploads\/2023\/12\/Insert-suport-SIIV.png","contentUrl":"https:\/\/www.certsign.ro\/wp-content\/uploads\/2023\/12\/Insert-suport-SIIV.png"},{"@type":"BreadcrumbList","@id":"https:\/\/www.certsign.ro\/ro\/suport\/utilizarea-certificatului-de-semnatura-electronica-in-platforma-sistemul-informatic-integrat-vamal-siiv\/#breadcrumb","itemListElement":[{"@type":"ListItem","position":1,"name":"Acas\u0103","item":"https:\/\/www.certsign.ro\/ro\/"},{"@type":"ListItem","position":2,"name":"Suport","item":"https:\/\/www.certsign.ro\/ro\/suport\/"},{"@type":"ListItem","position":3,"name":"Utilizarea certificatului de semn\u0103tur\u0103 electronic\u0103 \u00een platforma Sistemul Informatic Integrat Vamal (SIIV)"}]},{"@type":"WebSite","@id":"https:\/\/www.certsign.ro\/ro\/#website","url":"https:\/\/www.certsign.ro\/ro\/","name":"certSIGN","description":"Prestator de servicii de \u00eencredere calificat","publisher":{"@id":"https:\/\/www.certsign.ro\/ro\/#organization"},"potentialAction":[{"@type":"SearchAction","target":{"@type":"EntryPoint","urlTemplate":"https:\/\/www.certsign.ro\/ro\/?s={search_term_string}"},"query-input":{"@type":"PropertyValueSpecification","valueRequired":true,"valueName":"search_term_string"}}],"inLanguage":"ro-RO"},{"@type":"Organization","@id":"https:\/\/www.certsign.ro\/ro\/#organization","name":"certSIGN","url":"https:\/\/www.certsign.ro\/ro\/","logo":{"@type":"ImageObject","inLanguage":"ro-RO","@id":"https:\/\/www.certsign.ro\/ro\/#\/schema\/logo\/image\/","url":"https:\/\/www.certsign.ro\/wp-content\/uploads\/2024\/02\/certsign-email-template-logo.png","contentUrl":"https:\/\/www.certsign.ro\/wp-content\/uploads\/2024\/02\/certsign-email-template-logo.png","width":317,"height":66,"caption":"certSIGN"},"image":{"@id":"https:\/\/www.certsign.ro\/ro\/#\/schema\/logo\/image\/"}}]}},"_links":{"self":[{"href":"https:\/\/www.certsign.ro\/ro\/wp-json\/wp\/v2\/pages\/32779","targetHints":{"allow":["GET"]}}],"collection":[{"href":"https:\/\/www.certsign.ro\/ro\/wp-json\/wp\/v2\/pages"}],"about":[{"href":"https:\/\/www.certsign.ro\/ro\/wp-json\/wp\/v2\/types\/page"}],"author":[{"embeddable":true,"href":"https:\/\/www.certsign.ro\/ro\/wp-json\/wp\/v2\/users\/8"}],"replies":[{"embeddable":true,"href":"https:\/\/www.certsign.ro\/ro\/wp-json\/wp\/v2\/comments?post=32779"}],"version-history":[{"count":10,"href":"https:\/\/www.certsign.ro\/ro\/wp-json\/wp\/v2\/pages\/32779\/revisions"}],"predecessor-version":[{"id":75384,"href":"https:\/\/www.certsign.ro\/ro\/wp-json\/wp\/v2\/pages\/32779\/revisions\/75384"}],"up":[{"embeddable":true,"href":"https:\/\/www.certsign.ro\/ro\/wp-json\/wp\/v2\/pages\/117584"}],"wp:featuredmedia":[{"embeddable":true,"href":"https:\/\/www.certsign.ro\/ro\/wp-json\/wp\/v2\/media\/23557"}],"wp:attachment":[{"href":"https:\/\/www.certsign.ro\/ro\/wp-json\/wp\/v2\/media?parent=32779"}],"curies":[{"name":"wp","href":"https:\/\/api.w.org\/{rel}","templated":true}]}}